{"id":3505,"date":"2024-01-18T12:39:52","date_gmt":"2024-01-18T15:39:52","guid":{"rendered":"https:\/\/www.medideal.com.br\/?post_type=product&#038;p=3505"},"modified":"2025-01-03T16:15:18","modified_gmt":"2025-01-03T19:15:18","slug":"riohex-02-degermante-1000ml-rioquimica","status":"publish","type":"product","link":"https:\/\/www.medideal.com.br\/en\/riohex-02-degermante-1000ml-rioquimica\/","title":{"rendered":"Riohex 0,2% Degermante 1000ml &#8211; Rioqu\u00edmica"},"content":{"rendered":"<p>O\u00a0<strong>Riohex 2%<\/strong>\u00a0\u00e9 uma solu\u00e7\u00e3o degermante indicado como antiss\u00e9ptico t\u00f3pico, muito utilizado na antissepsia da pele no pr\u00e9-operat\u00f3rio.Sua f\u00f3rmula cont\u00e9m Digliconato de Clorexidina 2% (agente antimicrobiano potente)\u00a0com\u00a0tensoativos.<\/p>\n<h3><strong>Caracter\u00edsticas<\/strong><\/h3>\n<p>\u00c9 not\u00e1vel pela sua efic\u00e1cia para matar uma vasta gama de bact\u00e9rias, incluindo as bact\u00e9rias gram-positivas e gram-negativas (as duas maiores classes de bact\u00e9rias). Tamb\u00e9m \u00e9 um agente eficaz como antif\u00fangico e antiesporos.O digluconato de clorexidina \u00e9 um agente antimicrobiano n\u00e3o s\u00f3lido e n\u00e3o sol\u00favel em \u00e1gua composto de carbono, hidrog\u00eanio, cloro, nitrog\u00eanio e oxig\u00eanio.<\/p>\n<h3><strong>Indica\u00e7\u00e3o<\/strong><\/h3>\n<ul>\n<li>Indicado para antissepsia da pele no pr\u00e9-operat\u00f3rio e tamb\u00e9m em alguns pequenos procedimentos invasivos como substituto a solu\u00e7\u00f5es contendo Iodo.<\/li>\n<li>A Clorexidina tamb\u00e9m \u00e9 considerada a melhor e mais eficaz solu\u00e7\u00e3o para sanitizar e desinfetar equipamentos, utens\u00edlios, superf\u00edcies, ambientes e tamb\u00e9m \u00e9 utilizado na limpeza CIP.<\/li>\n<\/ul>\n<h3><strong>Composi\u00e7\u00e3o<\/strong><\/h3>\n<ul>\n<li>Digliconato de Clorexidina 2% com tensoativos.<\/li>\n<\/ul>\n<p>&nbsp;<\/p>","protected":false},"excerpt":{"rendered":"<p>O digliconato de clorexidina 0,5% RIOQU\u00cdMICA \u00e9 um antiss\u00e9ptico t\u00f3pico. Tem como indica\u00e7\u00e3o processos de antissepsia de pele antes de procedimentos invasivos (como inser\u00e7\u00e3o de cateteres) e antissepsia do campo operat\u00f3rio ap\u00f3s degerma\u00e7\u00e3o, e para realiza\u00e7\u00e3o de curativo de local de inser\u00e7\u00e3o de cateteres vasculares.<\/p>","protected":false},"featured_media":3506,"comment_status":"open","ping_status":"closed","template":"","meta":{"_joinchat":[]},"product_brand":[],"product_cat":[26],"product_tag":[],"class_list":{"0":"post-3505","1":"product","2":"type-product","3":"status-publish","4":"has-post-thumbnail","6":"product_cat-curativos","8":"first","9":"outofstock","10":"shipping-taxable","11":"purchasable","12":"product-type-simple"},"_links":{"self":[{"href":"https:\/\/www.medideal.com.br\/en\/wp-json\/wp\/v2\/product\/3505","targetHints":{"allow":["GET"]}}],"collection":[{"href":"https:\/\/www.medideal.com.br\/en\/wp-json\/wp\/v2\/product"}],"about":[{"href":"https:\/\/www.medideal.com.br\/en\/wp-json\/wp\/v2\/types\/product"}],"replies":[{"embeddable":true,"href":"https:\/\/www.medideal.com.br\/en\/wp-json\/wp\/v2\/comments?post=3505"}],"wp:featuredmedia":[{"embeddable":true,"href":"https:\/\/www.medideal.com.br\/en\/wp-json\/wp\/v2\/media\/3506"}],"wp:attachment":[{"href":"https:\/\/www.medideal.com.br\/en\/wp-json\/wp\/v2\/media?parent=3505"}],"wp:term":[{"taxonomy":"product_brand","embeddable":true,"href":"https:\/\/www.medideal.com.br\/en\/wp-json\/wp\/v2\/product_brand?post=3505"},{"taxonomy":"product_cat","embeddable":true,"href":"https:\/\/www.medideal.com.br\/en\/wp-json\/wp\/v2\/product_cat?post=3505"},{"taxonomy":"product_tag","embeddable":true,"href":"https:\/\/www.medideal.com.br\/en\/wp-json\/wp\/v2\/product_tag?post=3505"}],"curies":[{"name":"wp","href":"https:\/\/api.w.org\/{rel}","templated":true}]}}