{"id":3430,"date":"2023-12-18T16:49:27","date_gmt":"2023-12-18T19:49:27","guid":{"rendered":"https:\/\/www.medideal.com.br\/?post_type=product&#038;p=3430"},"modified":"2026-01-15T13:00:38","modified_gmt":"2026-01-15T16:00:38","slug":"almofada-distal-silicone-tm453-tima","status":"publish","type":"product","link":"https:\/\/www.medideal.com.br\/en\/almofada-distal-silicone-tm453-tima\/","title":{"rendered":"Almofada Distal Silicone TM453 &#8211; Tima"},"content":{"rendered":"<p>Indica\u00e7\u00e3o: Almofada (apoio) que protege e elimina a press\u00e3o e o atrito exercido sobre o coto em amputados.<\/p>\n<p>Grade: 1 \/ 2 \/ 3 \/ 4<\/p>\n<div>TAMANHO 1 : DIAMETRO 70 MM X 20 MM<\/div>\n<div>TAMANHO 2 : DIAMETRO 80 MM X 30 MM<\/div>\n<div>TAMANHO 3 : DIAMETRO 90 MM X 20 MM<\/div>\n<div>TAMANHO 4 : DIAMETRO 10 MM X 30 MM<\/div>","protected":false},"excerpt":{"rendered":"<p>Indica\u00e7\u00e3o: Almofada (apoio) que protege e elimina a press\u00e3o e o atrito exercido sobre o coto em amputados.<\/p>","protected":false},"featured_media":3435,"comment_status":"open","ping_status":"closed","template":"","meta":{"_joinchat":[]},"product_brand":[],"product_cat":[25],"product_tag":[],"class_list":{"0":"post-3430","1":"product","2":"type-product","3":"status-publish","4":"has-post-thumbnail","6":"product_cat-ortopedia","8":"first","9":"outofstock","10":"shipping-taxable","11":"purchasable","12":"product-type-variable"},"_links":{"self":[{"href":"https:\/\/www.medideal.com.br\/en\/wp-json\/wp\/v2\/product\/3430","targetHints":{"allow":["GET"]}}],"collection":[{"href":"https:\/\/www.medideal.com.br\/en\/wp-json\/wp\/v2\/product"}],"about":[{"href":"https:\/\/www.medideal.com.br\/en\/wp-json\/wp\/v2\/types\/product"}],"replies":[{"embeddable":true,"href":"https:\/\/www.medideal.com.br\/en\/wp-json\/wp\/v2\/comments?post=3430"}],"wp:featuredmedia":[{"embeddable":true,"href":"https:\/\/www.medideal.com.br\/en\/wp-json\/wp\/v2\/media\/3435"}],"wp:attachment":[{"href":"https:\/\/www.medideal.com.br\/en\/wp-json\/wp\/v2\/media?parent=3430"}],"wp:term":[{"taxonomy":"product_brand","embeddable":true,"href":"https:\/\/www.medideal.com.br\/en\/wp-json\/wp\/v2\/product_brand?post=3430"},{"taxonomy":"product_cat","embeddable":true,"href":"https:\/\/www.medideal.com.br\/en\/wp-json\/wp\/v2\/product_cat?post=3430"},{"taxonomy":"product_tag","embeddable":true,"href":"https:\/\/www.medideal.com.br\/en\/wp-json\/wp\/v2\/product_tag?post=3430"}],"curies":[{"name":"wp","href":"https:\/\/api.w.org\/{rel}","templated":true}]}}