{"id":3423,"date":"2023-12-18T16:32:30","date_gmt":"2023-12-18T19:32:30","guid":{"rendered":"https:\/\/www.medideal.com.br\/?post_type=product&#038;p=3423"},"modified":"2025-01-03T16:15:20","modified_gmt":"2025-01-03T19:15:20","slug":"separador-carretel-gel-para-joanete-tm465-tima","status":"publish","type":"product","link":"https:\/\/www.medideal.com.br\/en\/separador-carretel-gel-para-joanete-tm465-tima\/","title":{"rendered":"Separador Carretel Gel para Joanete TM465 &#8211; Tima"},"content":{"rendered":"<p>Indica\u00e7\u00e3o: Uso diurno. Separa os dedos tortos, impedindo a progress\u00e3o da deformidade. Macio e confort\u00e1vel.<\/p>\n<p>Grade: P; M; G. (par)<\/p>","protected":false},"excerpt":{"rendered":"<p>Indica\u00e7\u00e3o: Uso diurno. Separa os dedos tortos, impedindo a progress\u00e3o da deformidade. Macio e confort\u00e1vel.<\/p>","protected":false},"featured_media":3427,"comment_status":"open","ping_status":"closed","template":"","meta":{"_joinchat":[]},"product_brand":[],"product_cat":[25],"product_tag":[],"class_list":{"0":"post-3423","1":"product","2":"type-product","3":"status-publish","4":"has-post-thumbnail","6":"product_cat-ortopedia","8":"first","9":"outofstock","10":"shipping-taxable","11":"purchasable","12":"product-type-variable"},"_links":{"self":[{"href":"https:\/\/www.medideal.com.br\/en\/wp-json\/wp\/v2\/product\/3423","targetHints":{"allow":["GET"]}}],"collection":[{"href":"https:\/\/www.medideal.com.br\/en\/wp-json\/wp\/v2\/product"}],"about":[{"href":"https:\/\/www.medideal.com.br\/en\/wp-json\/wp\/v2\/types\/product"}],"replies":[{"embeddable":true,"href":"https:\/\/www.medideal.com.br\/en\/wp-json\/wp\/v2\/comments?post=3423"}],"wp:featuredmedia":[{"embeddable":true,"href":"https:\/\/www.medideal.com.br\/en\/wp-json\/wp\/v2\/media\/3427"}],"wp:attachment":[{"href":"https:\/\/www.medideal.com.br\/en\/wp-json\/wp\/v2\/media?parent=3423"}],"wp:term":[{"taxonomy":"product_brand","embeddable":true,"href":"https:\/\/www.medideal.com.br\/en\/wp-json\/wp\/v2\/product_brand?post=3423"},{"taxonomy":"product_cat","embeddable":true,"href":"https:\/\/www.medideal.com.br\/en\/wp-json\/wp\/v2\/product_cat?post=3423"},{"taxonomy":"product_tag","embeddable":true,"href":"https:\/\/www.medideal.com.br\/en\/wp-json\/wp\/v2\/product_tag?post=3423"}],"curies":[{"name":"wp","href":"https:\/\/api.w.org\/{rel}","templated":true}]}}