{"id":3400,"date":"2023-12-18T16:16:21","date_gmt":"2023-12-18T19:16:21","guid":{"rendered":"https:\/\/www.medideal.com.br\/?post_type=product&#038;p=3400"},"modified":"2025-01-03T16:15:20","modified_gmt":"2025-01-03T19:15:20","slug":"palmilha-com-arco-brando-tm429-tima","status":"publish","type":"product","link":"https:\/\/www.medideal.com.br\/en\/palmilha-com-arco-brando-tm429-tima\/","title":{"rendered":"Palmilha com Arco Brando TM429 &#8211; Tima"},"content":{"rendered":"<p>Indica\u00e7\u00e3o: Prote\u00e7\u00e3o, descanso e conforto dos p\u00e9s com apoio do arco longitudinal para p\u00e9s chatos e outras afec\u00e7\u00f5es. Amortece o impacto na marcha.<\/p>\n<p>Grade: 33; 34; 35\/36; 37; 38; 39; 40; 41; 42; 43\/44. (par)<\/p>","protected":false},"excerpt":{"rendered":"<p>Indica\u00e7\u00e3o: Prote\u00e7\u00e3o, descanso e conforto dos p\u00e9s com apoio do arco longitudinal para p\u00e9s chatos e outras afec\u00e7\u00f5es. Amortece o impacto na marcha.<\/p>\n<p>&nbsp;<\/p>","protected":false},"featured_media":3413,"comment_status":"open","ping_status":"closed","template":"","meta":{"_joinchat":[]},"product_brand":[],"product_cat":[25],"product_tag":[],"class_list":{"0":"post-3400","1":"product","2":"type-product","3":"status-publish","4":"has-post-thumbnail","6":"product_cat-ortopedia","8":"first","9":"instock","10":"shipping-taxable","11":"purchasable","12":"product-type-variable"},"_links":{"self":[{"href":"https:\/\/www.medideal.com.br\/en\/wp-json\/wp\/v2\/product\/3400","targetHints":{"allow":["GET"]}}],"collection":[{"href":"https:\/\/www.medideal.com.br\/en\/wp-json\/wp\/v2\/product"}],"about":[{"href":"https:\/\/www.medideal.com.br\/en\/wp-json\/wp\/v2\/types\/product"}],"replies":[{"embeddable":true,"href":"https:\/\/www.medideal.com.br\/en\/wp-json\/wp\/v2\/comments?post=3400"}],"wp:featuredmedia":[{"embeddable":true,"href":"https:\/\/www.medideal.com.br\/en\/wp-json\/wp\/v2\/media\/3413"}],"wp:attachment":[{"href":"https:\/\/www.medideal.com.br\/en\/wp-json\/wp\/v2\/media?parent=3400"}],"wp:term":[{"taxonomy":"product_brand","embeddable":true,"href":"https:\/\/www.medideal.com.br\/en\/wp-json\/wp\/v2\/product_brand?post=3400"},{"taxonomy":"product_cat","embeddable":true,"href":"https:\/\/www.medideal.com.br\/en\/wp-json\/wp\/v2\/product_cat?post=3400"},{"taxonomy":"product_tag","embeddable":true,"href":"https:\/\/www.medideal.com.br\/en\/wp-json\/wp\/v2\/product_tag?post=3400"}],"curies":[{"name":"wp","href":"https:\/\/api.w.org\/{rel}","templated":true}]}}