{"id":3390,"date":"2023-12-18T16:00:35","date_gmt":"2023-12-18T19:00:35","guid":{"rendered":"https:\/\/www.medideal.com.br\/?post_type=product&#038;p=3390"},"modified":"2025-01-03T16:15:20","modified_gmt":"2025-01-03T19:15:20","slug":"meia-malha-com-gel-para-protecao-do-coto-tm486-tima","status":"publish","type":"product","link":"https:\/\/www.medideal.com.br\/en\/meia-malha-com-gel-para-protecao-do-coto-tm486-tima\/","title":{"rendered":"Meia Malha com Gel para Prote\u00e7\u00e3o do Coto TM486 &#8211; Tima"},"content":{"rendered":"<p>Indica\u00e7\u00e3o: Confort\u00e1vel, reduz a press\u00e3o e o atrito na pele causados pela utiliza\u00e7\u00e3o de \u00f3rteses e pr\u00f3teses protegendo o coto do surgimento de feridas. Evita o ressecamento da pele por falta de hidrata\u00e7\u00e3o.<\/p>\n<p>Grade: P, M, G, GG (pe\u00e7a)<\/p>","protected":false},"excerpt":{"rendered":"<p>Indica\u00e7\u00e3o: Confort\u00e1vel, reduz a press\u00e3o e o atrito na pele causados pela utiliza\u00e7\u00e3o de \u00f3rteses e pr\u00f3teses protegendo o coto do surgimento de feridas. Evita o ressecamento da pele por falta de hidrata\u00e7\u00e3o.<\/p>","protected":false},"featured_media":3397,"comment_status":"closed","ping_status":"closed","template":"","meta":{"_joinchat":[]},"product_brand":[],"product_cat":[25],"product_tag":[],"class_list":{"0":"post-3390","1":"product","2":"type-product","3":"status-publish","4":"has-post-thumbnail","6":"product_cat-ortopedia","8":"first","9":"instock","10":"shipping-taxable","11":"purchasable","12":"product-type-variable"},"_links":{"self":[{"href":"https:\/\/www.medideal.com.br\/en\/wp-json\/wp\/v2\/product\/3390","targetHints":{"allow":["GET"]}}],"collection":[{"href":"https:\/\/www.medideal.com.br\/en\/wp-json\/wp\/v2\/product"}],"about":[{"href":"https:\/\/www.medideal.com.br\/en\/wp-json\/wp\/v2\/types\/product"}],"replies":[{"embeddable":true,"href":"https:\/\/www.medideal.com.br\/en\/wp-json\/wp\/v2\/comments?post=3390"}],"wp:featuredmedia":[{"embeddable":true,"href":"https:\/\/www.medideal.com.br\/en\/wp-json\/wp\/v2\/media\/3397"}],"wp:attachment":[{"href":"https:\/\/www.medideal.com.br\/en\/wp-json\/wp\/v2\/media?parent=3390"}],"wp:term":[{"taxonomy":"product_brand","embeddable":true,"href":"https:\/\/www.medideal.com.br\/en\/wp-json\/wp\/v2\/product_brand?post=3390"},{"taxonomy":"product_cat","embeddable":true,"href":"https:\/\/www.medideal.com.br\/en\/wp-json\/wp\/v2\/product_cat?post=3390"},{"taxonomy":"product_tag","embeddable":true,"href":"https:\/\/www.medideal.com.br\/en\/wp-json\/wp\/v2\/product_tag?post=3390"}],"curies":[{"name":"wp","href":"https:\/\/api.w.org\/{rel}","templated":true}]}}