{"id":3384,"date":"2023-12-18T15:53:28","date_gmt":"2023-12-18T18:53:28","guid":{"rendered":"https:\/\/www.medideal.com.br\/?post_type=product&#038;p=3384"},"modified":"2025-01-03T16:15:20","modified_gmt":"2025-01-03T19:15:20","slug":"calcanheira-um-ponto-esporao-tm485c-tima","status":"publish","type":"product","link":"https:\/\/www.medideal.com.br\/en\/calcanheira-um-ponto-esporao-tm485c-tima\/","title":{"rendered":"Calcanheira Um Ponto Espor\u00e3o TM485C &#8211; Tima"},"content":{"rendered":"<p>Indica\u00e7\u00e3o: Prote\u00e7\u00e3o e conforto na pr\u00e1tica de esportes que necessitam de absor\u00e7\u00e3o do impacto na regi\u00e3o do calcanhar, espor\u00e3o de calc\u00e2neo e demais afec\u00e7\u00f5es. Abas baixas e almofada macia para espor\u00e3o.<\/p>\n<p>Grade: P; M; G. (par)<\/p>","protected":false},"excerpt":{"rendered":"<p>Indica\u00e7\u00e3o: Prote\u00e7\u00e3o e conforto na pr\u00e1tica de esportes que necessitam de absor\u00e7\u00e3o do impacto na regi\u00e3o do calcanhar, espor\u00e3o de calc\u00e2neo e demais afec\u00e7\u00f5es. Abas baixas e almofada macia para espor\u00e3o.<\/p>\n<p>&nbsp;<\/p>","protected":false},"featured_media":3388,"comment_status":"open","ping_status":"closed","template":"","meta":{"_joinchat":[]},"product_brand":[],"product_cat":[25],"product_tag":[],"class_list":{"0":"post-3384","1":"product","2":"type-product","3":"status-publish","4":"has-post-thumbnail","6":"product_cat-ortopedia","8":"first","9":"instock","10":"shipping-taxable","11":"purchasable","12":"product-type-variable"},"_links":{"self":[{"href":"https:\/\/www.medideal.com.br\/en\/wp-json\/wp\/v2\/product\/3384","targetHints":{"allow":["GET"]}}],"collection":[{"href":"https:\/\/www.medideal.com.br\/en\/wp-json\/wp\/v2\/product"}],"about":[{"href":"https:\/\/www.medideal.com.br\/en\/wp-json\/wp\/v2\/types\/product"}],"replies":[{"embeddable":true,"href":"https:\/\/www.medideal.com.br\/en\/wp-json\/wp\/v2\/comments?post=3384"}],"wp:featuredmedia":[{"embeddable":true,"href":"https:\/\/www.medideal.com.br\/en\/wp-json\/wp\/v2\/media\/3388"}],"wp:attachment":[{"href":"https:\/\/www.medideal.com.br\/en\/wp-json\/wp\/v2\/media?parent=3384"}],"wp:term":[{"taxonomy":"product_brand","embeddable":true,"href":"https:\/\/www.medideal.com.br\/en\/wp-json\/wp\/v2\/product_brand?post=3384"},{"taxonomy":"product_cat","embeddable":true,"href":"https:\/\/www.medideal.com.br\/en\/wp-json\/wp\/v2\/product_cat?post=3384"},{"taxonomy":"product_tag","embeddable":true,"href":"https:\/\/www.medideal.com.br\/en\/wp-json\/wp\/v2\/product_tag?post=3384"}],"curies":[{"name":"wp","href":"https:\/\/api.w.org\/{rel}","templated":true}]}}