{"id":3379,"date":"2023-12-18T15:49:45","date_gmt":"2023-12-18T18:49:45","guid":{"rendered":"https:\/\/www.medideal.com.br\/?post_type=product&#038;p=3379"},"modified":"2025-01-03T16:15:20","modified_gmt":"2025-01-03T19:15:20","slug":"almofada-plantar-em-silicone-tm444-tima","status":"publish","type":"product","link":"https:\/\/www.medideal.com.br\/en\/almofada-plantar-em-silicone-tm444-tima\/","title":{"rendered":"Almofada Plantar em Silicone TM444 &#8211; Tima"},"content":{"rendered":"<p>Indica\u00e7\u00e3o: Apoio plantar para prote\u00e7\u00e3o, conforto e al\u00edvio das dores causadas pelo uso de salto alto e para calosidades na cabe\u00e7a dos metatarsos.<\/p>\n<p>Grade: P; M; G. (par)<\/p>","protected":false},"excerpt":{"rendered":"<p>Indica\u00e7\u00e3o: Apoio plantar para prote\u00e7\u00e3o, conforto e al\u00edvio das dores causadas pelo uso de salto alto e para calosidades na cabe\u00e7a dos metatarsos.<\/p>","protected":false},"featured_media":3383,"comment_status":"closed","ping_status":"closed","template":"","meta":{"_joinchat":[]},"product_brand":[],"product_cat":[25],"product_tag":[],"class_list":{"0":"post-3379","1":"product","2":"type-product","3":"status-publish","4":"has-post-thumbnail","6":"product_cat-ortopedia","8":"first","9":"instock","10":"shipping-taxable","11":"purchasable","12":"product-type-variable"},"_links":{"self":[{"href":"https:\/\/www.medideal.com.br\/en\/wp-json\/wp\/v2\/product\/3379","targetHints":{"allow":["GET"]}}],"collection":[{"href":"https:\/\/www.medideal.com.br\/en\/wp-json\/wp\/v2\/product"}],"about":[{"href":"https:\/\/www.medideal.com.br\/en\/wp-json\/wp\/v2\/types\/product"}],"replies":[{"embeddable":true,"href":"https:\/\/www.medideal.com.br\/en\/wp-json\/wp\/v2\/comments?post=3379"}],"wp:featuredmedia":[{"embeddable":true,"href":"https:\/\/www.medideal.com.br\/en\/wp-json\/wp\/v2\/media\/3383"}],"wp:attachment":[{"href":"https:\/\/www.medideal.com.br\/en\/wp-json\/wp\/v2\/media?parent=3379"}],"wp:term":[{"taxonomy":"product_brand","embeddable":true,"href":"https:\/\/www.medideal.com.br\/en\/wp-json\/wp\/v2\/product_brand?post=3379"},{"taxonomy":"product_cat","embeddable":true,"href":"https:\/\/www.medideal.com.br\/en\/wp-json\/wp\/v2\/product_cat?post=3379"},{"taxonomy":"product_tag","embeddable":true,"href":"https:\/\/www.medideal.com.br\/en\/wp-json\/wp\/v2\/product_tag?post=3379"}],"curies":[{"name":"wp","href":"https:\/\/api.w.org\/{rel}","templated":true}]}}