{"id":3373,"date":"2023-12-18T16:28:02","date_gmt":"2023-12-18T19:28:02","guid":{"rendered":"https:\/\/www.medideal.com.br\/?post_type=product&#038;p=3373"},"modified":"2025-01-03T16:15:20","modified_gmt":"2025-01-03T19:15:20","slug":"tudo-recortavel-em-silicone-tm432-tima","status":"publish","type":"product","link":"https:\/\/www.medideal.com.br\/en\/tudo-recortavel-em-silicone-tm432-tima\/","title":{"rendered":"Tudo Recort\u00e1vel em Silicone TM432 &#8211; Tima"},"content":{"rendered":"<p>Indica\u00e7\u00e3o: Para confec\u00e7\u00e3o de an\u00e9is digitais. Previne a calosidade, aliviando o desconforto provocado pela press\u00e3o e atrito do cal\u00e7ado.<\/p>\n<p>Grade: P; M; G<\/p>","protected":false},"excerpt":{"rendered":"<p>Indica\u00e7\u00e3o: Para confec\u00e7\u00e3o de an\u00e9is digitais. Previne a calosidade, aliviando o desconforto provocado pela press\u00e3o e atrito do cal\u00e7ado.<\/p>","protected":false},"featured_media":3422,"comment_status":"open","ping_status":"closed","template":"","meta":{"_joinchat":[]},"product_brand":[],"product_cat":[25],"product_tag":[],"class_list":{"0":"post-3373","1":"product","2":"type-product","3":"status-publish","4":"has-post-thumbnail","6":"product_cat-ortopedia","8":"first","9":"instock","10":"shipping-taxable","11":"purchasable","12":"product-type-variable"},"_links":{"self":[{"href":"https:\/\/www.medideal.com.br\/en\/wp-json\/wp\/v2\/product\/3373","targetHints":{"allow":["GET"]}}],"collection":[{"href":"https:\/\/www.medideal.com.br\/en\/wp-json\/wp\/v2\/product"}],"about":[{"href":"https:\/\/www.medideal.com.br\/en\/wp-json\/wp\/v2\/types\/product"}],"replies":[{"embeddable":true,"href":"https:\/\/www.medideal.com.br\/en\/wp-json\/wp\/v2\/comments?post=3373"}],"wp:featuredmedia":[{"embeddable":true,"href":"https:\/\/www.medideal.com.br\/en\/wp-json\/wp\/v2\/media\/3422"}],"wp:attachment":[{"href":"https:\/\/www.medideal.com.br\/en\/wp-json\/wp\/v2\/media?parent=3373"}],"wp:term":[{"taxonomy":"product_brand","embeddable":true,"href":"https:\/\/www.medideal.com.br\/en\/wp-json\/wp\/v2\/product_brand?post=3373"},{"taxonomy":"product_cat","embeddable":true,"href":"https:\/\/www.medideal.com.br\/en\/wp-json\/wp\/v2\/product_cat?post=3373"},{"taxonomy":"product_tag","embeddable":true,"href":"https:\/\/www.medideal.com.br\/en\/wp-json\/wp\/v2\/product_tag?post=3373"}],"curies":[{"name":"wp","href":"https:\/\/api.w.org\/{rel}","templated":true}]}}