{"id":3351,"date":"2023-12-18T14:35:39","date_gmt":"2023-12-18T17:35:39","guid":{"rendered":"https:\/\/www.medideal.com.br\/?post_type=product&#038;p=3351"},"modified":"2025-01-03T16:16:22","modified_gmt":"2025-01-03T19:16:22","slug":"bolinha-espuma-tima","status":"publish","type":"product","link":"https:\/\/www.medideal.com.br\/en\/bolinha-espuma-tima\/","title":{"rendered":"Bolinha Espuma &#8211; Tima"},"content":{"rendered":"<p>Indica\u00e7\u00e3o: Fisioterapia, reabilita\u00e7\u00e3o, terapia ocupacional, relaxamento e\u00a0\u00a0 fortalecimento da musculatura das m\u00e3os e punhos.<\/p>\n<p>Cores sortidas.<\/p>\n<p>Grade: \u00danico. (pe\u00e7a)<\/p>","protected":false},"excerpt":{"rendered":"<p>Indica\u00e7\u00e3o: Fisioterapia, reabilita\u00e7\u00e3o, terapia ocupacional, relaxamento e\u00a0\u00a0 fortalecimento da musculatura das m\u00e3os e punhos.<\/p>","protected":false},"featured_media":3353,"comment_status":"closed","ping_status":"closed","template":"","meta":{"_joinchat":[]},"product_brand":[],"product_cat":[25],"product_tag":[],"class_list":{"0":"post-3351","1":"product","2":"type-product","3":"status-publish","4":"has-post-thumbnail","6":"product_cat-ortopedia","8":"first","9":"outofstock","10":"shipping-taxable","11":"purchasable","12":"product-type-simple"},"_links":{"self":[{"href":"https:\/\/www.medideal.com.br\/en\/wp-json\/wp\/v2\/product\/3351","targetHints":{"allow":["GET"]}}],"collection":[{"href":"https:\/\/www.medideal.com.br\/en\/wp-json\/wp\/v2\/product"}],"about":[{"href":"https:\/\/www.medideal.com.br\/en\/wp-json\/wp\/v2\/types\/product"}],"replies":[{"embeddable":true,"href":"https:\/\/www.medideal.com.br\/en\/wp-json\/wp\/v2\/comments?post=3351"}],"wp:featuredmedia":[{"embeddable":true,"href":"https:\/\/www.medideal.com.br\/en\/wp-json\/wp\/v2\/media\/3353"}],"wp:attachment":[{"href":"https:\/\/www.medideal.com.br\/en\/wp-json\/wp\/v2\/media?parent=3351"}],"wp:term":[{"taxonomy":"product_brand","embeddable":true,"href":"https:\/\/www.medideal.com.br\/en\/wp-json\/wp\/v2\/product_brand?post=3351"},{"taxonomy":"product_cat","embeddable":true,"href":"https:\/\/www.medideal.com.br\/en\/wp-json\/wp\/v2\/product_cat?post=3351"},{"taxonomy":"product_tag","embeddable":true,"href":"https:\/\/www.medideal.com.br\/en\/wp-json\/wp\/v2\/product_tag?post=3351"}],"curies":[{"name":"wp","href":"https:\/\/api.w.org\/{rel}","templated":true}]}}