{"id":3343,"date":"2023-12-18T12:17:30","date_gmt":"2023-12-18T15:17:30","guid":{"rendered":"https:\/\/www.medideal.com.br\/?post_type=product&#038;p=3343"},"modified":"2025-01-03T16:16:22","modified_gmt":"2025-01-03T19:16:22","slug":"protetor-umbilical-anatomico-tm601a-tima","status":"publish","type":"product","link":"https:\/\/www.medideal.com.br\/en\/protetor-umbilical-anatomico-tm601a-tima\/","title":{"rendered":"Protetor Umbilical Anat\u00f4mico TM601A &#8211; Tima"},"content":{"rendered":"<div class=\"woocommerce-product-details__short-description\">\n<p>Indica\u00e7\u00e3o: Uso p\u00f3s-operat\u00f3rio conforme prescri\u00e7\u00e3o m\u00e9dica.<\/p>\n<p>Grade: \u00danico<\/p>\n<\/div>","protected":false},"excerpt":{"rendered":"<p>Indica\u00e7\u00e3o: Uso p\u00f3s-operat\u00f3rio conforme prescri\u00e7\u00e3o m\u00e9dica.<\/p>","protected":false},"featured_media":3344,"comment_status":"open","ping_status":"closed","template":"","meta":{"_joinchat":[]},"product_brand":[],"product_cat":[25],"product_tag":[],"class_list":{"0":"post-3343","1":"product","2":"type-product","3":"status-publish","4":"has-post-thumbnail","6":"product_cat-ortopedia","8":"first","9":"outofstock","10":"shipping-taxable","11":"purchasable","12":"product-type-simple"},"_links":{"self":[{"href":"https:\/\/www.medideal.com.br\/en\/wp-json\/wp\/v2\/product\/3343","targetHints":{"allow":["GET"]}}],"collection":[{"href":"https:\/\/www.medideal.com.br\/en\/wp-json\/wp\/v2\/product"}],"about":[{"href":"https:\/\/www.medideal.com.br\/en\/wp-json\/wp\/v2\/types\/product"}],"replies":[{"embeddable":true,"href":"https:\/\/www.medideal.com.br\/en\/wp-json\/wp\/v2\/comments?post=3343"}],"wp:featuredmedia":[{"embeddable":true,"href":"https:\/\/www.medideal.com.br\/en\/wp-json\/wp\/v2\/media\/3344"}],"wp:attachment":[{"href":"https:\/\/www.medideal.com.br\/en\/wp-json\/wp\/v2\/media?parent=3343"}],"wp:term":[{"taxonomy":"product_brand","embeddable":true,"href":"https:\/\/www.medideal.com.br\/en\/wp-json\/wp\/v2\/product_brand?post=3343"},{"taxonomy":"product_cat","embeddable":true,"href":"https:\/\/www.medideal.com.br\/en\/wp-json\/wp\/v2\/product_cat?post=3343"},{"taxonomy":"product_tag","embeddable":true,"href":"https:\/\/www.medideal.com.br\/en\/wp-json\/wp\/v2\/product_tag?post=3343"}],"curies":[{"name":"wp","href":"https:\/\/api.w.org\/{rel}","templated":true}]}}