{"id":3341,"date":"2023-12-18T12:10:03","date_gmt":"2023-12-18T15:10:03","guid":{"rendered":"https:\/\/www.medideal.com.br\/?post_type=product&#038;p=3341"},"modified":"2025-01-03T16:16:22","modified_gmt":"2025-01-03T19:16:22","slug":"protetor-corretivo-joanete-tm604-tima","status":"publish","type":"product","link":"https:\/\/www.medideal.com.br\/en\/protetor-corretivo-joanete-tm604-tima\/","title":{"rendered":"Protetor Corretivo Joanete TM604 &#8211; Tima"},"content":{"rendered":"<p>Indica\u00e7\u00e3o: Prote\u00e7\u00e3o e conforto. Alivia o atrito e a press\u00e3o sobre o joanete causados durante o uso de cal\u00e7ados. Separa os dedos tortos e\/ou sobrepostos impedindo a progress\u00e3o da deformidade.<\/p>\n<p>Grade: \u00danico \u2013 Bilateral<\/p>","protected":false},"excerpt":{"rendered":"<p>Indica\u00e7\u00e3o: Prote\u00e7\u00e3o e conforto. Alivia o atrito e a press\u00e3o sobre o joanete causados durante o uso de cal\u00e7ados. Separa os dedos tortos e\/ou sobrepostos impedindo a progress\u00e3o da deformidade.<\/p>","protected":false},"featured_media":3342,"comment_status":"open","ping_status":"closed","template":"","meta":{"_joinchat":[]},"product_brand":[],"product_cat":[25],"product_tag":[],"class_list":{"0":"post-3341","1":"product","2":"type-product","3":"status-publish","4":"has-post-thumbnail","6":"product_cat-ortopedia","8":"first","9":"outofstock","10":"shipping-taxable","11":"purchasable","12":"product-type-simple"},"_links":{"self":[{"href":"https:\/\/www.medideal.com.br\/en\/wp-json\/wp\/v2\/product\/3341","targetHints":{"allow":["GET"]}}],"collection":[{"href":"https:\/\/www.medideal.com.br\/en\/wp-json\/wp\/v2\/product"}],"about":[{"href":"https:\/\/www.medideal.com.br\/en\/wp-json\/wp\/v2\/types\/product"}],"replies":[{"embeddable":true,"href":"https:\/\/www.medideal.com.br\/en\/wp-json\/wp\/v2\/comments?post=3341"}],"wp:featuredmedia":[{"embeddable":true,"href":"https:\/\/www.medideal.com.br\/en\/wp-json\/wp\/v2\/media\/3342"}],"wp:attachment":[{"href":"https:\/\/www.medideal.com.br\/en\/wp-json\/wp\/v2\/media?parent=3341"}],"wp:term":[{"taxonomy":"product_brand","embeddable":true,"href":"https:\/\/www.medideal.com.br\/en\/wp-json\/wp\/v2\/product_brand?post=3341"},{"taxonomy":"product_cat","embeddable":true,"href":"https:\/\/www.medideal.com.br\/en\/wp-json\/wp\/v2\/product_cat?post=3341"},{"taxonomy":"product_tag","embeddable":true,"href":"https:\/\/www.medideal.com.br\/en\/wp-json\/wp\/v2\/product_tag?post=3341"}],"curies":[{"name":"wp","href":"https:\/\/api.w.org\/{rel}","templated":true}]}}