{"id":3339,"date":"2023-12-18T11:57:10","date_gmt":"2023-12-18T14:57:10","guid":{"rendered":"https:\/\/www.medideal.com.br\/?post_type=product&#038;p=3339"},"modified":"2025-01-03T16:16:23","modified_gmt":"2025-01-03T19:16:23","slug":"dedeira-em-gel-tm469-tima","status":"publish","type":"product","link":"https:\/\/www.medideal.com.br\/en\/dedeira-em-gel-tm469-tima\/","title":{"rendered":"Dedeira em Gel TM469 &#8211; Tima"},"content":{"rendered":"<p>Indica\u00e7\u00e3o: Prote\u00e7\u00e3o para calos, calosidades, unhas encravadas, danificadas e outras afec\u00e7\u00f5es. Prote\u00e7\u00e3o e conforto para uso em dedos dos p\u00e9s ou m\u00e3os.<\/p>","protected":false},"excerpt":{"rendered":"<p>Indica\u00e7\u00e3o: Prote\u00e7\u00e3o para calos, calosidades, unhas encravadas, danificadas e outras afec\u00e7\u00f5es. Prote\u00e7\u00e3o e conforto para uso em dedos dos p\u00e9s ou m\u00e3os.<\/p>","protected":false},"featured_media":3340,"comment_status":"open","ping_status":"closed","template":"","meta":{"_joinchat":[]},"product_brand":[],"product_cat":[25],"product_tag":[],"class_list":{"0":"post-3339","1":"product","2":"type-product","3":"status-publish","4":"has-post-thumbnail","6":"product_cat-ortopedia","8":"first","9":"instock","10":"shipping-taxable","11":"purchasable","12":"product-type-variable"},"_links":{"self":[{"href":"https:\/\/www.medideal.com.br\/en\/wp-json\/wp\/v2\/product\/3339","targetHints":{"allow":["GET"]}}],"collection":[{"href":"https:\/\/www.medideal.com.br\/en\/wp-json\/wp\/v2\/product"}],"about":[{"href":"https:\/\/www.medideal.com.br\/en\/wp-json\/wp\/v2\/types\/product"}],"replies":[{"embeddable":true,"href":"https:\/\/www.medideal.com.br\/en\/wp-json\/wp\/v2\/comments?post=3339"}],"wp:featuredmedia":[{"embeddable":true,"href":"https:\/\/www.medideal.com.br\/en\/wp-json\/wp\/v2\/media\/3340"}],"wp:attachment":[{"href":"https:\/\/www.medideal.com.br\/en\/wp-json\/wp\/v2\/media?parent=3339"}],"wp:term":[{"taxonomy":"product_brand","embeddable":true,"href":"https:\/\/www.medideal.com.br\/en\/wp-json\/wp\/v2\/product_brand?post=3339"},{"taxonomy":"product_cat","embeddable":true,"href":"https:\/\/www.medideal.com.br\/en\/wp-json\/wp\/v2\/product_cat?post=3339"},{"taxonomy":"product_tag","embeddable":true,"href":"https:\/\/www.medideal.com.br\/en\/wp-json\/wp\/v2\/product_tag?post=3339"}],"curies":[{"name":"wp","href":"https:\/\/api.w.org\/{rel}","templated":true}]}}