{"id":3337,"date":"2023-12-18T11:50:16","date_gmt":"2023-12-18T14:50:16","guid":{"rendered":"https:\/\/www.medideal.com.br\/?post_type=product&#038;p=3337"},"modified":"2025-01-03T16:16:22","modified_gmt":"2025-01-03T19:16:22","slug":"cinta-protetora-para-joanete-tm700-tima","status":"publish","type":"product","link":"https:\/\/www.medideal.com.br\/en\/cinta-protetora-para-joanete-tm700-tima\/","title":{"rendered":"Cinta Protetora para Joanete TM700 &#8211; Tima"},"content":{"rendered":"<p>Indica\u00e7\u00e3o: Cobre, alivia e protege o joanete do atrito com o cal\u00e7ado. Confeccionado com malha el\u00e1stica que permite melhor fixa\u00e7\u00e3o e evita o deslocamento do produto ao andar. Protetor interno em gel. Maciez e conforto.<\/p>\n<p>Grade: \u00danico \u2013 Bilateral (pe\u00e7a)<\/p>","protected":false},"excerpt":{"rendered":"<p>Indica\u00e7\u00e3o: Cobre, alivia e protege o joanete do atrito com o cal\u00e7ado. Confeccionado com malha el\u00e1stica que permite melhor fixa\u00e7\u00e3o e evita o deslocamento do produto ao andar. Protetor interno em gel. Maciez e conforto.<\/p>","protected":false},"featured_media":3338,"comment_status":"open","ping_status":"closed","template":"","meta":{"_joinchat":[]},"product_brand":[],"product_cat":[25],"product_tag":[],"class_list":{"0":"post-3337","1":"product","2":"type-product","3":"status-publish","4":"has-post-thumbnail","6":"product_cat-ortopedia","8":"first","9":"outofstock","10":"shipping-taxable","11":"purchasable","12":"product-type-simple"},"_links":{"self":[{"href":"https:\/\/www.medideal.com.br\/en\/wp-json\/wp\/v2\/product\/3337","targetHints":{"allow":["GET"]}}],"collection":[{"href":"https:\/\/www.medideal.com.br\/en\/wp-json\/wp\/v2\/product"}],"about":[{"href":"https:\/\/www.medideal.com.br\/en\/wp-json\/wp\/v2\/types\/product"}],"replies":[{"embeddable":true,"href":"https:\/\/www.medideal.com.br\/en\/wp-json\/wp\/v2\/comments?post=3337"}],"wp:featuredmedia":[{"embeddable":true,"href":"https:\/\/www.medideal.com.br\/en\/wp-json\/wp\/v2\/media\/3338"}],"wp:attachment":[{"href":"https:\/\/www.medideal.com.br\/en\/wp-json\/wp\/v2\/media?parent=3337"}],"wp:term":[{"taxonomy":"product_brand","embeddable":true,"href":"https:\/\/www.medideal.com.br\/en\/wp-json\/wp\/v2\/product_brand?post=3337"},{"taxonomy":"product_cat","embeddable":true,"href":"https:\/\/www.medideal.com.br\/en\/wp-json\/wp\/v2\/product_cat?post=3337"},{"taxonomy":"product_tag","embeddable":true,"href":"https:\/\/www.medideal.com.br\/en\/wp-json\/wp\/v2\/product_tag?post=3337"}],"curies":[{"name":"wp","href":"https:\/\/api.w.org\/{rel}","templated":true}]}}