{"id":3334,"date":"2023-12-18T11:33:32","date_gmt":"2023-12-18T14:33:32","guid":{"rendered":"https:\/\/www.medideal.com.br\/?post_type=product&#038;p=3334"},"modified":"2025-01-03T16:16:22","modified_gmt":"2025-01-03T19:16:22","slug":"adesivo-protetor-para-calos-entre-dedos-tm802-tima","status":"publish","type":"product","link":"https:\/\/www.medideal.com.br\/en\/adesivo-protetor-para-calos-entre-dedos-tm802-tima\/","title":{"rendered":"Adesivo Protetor para Calos entre Dedos TM802 &#8211; Tima"},"content":{"rendered":"<p>Indica\u00e7\u00e3o: Para uso em calos interdigitais. Alivia e protege o calo evitando o atrito entre os dedos e a press\u00e3o dos cal\u00e7ados. Fabricado com feltro macio.<\/p>\n<p>Cont\u00e9m 9 unidades.<\/p>","protected":false},"excerpt":{"rendered":"<p>Indica\u00e7\u00e3o: Para uso em calos interdigitais. Alivia e protege o calo evitando o atrito entre os dedos e a press\u00e3o dos cal\u00e7ados. Fabricado com feltro macio.<\/p>","protected":false},"featured_media":3335,"comment_status":"open","ping_status":"closed","template":"","meta":{"_joinchat":[]},"product_brand":[],"product_cat":[25],"product_tag":[],"class_list":{"0":"post-3334","1":"product","2":"type-product","3":"status-publish","4":"has-post-thumbnail","6":"product_cat-ortopedia","8":"first","9":"outofstock","10":"shipping-taxable","11":"purchasable","12":"product-type-simple"},"_links":{"self":[{"href":"https:\/\/www.medideal.com.br\/en\/wp-json\/wp\/v2\/product\/3334","targetHints":{"allow":["GET"]}}],"collection":[{"href":"https:\/\/www.medideal.com.br\/en\/wp-json\/wp\/v2\/product"}],"about":[{"href":"https:\/\/www.medideal.com.br\/en\/wp-json\/wp\/v2\/types\/product"}],"replies":[{"embeddable":true,"href":"https:\/\/www.medideal.com.br\/en\/wp-json\/wp\/v2\/comments?post=3334"}],"wp:featuredmedia":[{"embeddable":true,"href":"https:\/\/www.medideal.com.br\/en\/wp-json\/wp\/v2\/media\/3335"}],"wp:attachment":[{"href":"https:\/\/www.medideal.com.br\/en\/wp-json\/wp\/v2\/media?parent=3334"}],"wp:term":[{"taxonomy":"product_brand","embeddable":true,"href":"https:\/\/www.medideal.com.br\/en\/wp-json\/wp\/v2\/product_brand?post=3334"},{"taxonomy":"product_cat","embeddable":true,"href":"https:\/\/www.medideal.com.br\/en\/wp-json\/wp\/v2\/product_cat?post=3334"},{"taxonomy":"product_tag","embeddable":true,"href":"https:\/\/www.medideal.com.br\/en\/wp-json\/wp\/v2\/product_tag?post=3334"}],"curies":[{"name":"wp","href":"https:\/\/api.w.org\/{rel}","templated":true}]}}