{"id":3313,"date":"2023-12-15T16:50:40","date_gmt":"2023-12-15T19:50:40","guid":{"rendered":"https:\/\/www.medideal.com.br\/?post_type=product&#038;p=3313"},"modified":"2025-01-03T16:16:23","modified_gmt":"2025-01-03T19:16:23","slug":"protetor-calcado-espuma-c-adesivo-tima","status":"publish","type":"product","link":"https:\/\/www.medideal.com.br\/en\/protetor-calcado-espuma-c-adesivo-tima\/","title":{"rendered":"Protetor Cal\u00e7ado Espuma C\/ Adesivo TM817D &#8211; Tima"},"content":{"rendered":"<p>Indica\u00e7\u00e3o: Colado internamente na parte de tr\u00e1s do cal\u00e7ado, promove prote\u00e7\u00e3o e conforto no tend\u00e3o de Aquiles contra o atrito, evitando desconforto e surgimento de feridas.<\/p>","protected":false},"excerpt":{"rendered":"<p>Indica\u00e7\u00e3o: Colado internamente na parte de tr\u00e1s do cal\u00e7ado, promove prote\u00e7\u00e3o e conforto no tend\u00e3o de Aquiles contra o atrito, evitando desconforto e surgimento de feridas.<\/p>","protected":false},"featured_media":3314,"comment_status":"open","ping_status":"closed","template":"","meta":{"_joinchat":[]},"product_brand":[],"product_cat":[113,25],"product_tag":[],"class_list":{"0":"post-3313","1":"product","2":"type-product","3":"status-publish","4":"has-post-thumbnail","6":"product_cat-calcados","7":"product_cat-ortopedia","9":"first","10":"outofstock","11":"shipping-taxable","12":"purchasable","13":"product-type-simple"},"_links":{"self":[{"href":"https:\/\/www.medideal.com.br\/en\/wp-json\/wp\/v2\/product\/3313","targetHints":{"allow":["GET"]}}],"collection":[{"href":"https:\/\/www.medideal.com.br\/en\/wp-json\/wp\/v2\/product"}],"about":[{"href":"https:\/\/www.medideal.com.br\/en\/wp-json\/wp\/v2\/types\/product"}],"replies":[{"embeddable":true,"href":"https:\/\/www.medideal.com.br\/en\/wp-json\/wp\/v2\/comments?post=3313"}],"wp:featuredmedia":[{"embeddable":true,"href":"https:\/\/www.medideal.com.br\/en\/wp-json\/wp\/v2\/media\/3314"}],"wp:attachment":[{"href":"https:\/\/www.medideal.com.br\/en\/wp-json\/wp\/v2\/media?parent=3313"}],"wp:term":[{"taxonomy":"product_brand","embeddable":true,"href":"https:\/\/www.medideal.com.br\/en\/wp-json\/wp\/v2\/product_brand?post=3313"},{"taxonomy":"product_cat","embeddable":true,"href":"https:\/\/www.medideal.com.br\/en\/wp-json\/wp\/v2\/product_cat?post=3313"},{"taxonomy":"product_tag","embeddable":true,"href":"https:\/\/www.medideal.com.br\/en\/wp-json\/wp\/v2\/product_tag?post=3313"}],"curies":[{"name":"wp","href":"https:\/\/api.w.org\/{rel}","templated":true}]}}