{"id":3309,"date":"2023-12-15T16:33:53","date_gmt":"2023-12-15T19:33:53","guid":{"rendered":"https:\/\/www.medideal.com.br\/?post_type=product&#038;p=3309"},"modified":"2025-01-03T16:16:23","modified_gmt":"2025-01-03T19:16:23","slug":"estribo-em-gel-dedo-unico-tima","status":"publish","type":"product","link":"https:\/\/www.medideal.com.br\/en\/estribo-em-gel-dedo-unico-tima\/","title":{"rendered":"Estribo em Gel (Dedo \u00danico) TM704 &#8211; Tima"},"content":{"rendered":"<p>Indica\u00e7\u00e3o: Apoio para dedos em garra (martelo). Utilizado embaixo do dedo a fim de que se estenda, aliviando dores ocasionadas pela deformidade e evitando o surgimento de calosidades.<\/p>","protected":false},"excerpt":{"rendered":"<p>Indica\u00e7\u00e3o: Apoio para dedos em garra (martelo). Utilizado embaixo do dedo a fim de que se estenda, aliviando dores ocasionadas pela deformidade e evitando o surgimento de calosidades.<\/p>","protected":false},"featured_media":3310,"comment_status":"open","ping_status":"closed","template":"","meta":{"_joinchat":[]},"product_brand":[],"product_cat":[25],"product_tag":[],"class_list":{"0":"post-3309","1":"product","2":"type-product","3":"status-publish","4":"has-post-thumbnail","6":"product_cat-ortopedia","8":"first","9":"outofstock","10":"shipping-taxable","11":"purchasable","12":"product-type-simple"},"_links":{"self":[{"href":"https:\/\/www.medideal.com.br\/en\/wp-json\/wp\/v2\/product\/3309","targetHints":{"allow":["GET"]}}],"collection":[{"href":"https:\/\/www.medideal.com.br\/en\/wp-json\/wp\/v2\/product"}],"about":[{"href":"https:\/\/www.medideal.com.br\/en\/wp-json\/wp\/v2\/types\/product"}],"replies":[{"embeddable":true,"href":"https:\/\/www.medideal.com.br\/en\/wp-json\/wp\/v2\/comments?post=3309"}],"wp:featuredmedia":[{"embeddable":true,"href":"https:\/\/www.medideal.com.br\/en\/wp-json\/wp\/v2\/media\/3310"}],"wp:attachment":[{"href":"https:\/\/www.medideal.com.br\/en\/wp-json\/wp\/v2\/media?parent=3309"}],"wp:term":[{"taxonomy":"product_brand","embeddable":true,"href":"https:\/\/www.medideal.com.br\/en\/wp-json\/wp\/v2\/product_brand?post=3309"},{"taxonomy":"product_cat","embeddable":true,"href":"https:\/\/www.medideal.com.br\/en\/wp-json\/wp\/v2\/product_cat?post=3309"},{"taxonomy":"product_tag","embeddable":true,"href":"https:\/\/www.medideal.com.br\/en\/wp-json\/wp\/v2\/product_tag?post=3309"}],"curies":[{"name":"wp","href":"https:\/\/api.w.org\/{rel}","templated":true}]}}