{"id":3300,"date":"2023-12-15T16:25:35","date_gmt":"2023-12-15T19:25:35","guid":{"rendered":"https:\/\/www.medideal.com.br\/?post_type=product&#038;p=3300"},"modified":"2024-01-19T15:36:59","modified_gmt":"2024-01-19T18:36:59","slug":"palmilha-compensacao-10cm-tima","status":"publish","type":"product","link":"https:\/\/www.medideal.com.br\/en\/palmilha-compensacao-10cm-tima\/","title":{"rendered":"Palmilha Compensa\u00e7\u00e3o 1,0cm TM418B &#8211; Tima"},"content":{"rendered":"<p>Indica\u00e7\u00e3o: Para compensar encurtamento dos membros inferiores (diferen\u00e7a de altura). Pr\u00e1tica e confort\u00e1vel, absorve o impacto.<\/p>","protected":false},"excerpt":{"rendered":"<p>Indica\u00e7\u00e3o: Para compensar encurtamento dos membros inferiores (diferen\u00e7a de altura). Pr\u00e1tica e confort\u00e1vel, absorve o impacto.<\/p>","protected":false},"featured_media":3301,"comment_status":"open","ping_status":"closed","template":"","meta":{"_joinchat":[]},"product_brand":[],"product_cat":[113,25],"product_tag":[],"class_list":{"0":"post-3300","1":"product","2":"type-product","3":"status-publish","4":"has-post-thumbnail","6":"product_cat-calcados","7":"product_cat-ortopedia","9":"first","10":"instock","11":"shipping-taxable","12":"purchasable","13":"product-type-simple"},"_links":{"self":[{"href":"https:\/\/www.medideal.com.br\/en\/wp-json\/wp\/v2\/product\/3300","targetHints":{"allow":["GET"]}}],"collection":[{"href":"https:\/\/www.medideal.com.br\/en\/wp-json\/wp\/v2\/product"}],"about":[{"href":"https:\/\/www.medideal.com.br\/en\/wp-json\/wp\/v2\/types\/product"}],"replies":[{"embeddable":true,"href":"https:\/\/www.medideal.com.br\/en\/wp-json\/wp\/v2\/comments?post=3300"}],"wp:featuredmedia":[{"embeddable":true,"href":"https:\/\/www.medideal.com.br\/en\/wp-json\/wp\/v2\/media\/3301"}],"wp:attachment":[{"href":"https:\/\/www.medideal.com.br\/en\/wp-json\/wp\/v2\/media?parent=3300"}],"wp:term":[{"taxonomy":"product_brand","embeddable":true,"href":"https:\/\/www.medideal.com.br\/en\/wp-json\/wp\/v2\/product_brand?post=3300"},{"taxonomy":"product_cat","embeddable":true,"href":"https:\/\/www.medideal.com.br\/en\/wp-json\/wp\/v2\/product_cat?post=3300"},{"taxonomy":"product_tag","embeddable":true,"href":"https:\/\/www.medideal.com.br\/en\/wp-json\/wp\/v2\/product_tag?post=3300"}],"curies":[{"name":"wp","href":"https:\/\/api.w.org\/{rel}","templated":true}]}}