{"id":3293,"date":"2023-12-15T16:03:38","date_gmt":"2023-12-15T19:03:38","guid":{"rendered":"https:\/\/www.medideal.com.br\/?post_type=product&#038;p=3293"},"modified":"2024-01-19T15:35:10","modified_gmt":"2024-01-19T18:35:10","slug":"apoio-meia-sola-sem-piloto-447b-tima","status":"publish","type":"product","link":"https:\/\/www.medideal.com.br\/en\/apoio-meia-sola-sem-piloto-447b-tima\/","title":{"rendered":"Apoio Meia Sola Sem Piloto 447B &#8211; Tima"},"content":{"rendered":"<p>Prote\u00e7\u00e3o contra calosidades e ulcera\u00e7\u00f5es na regi\u00e3o dos metatarsos, fasceite plantar, metatarsalgia, deformidades da artrite reumat\u00f3ide e apoio na queda do arco transverso. possui formato anat\u00f4mico para melhor acomoda\u00e7\u00e3o em seu cal\u00e7ado.<\/p>","protected":false},"excerpt":{"rendered":"<p>Prote\u00e7\u00e3o contra calosidades e ulcera\u00e7\u00f5es na regi\u00e3o dos metatarsos, fasceite plantar, metatarsalgia, deformidades da artrite reumat\u00f3ide e apoio na queda do arco transverso. possui formato anat\u00f4mico para melhor acomoda\u00e7\u00e3o em seu cal\u00e7ado.<\/p>","protected":false},"featured_media":3312,"comment_status":"open","ping_status":"closed","template":"","meta":{"_joinchat":[]},"product_brand":[],"product_cat":[113,25],"product_tag":[],"class_list":{"0":"post-3293","1":"product","2":"type-product","3":"status-publish","4":"has-post-thumbnail","6":"product_cat-calcados","7":"product_cat-ortopedia","9":"first","10":"instock","11":"shipping-taxable","12":"purchasable","13":"product-type-variable"},"_links":{"self":[{"href":"https:\/\/www.medideal.com.br\/en\/wp-json\/wp\/v2\/product\/3293","targetHints":{"allow":["GET"]}}],"collection":[{"href":"https:\/\/www.medideal.com.br\/en\/wp-json\/wp\/v2\/product"}],"about":[{"href":"https:\/\/www.medideal.com.br\/en\/wp-json\/wp\/v2\/types\/product"}],"replies":[{"embeddable":true,"href":"https:\/\/www.medideal.com.br\/en\/wp-json\/wp\/v2\/comments?post=3293"}],"wp:featuredmedia":[{"embeddable":true,"href":"https:\/\/www.medideal.com.br\/en\/wp-json\/wp\/v2\/media\/3312"}],"wp:attachment":[{"href":"https:\/\/www.medideal.com.br\/en\/wp-json\/wp\/v2\/media?parent=3293"}],"wp:term":[{"taxonomy":"product_brand","embeddable":true,"href":"https:\/\/www.medideal.com.br\/en\/wp-json\/wp\/v2\/product_brand?post=3293"},{"taxonomy":"product_cat","embeddable":true,"href":"https:\/\/www.medideal.com.br\/en\/wp-json\/wp\/v2\/product_cat?post=3293"},{"taxonomy":"product_tag","embeddable":true,"href":"https:\/\/www.medideal.com.br\/en\/wp-json\/wp\/v2\/product_tag?post=3293"}],"curies":[{"name":"wp","href":"https:\/\/api.w.org\/{rel}","templated":true}]}}