{"id":3287,"date":"2023-12-15T11:37:27","date_gmt":"2023-12-15T14:37:27","guid":{"rendered":"https:\/\/www.medideal.com.br\/?post_type=product&#038;p=3287"},"modified":"2024-01-19T15:32:55","modified_gmt":"2024-01-19T18:32:55","slug":"goniometro-pequeno-acrilico-carci","status":"publish","type":"product","link":"https:\/\/www.medideal.com.br\/en\/goniometro-pequeno-acrilico-carci\/","title":{"rendered":"Goni\u00f4metro Pequeno Acr\u00edlico &#8211; Carci"},"content":{"rendered":"<p>O Goni\u00f4metro Pequeno em Acr\u00edlico \u00e9 um produto utilizado para avaliar a amplitude do movimento e a varia\u00e7\u00e3o da articula\u00e7\u00e3o.<\/p>\n<p>A mensura\u00e7\u00e3o goniom\u00e9trica da flex\u00e3o e da extens\u00e3o de uma articula\u00e7\u00e3o \u00e9 uma t\u00e9cnica simples e que fornece informa\u00e7\u00f5es adicionais aos cl\u00ednicos ou aos pesquisadores quanto ao grau de altera\u00e7\u00e3o articular e quanto \u00e0 evolu\u00e7\u00e3o p\u00f3s-operat\u00f3ria de pacientes ortop\u00e9dicos.<\/p>\n<div><strong>CARACTER\u00cdSTICAS:<\/strong><\/div>\n<ul>\n<li>Em acr\u00edlico<\/li>\n<li>Sistema de transferidor de 0\u00ba a 110\u00ba<\/li>\n<li>Marca\u00e7\u00e3o de 0 a 14cm (com a r\u00e9gua aberta)<\/li>\n<li>Acompanha capa em pl\u00e1stico transparente de prote\u00e7\u00e3o<\/li>\n<\/ul>","protected":false},"excerpt":{"rendered":"<p>O Goni\u00f4metro Pequeno em Acr\u00edlico \u00e9 um produto utilizado para avaliar a amplitude do movimento e a varia\u00e7\u00e3o da articula\u00e7\u00e3o.<\/p>","protected":false},"featured_media":3288,"comment_status":"open","ping_status":"closed","template":"","meta":{"_joinchat":[]},"product_brand":[],"product_cat":[27],"product_tag":[],"class_list":{"0":"post-3287","1":"product","2":"type-product","3":"status-publish","4":"has-post-thumbnail","6":"product_cat-equipamentos-medicos","8":"first","9":"instock","10":"shipping-taxable","11":"purchasable","12":"product-type-simple"},"_links":{"self":[{"href":"https:\/\/www.medideal.com.br\/en\/wp-json\/wp\/v2\/product\/3287","targetHints":{"allow":["GET"]}}],"collection":[{"href":"https:\/\/www.medideal.com.br\/en\/wp-json\/wp\/v2\/product"}],"about":[{"href":"https:\/\/www.medideal.com.br\/en\/wp-json\/wp\/v2\/types\/product"}],"replies":[{"embeddable":true,"href":"https:\/\/www.medideal.com.br\/en\/wp-json\/wp\/v2\/comments?post=3287"}],"wp:featuredmedia":[{"embeddable":true,"href":"https:\/\/www.medideal.com.br\/en\/wp-json\/wp\/v2\/media\/3288"}],"wp:attachment":[{"href":"https:\/\/www.medideal.com.br\/en\/wp-json\/wp\/v2\/media?parent=3287"}],"wp:term":[{"taxonomy":"product_brand","embeddable":true,"href":"https:\/\/www.medideal.com.br\/en\/wp-json\/wp\/v2\/product_brand?post=3287"},{"taxonomy":"product_cat","embeddable":true,"href":"https:\/\/www.medideal.com.br\/en\/wp-json\/wp\/v2\/product_cat?post=3287"},{"taxonomy":"product_tag","embeddable":true,"href":"https:\/\/www.medideal.com.br\/en\/wp-json\/wp\/v2\/product_tag?post=3287"}],"curies":[{"name":"wp","href":"https:\/\/api.w.org\/{rel}","templated":true}]}}