{"id":3285,"date":"2023-12-15T11:35:41","date_gmt":"2023-12-15T14:35:41","guid":{"rendered":"https:\/\/www.medideal.com.br\/?post_type=product&#038;p=3285"},"modified":"2024-01-19T15:32:34","modified_gmt":"2024-01-19T18:32:34","slug":"goniometro-grande-carci","status":"publish","type":"product","link":"https:\/\/www.medideal.com.br\/en\/goniometro-grande-carci\/","title":{"rendered":"Goni\u00f4metro Grande &#8211; Carci"},"content":{"rendered":"<p>O goni\u00f4metro em PVC grande \u00e9 utilizado para mensura\u00e7\u00e3o da amplitude articular.<\/p>\n<p>CARACTER\u00cdSTICAS DO GONI\u00d4METRO EM PVC GRANDE<br \/>\nSistema de transferidor de 0 \u00ba a 360 \u00ba.<br \/>\n22 cm.<br \/>\n0.08 mm espessura.<\/p>","protected":false},"excerpt":{"rendered":"<p>O goni\u00f4metro em PVC grande \u00e9 utilizado para mensura\u00e7\u00e3o da amplitude articular.<\/p>","protected":false},"featured_media":3286,"comment_status":"open","ping_status":"closed","template":"","meta":{"_joinchat":[]},"product_brand":[],"product_cat":[27],"product_tag":[],"class_list":{"0":"post-3285","1":"product","2":"type-product","3":"status-publish","4":"has-post-thumbnail","6":"product_cat-equipamentos-medicos","8":"first","9":"instock","10":"shipping-taxable","11":"purchasable","12":"product-type-simple"},"_links":{"self":[{"href":"https:\/\/www.medideal.com.br\/en\/wp-json\/wp\/v2\/product\/3285","targetHints":{"allow":["GET"]}}],"collection":[{"href":"https:\/\/www.medideal.com.br\/en\/wp-json\/wp\/v2\/product"}],"about":[{"href":"https:\/\/www.medideal.com.br\/en\/wp-json\/wp\/v2\/types\/product"}],"replies":[{"embeddable":true,"href":"https:\/\/www.medideal.com.br\/en\/wp-json\/wp\/v2\/comments?post=3285"}],"wp:featuredmedia":[{"embeddable":true,"href":"https:\/\/www.medideal.com.br\/en\/wp-json\/wp\/v2\/media\/3286"}],"wp:attachment":[{"href":"https:\/\/www.medideal.com.br\/en\/wp-json\/wp\/v2\/media?parent=3285"}],"wp:term":[{"taxonomy":"product_brand","embeddable":true,"href":"https:\/\/www.medideal.com.br\/en\/wp-json\/wp\/v2\/product_brand?post=3285"},{"taxonomy":"product_cat","embeddable":true,"href":"https:\/\/www.medideal.com.br\/en\/wp-json\/wp\/v2\/product_cat?post=3285"},{"taxonomy":"product_tag","embeddable":true,"href":"https:\/\/www.medideal.com.br\/en\/wp-json\/wp\/v2\/product_tag?post=3285"}],"curies":[{"name":"wp","href":"https:\/\/api.w.org\/{rel}","templated":true}]}}