{"id":3283,"date":"2023-12-15T11:09:40","date_gmt":"2023-12-15T14:09:40","guid":{"rendered":"https:\/\/www.medideal.com.br\/?post_type=product&#038;p=3283"},"modified":"2024-01-25T13:41:54","modified_gmt":"2024-01-25T16:41:54","slug":"adipometro-simples-rmc","status":"publish","type":"product","link":"https:\/\/www.medideal.com.br\/en\/adipometro-simples-rmc\/","title":{"rendered":"Adip\u00f4metro Simples &#8211; RMC"},"content":{"rendered":"<p>O Adip\u00f4metro Essencial Pequeno RMC \u00e9 um equipamento utilizado para medir a espessura do tecido adiposo em diversas partes do corpo. Essas medidas s\u00e3o usadas para calcular o percentual de gordura do indiv\u00edduo. \u00c9 produzido em pl\u00e1stico ABS, com numera\u00e7\u00e3o diretamente impressa no corpo, garantindo a durabilidade. Pequeno e port\u00e1til, com faixa de medi\u00e7\u00e3o de at\u00e9 60 mm, \u00e9 ideal para cl\u00ednicas de est\u00e9tica, academias e consult\u00f3rios.<\/p>\n<p>INDICA\u00c7\u00d5ES DE USO<\/p>\n<p>Para realiza\u00e7\u00e3o das medidas de dobras cut\u00e2neas necess\u00e1rias para o processo de uma avalia\u00e7\u00e3o f\u00edsica, o cliente deve permanecer em p\u00e9, e o profissional posicionar-se do lado direito do paciente. Identifique as refer\u00eancias anat\u00f4micas que ir\u00e3o ajudar na localiza\u00e7\u00e3o da dobra-cut\u00e2nea. Localize os pontos a serem medidos e marque-os com um l\u00e1pis dermogr\u00e1fico ou uma caneta esferogr\u00e1fica. S\u00f3 ap\u00f3s a localiza\u00e7\u00e3o deles, comece a medi-los. Neste ponto, o Adip\u00f4metro far\u00e1 a medi\u00e7\u00e3o.<\/p>\n<p>CONSERVA\u00c7\u00c3O<\/p>\n<p>Produto lav\u00e1vel com \u00e1gua e sab\u00e3o neutro, N\u00e3o utilizar \u00e1lcool.<\/p>","protected":false},"excerpt":{"rendered":"<p>O Adip\u00f4metro Essencial Pequeno RMC \u00e9 um equipamento utilizado para medir a espessura do tecido adiposo em diversas partes do corpo.<\/p>","protected":false},"featured_media":3284,"comment_status":"open","ping_status":"closed","template":"","meta":{"_joinchat":[]},"product_brand":[],"product_cat":[27],"product_tag":[],"class_list":{"0":"post-3283","1":"product","2":"type-product","3":"status-publish","4":"has-post-thumbnail","6":"product_cat-equipamentos-medicos","8":"first","9":"instock","10":"shipping-taxable","11":"purchasable","12":"product-type-simple"},"_links":{"self":[{"href":"https:\/\/www.medideal.com.br\/en\/wp-json\/wp\/v2\/product\/3283","targetHints":{"allow":["GET"]}}],"collection":[{"href":"https:\/\/www.medideal.com.br\/en\/wp-json\/wp\/v2\/product"}],"about":[{"href":"https:\/\/www.medideal.com.br\/en\/wp-json\/wp\/v2\/types\/product"}],"replies":[{"embeddable":true,"href":"https:\/\/www.medideal.com.br\/en\/wp-json\/wp\/v2\/comments?post=3283"}],"wp:featuredmedia":[{"embeddable":true,"href":"https:\/\/www.medideal.com.br\/en\/wp-json\/wp\/v2\/media\/3284"}],"wp:attachment":[{"href":"https:\/\/www.medideal.com.br\/en\/wp-json\/wp\/v2\/media?parent=3283"}],"wp:term":[{"taxonomy":"product_brand","embeddable":true,"href":"https:\/\/www.medideal.com.br\/en\/wp-json\/wp\/v2\/product_brand?post=3283"},{"taxonomy":"product_cat","embeddable":true,"href":"https:\/\/www.medideal.com.br\/en\/wp-json\/wp\/v2\/product_cat?post=3283"},{"taxonomy":"product_tag","embeddable":true,"href":"https:\/\/www.medideal.com.br\/en\/wp-json\/wp\/v2\/product_tag?post=3283"}],"curies":[{"name":"wp","href":"https:\/\/api.w.org\/{rel}","templated":true}]}}