{"id":3281,"date":"2023-12-15T11:03:07","date_gmt":"2023-12-15T14:03:07","guid":{"rendered":"https:\/\/www.medideal.com.br\/?post_type=product&#038;p=3281"},"modified":"2024-01-25T10:14:50","modified_gmt":"2024-01-25T13:14:50","slug":"biruta-para-cadeira-de-rodas-cds","status":"publish","type":"product","link":"https:\/\/www.medideal.com.br\/en\/biruta-para-cadeira-de-rodas-cds\/","title":{"rendered":"Biruta para Cadeira de Rodas &#8211; CDS"},"content":{"rendered":"<h2><strong>Garfo para Cadeira de Rodas CDS<\/strong><\/h2>\n<p>Garfo pintado de a\u00e7o compat\u00edvel com as cadeiras CDS.<\/p>\n<p><strong>Aten\u00e7\u00e3o! Este item \u00e9 vendido por unidade.<\/strong><\/p>\n<p>As cores apresentadas no site s\u00e3o meramente ilustrativas e podem ou n\u00e3o corresponder com exatid\u00e3o \u00e0 tonalidade aplicada.<br \/>\nPara mais informa\u00e7\u00f5es sobre manuseio e cuidados quanto ao uso do produto, consulte o Manual do Usu\u00e1rio.<br \/>\nImagem meramente ilustrativa e a descri\u00e7\u00e3o do produto \u00e9 de responsabilidade do fabricante.<\/p>","protected":false},"excerpt":{"rendered":"<h2><strong>Garfo para Cadeira de Rodas CDS<\/strong><\/h2>","protected":false},"featured_media":3282,"comment_status":"open","ping_status":"closed","template":"","meta":{"_joinchat":[]},"product_brand":[],"product_cat":[31],"product_tag":[],"class_list":{"0":"post-3281","1":"product","2":"type-product","3":"status-publish","4":"has-post-thumbnail","6":"product_cat-cadeira-de-rodas","8":"first","9":"outofstock","10":"shipping-taxable","11":"purchasable","12":"product-type-simple"},"_links":{"self":[{"href":"https:\/\/www.medideal.com.br\/en\/wp-json\/wp\/v2\/product\/3281","targetHints":{"allow":["GET"]}}],"collection":[{"href":"https:\/\/www.medideal.com.br\/en\/wp-json\/wp\/v2\/product"}],"about":[{"href":"https:\/\/www.medideal.com.br\/en\/wp-json\/wp\/v2\/types\/product"}],"replies":[{"embeddable":true,"href":"https:\/\/www.medideal.com.br\/en\/wp-json\/wp\/v2\/comments?post=3281"}],"wp:featuredmedia":[{"embeddable":true,"href":"https:\/\/www.medideal.com.br\/en\/wp-json\/wp\/v2\/media\/3282"}],"wp:attachment":[{"href":"https:\/\/www.medideal.com.br\/en\/wp-json\/wp\/v2\/media?parent=3281"}],"wp:term":[{"taxonomy":"product_brand","embeddable":true,"href":"https:\/\/www.medideal.com.br\/en\/wp-json\/wp\/v2\/product_brand?post=3281"},{"taxonomy":"product_cat","embeddable":true,"href":"https:\/\/www.medideal.com.br\/en\/wp-json\/wp\/v2\/product_cat?post=3281"},{"taxonomy":"product_tag","embeddable":true,"href":"https:\/\/www.medideal.com.br\/en\/wp-json\/wp\/v2\/product_tag?post=3281"}],"curies":[{"name":"wp","href":"https:\/\/api.w.org\/{rel}","templated":true}]}}