{"id":3276,"date":"2023-12-15T10:23:42","date_gmt":"2023-12-15T13:23:42","guid":{"rendered":"https:\/\/www.medideal.com.br\/?post_type=product&#038;p=3276"},"modified":"2023-12-15T10:28:09","modified_gmt":"2023-12-15T13:28:09","slug":"curativo-filme-transparente-rolo-10cm-x-10m-vita-medical","status":"publish","type":"product","link":"https:\/\/www.medideal.com.br\/en\/curativo-filme-transparente-rolo-10cm-x-10m-vita-medical\/","title":{"rendered":"Curativo Filme Transparente Rolo 10cm x 10m &#8211; Vita Medical"},"content":{"rendered":"<p>Descri\u00e7\u00e3o:<\/p>\n<p>O Curativo Transparente Kangli Film \u00e9 indicado para uso na fixa\u00e7\u00e3o de curativos cir\u00fargicos, locais de inser\u00e7\u00e3o de cateteres cir\u00fargicos, cateteres em geral e sondas. Tamb\u00e9m pode ser usado na preven\u00e7\u00e3o de ruptura da pele.<\/p>\n<p>Composi\u00e7\u00e3o:<\/p>\n<p>\u2022 Pel\u00edcula protetora de poliuretano e papel glassine<\/p>\n<p>\u2022 Filme transparente em poliuretano e uma camada protetora de politereftalato de etileno.<\/p>\n<p>\u2022 O curativo n\u00e3o pode ser utilizado sobre a feridas abertas.<\/p>\n<p>\u2022 A perman\u00eancia do mesmo curativo n\u00e3o pode ser superior a 7 dias.<\/p>\n<p>Advert\u00eancias e Precau\u00e7\u00f5es:<\/p>\n<p>\u2022 Caso ocorra irrita\u00e7\u00e3o na pele por uso deste produto suspenda o uso imediatamente.<\/p>\n<p>\u2022 Produto de uso \u00fanico<\/p>\n<p>\u2022 Proibido processar.<\/p>","protected":false},"excerpt":{"rendered":"<p>O Curativo Transparente Kangli Film \u00e9 indicado para uso na fixa\u00e7\u00e3o de curativos cir\u00fargicos, locais de inser\u00e7\u00e3o de cateteres cir\u00fargicos, cateteres em geral e sondas. Tamb\u00e9m pode ser usado na preven\u00e7\u00e3o de ruptura da pele.<\/p>","protected":false},"featured_media":3275,"comment_status":"open","ping_status":"closed","template":"","meta":{"_joinchat":[]},"product_brand":[],"product_cat":[26],"product_tag":[],"class_list":{"0":"post-3276","1":"product","2":"type-product","3":"status-publish","4":"has-post-thumbnail","6":"product_cat-curativos","8":"first","9":"outofstock","10":"shipping-taxable","11":"purchasable","12":"product-type-simple"},"_links":{"self":[{"href":"https:\/\/www.medideal.com.br\/en\/wp-json\/wp\/v2\/product\/3276","targetHints":{"allow":["GET"]}}],"collection":[{"href":"https:\/\/www.medideal.com.br\/en\/wp-json\/wp\/v2\/product"}],"about":[{"href":"https:\/\/www.medideal.com.br\/en\/wp-json\/wp\/v2\/types\/product"}],"replies":[{"embeddable":true,"href":"https:\/\/www.medideal.com.br\/en\/wp-json\/wp\/v2\/comments?post=3276"}],"wp:featuredmedia":[{"embeddable":true,"href":"https:\/\/www.medideal.com.br\/en\/wp-json\/wp\/v2\/media\/3275"}],"wp:attachment":[{"href":"https:\/\/www.medideal.com.br\/en\/wp-json\/wp\/v2\/media?parent=3276"}],"wp:term":[{"taxonomy":"product_brand","embeddable":true,"href":"https:\/\/www.medideal.com.br\/en\/wp-json\/wp\/v2\/product_brand?post=3276"},{"taxonomy":"product_cat","embeddable":true,"href":"https:\/\/www.medideal.com.br\/en\/wp-json\/wp\/v2\/product_cat?post=3276"},{"taxonomy":"product_tag","embeddable":true,"href":"https:\/\/www.medideal.com.br\/en\/wp-json\/wp\/v2\/product_tag?post=3276"}],"curies":[{"name":"wp","href":"https:\/\/api.w.org\/{rel}","templated":true}]}}