{"id":3272,"date":"2023-12-15T09:57:35","date_gmt":"2023-12-15T12:57:35","guid":{"rendered":"https:\/\/www.medideal.com.br\/?post_type=product&#038;p=3272"},"modified":"2024-01-19T15:24:27","modified_gmt":"2024-01-19T18:24:27","slug":"saco-de-lixo-hospitalar-30l-c-100-unidades-rava","status":"publish","type":"product","link":"https:\/\/www.medideal.com.br\/en\/saco-de-lixo-hospitalar-30l-c-100-unidades-rava\/","title":{"rendered":"Saco de Lixo Hospitalar 30L C\/ 100 Unidades &#8211; Rava"},"content":{"rendered":"<p>\u2022 Alta densidade virgem.<\/p>\n<p>\u2022 Dispon\u00edvel na cor branco leitoso.<\/p>\n<p>\u2022 Solda de fundo tipo Estrela, quatro vezes mais resistente.<\/p>\n<p>\u2022 Apresenta solda cont\u00ednua, homogenia e uniforme, proporcionando uma perfeita veda\u00e7\u00e3o e n\u00e3o permitindo a perda de conte\u00fado durante o manuseio.<\/p>\n<p>\u2022 Possui identifica\u00e7\u00e3o de fabricante, n\u00ba de lote, simbologia infectante posicionada a um ter\u00e7o de altura a partir do fundo, atendendo as normas fabrica\u00e7\u00e3o vigentes.<\/p>\n<p>\u2022 Produto de uso \u00fanico.<\/p>\n<p>\u2022 Dispon\u00edvel nas capacidades 30L (59 x 62 cm), 50L (63 x 80 cm) e 100L (75 x 105 cm).<\/p>","protected":false},"excerpt":{"rendered":"<p>Saco de Lixo Hospitalar 30L C\/ 100 Unidades &#8211; Rava<\/p>","protected":false},"featured_media":3273,"comment_status":"open","ping_status":"closed","template":"","meta":{"_joinchat":[]},"product_brand":[],"product_cat":[29],"product_tag":[],"class_list":{"0":"post-3272","1":"product","2":"type-product","3":"status-publish","4":"has-post-thumbnail","6":"product_cat-materiais-de-consumo","8":"first","9":"instock","10":"shipping-taxable","11":"purchasable","12":"product-type-simple"},"_links":{"self":[{"href":"https:\/\/www.medideal.com.br\/en\/wp-json\/wp\/v2\/product\/3272","targetHints":{"allow":["GET"]}}],"collection":[{"href":"https:\/\/www.medideal.com.br\/en\/wp-json\/wp\/v2\/product"}],"about":[{"href":"https:\/\/www.medideal.com.br\/en\/wp-json\/wp\/v2\/types\/product"}],"replies":[{"embeddable":true,"href":"https:\/\/www.medideal.com.br\/en\/wp-json\/wp\/v2\/comments?post=3272"}],"wp:featuredmedia":[{"embeddable":true,"href":"https:\/\/www.medideal.com.br\/en\/wp-json\/wp\/v2\/media\/3273"}],"wp:attachment":[{"href":"https:\/\/www.medideal.com.br\/en\/wp-json\/wp\/v2\/media?parent=3272"}],"wp:term":[{"taxonomy":"product_brand","embeddable":true,"href":"https:\/\/www.medideal.com.br\/en\/wp-json\/wp\/v2\/product_brand?post=3272"},{"taxonomy":"product_cat","embeddable":true,"href":"https:\/\/www.medideal.com.br\/en\/wp-json\/wp\/v2\/product_cat?post=3272"},{"taxonomy":"product_tag","embeddable":true,"href":"https:\/\/www.medideal.com.br\/en\/wp-json\/wp\/v2\/product_tag?post=3272"}],"curies":[{"name":"wp","href":"https:\/\/api.w.org\/{rel}","templated":true}]}}