{"id":3269,"date":"2023-12-14T16:58:04","date_gmt":"2023-12-14T19:58:04","guid":{"rendered":"https:\/\/www.medideal.com.br\/?post_type=product&#038;p=3269"},"modified":"2024-01-19T15:23:31","modified_gmt":"2024-01-19T18:23:31","slug":"probanho-braco-infantil-bioflorence","status":"publish","type":"product","link":"https:\/\/www.medideal.com.br\/en\/probanho-braco-infantil-bioflorence\/","title":{"rendered":"Probanho Bra\u00e7o Infantil &#8211; Bioflorence"},"content":{"rendered":"<table id=\"productattributes\" class=\"table table-striped productattributes\">\n<tbody>\n<tr>\n<th>Indica\u00e7\u00f5es<\/th>\n<td>Protege curativos, imobiliza\u00e7\u00f5es e gessos na hora do banho. Ajuda no tempo de recupera\u00e7\u00e3o dos pacientes.<\/td>\n<\/tr>\n<tr>\n<th>Composi\u00e7\u00e3o<\/th>\n<td>Protetor: Pl\u00e1stico: PEBD \/ EVA.<\/p>\n<p>Vedador: Poliester e Elastodieno.<\/td>\n<\/tr>\n<tr>\n<th>Diferenciais e benef\u00edcios<\/th>\n<td>Material inflam\u00e1vel;<\/p>\n<p>Higi\u00eanicos;<\/p>\n<p>Seguros;<\/p>\n<p>Pr\u00e1ticos e confort\u00e1veis.<\/td>\n<\/tr>\n<tr>\n<th>Modo de Usar<\/th>\n<td>Coloque o bra\u00e7o engessado ou enfaixado dentro do protetor pl\u00e1stico, at\u00e9 passar por completo da \u00e1rea imobilizada;<\/p>\n<p>Coloque o vedador compressivo em volta do bra\u00e7o mais ou menos de 2 \u00e0 3 dedos para cima do gesso ou curativo, na mesma posi\u00e7\u00e3o que vem dentro da embalagem;<\/p>\n<p>Prenda o vedador compressivo no bra\u00e7o, pois o mesmo j\u00e1 vem na posi\u00e7\u00e3o correta, tensione o vedador at\u00e9 sentir um leve desconforto no bra\u00e7o, ou quanto aguentar, n\u00e3o podendo nunca prender a circula\u00e7\u00e3o do bra\u00e7o;<\/p>\n<p>Ap\u00f3s os processos, dobre o restante do pl\u00e1sitco por cima do el\u00e1stico, e est\u00e1 pronto para um banho tranquilo e seguro.<\/td>\n<\/tr>\n<\/tbody>\n<\/table>","protected":false},"excerpt":{"rendered":"<p>Protege curativos, imobiliza\u00e7\u00f5es e gessos na hora do banho. Ajuda no tempo de recupera\u00e7\u00e3o dos pacientes.<\/p>","protected":false},"featured_media":3263,"comment_status":"open","ping_status":"closed","template":"","meta":{"_joinchat":[]},"product_brand":[],"product_cat":[29],"product_tag":[],"class_list":{"0":"post-3269","1":"product","2":"type-product","3":"status-publish","4":"has-post-thumbnail","6":"product_cat-materiais-de-consumo","8":"first","9":"outofstock","10":"shipping-taxable","11":"purchasable","12":"product-type-simple"},"_links":{"self":[{"href":"https:\/\/www.medideal.com.br\/en\/wp-json\/wp\/v2\/product\/3269","targetHints":{"allow":["GET"]}}],"collection":[{"href":"https:\/\/www.medideal.com.br\/en\/wp-json\/wp\/v2\/product"}],"about":[{"href":"https:\/\/www.medideal.com.br\/en\/wp-json\/wp\/v2\/types\/product"}],"replies":[{"embeddable":true,"href":"https:\/\/www.medideal.com.br\/en\/wp-json\/wp\/v2\/comments?post=3269"}],"wp:featuredmedia":[{"embeddable":true,"href":"https:\/\/www.medideal.com.br\/en\/wp-json\/wp\/v2\/media\/3263"}],"wp:attachment":[{"href":"https:\/\/www.medideal.com.br\/en\/wp-json\/wp\/v2\/media?parent=3269"}],"wp:term":[{"taxonomy":"product_brand","embeddable":true,"href":"https:\/\/www.medideal.com.br\/en\/wp-json\/wp\/v2\/product_brand?post=3269"},{"taxonomy":"product_cat","embeddable":true,"href":"https:\/\/www.medideal.com.br\/en\/wp-json\/wp\/v2\/product_cat?post=3269"},{"taxonomy":"product_tag","embeddable":true,"href":"https:\/\/www.medideal.com.br\/en\/wp-json\/wp\/v2\/product_tag?post=3269"}],"curies":[{"name":"wp","href":"https:\/\/api.w.org\/{rel}","templated":true}]}}