{"id":3265,"date":"2023-12-14T16:52:04","date_gmt":"2023-12-14T19:52:04","guid":{"rendered":"https:\/\/www.medideal.com.br\/?post_type=product&#038;p=3265"},"modified":"2024-01-19T15:22:46","modified_gmt":"2024-01-19T18:22:46","slug":"probanho-meia-perna-adulto-bioflorence","status":"publish","type":"product","link":"https:\/\/www.medideal.com.br\/en\/probanho-meia-perna-adulto-bioflorence\/","title":{"rendered":"Probanho Meia Perna Adulto &#8211; Bioflorence"},"content":{"rendered":"<table id=\"productattributes\" class=\"table table-striped productattributes\">\n<tbody>\n<tr>\n<th>Indica\u00e7\u00f5es<\/th>\n<td>Proteger curativos, imobilizacoes e gessos;<\/p>\n<p>Desenvolvido exclusivamente para banhos dom\u00e9sticos.<\/td>\n<\/tr>\n<tr>\n<th>Composi\u00e7\u00e3o<\/th>\n<td>&#8211; Protetor: Pl\u00e1stico: PEBD \/ EVA;<\/p>\n<p>&#8211; Vedador: Poli\u00e9ster e Elastodieno.<\/td>\n<\/tr>\n<tr>\n<th>Diferenciais e benef\u00edcios<\/th>\n<td>&#8211; Material inflam\u00e1vel;<\/p>\n<p>&#8211; Higi\u00eanicos;<\/p>\n<p>&#8211; Seguros;<\/p>\n<p>&#8211; Pr\u00e1ticos e confort\u00e1veis.<\/td>\n<\/tr>\n<tr>\n<th>Modo de Usar<\/th>\n<td>\n<ol>\n<li>Coloque a perna engessada ou enfaixada dentro do protetor pl\u00e1stico, at\u00e9 passar por completo da \u00e1rea imobilizada;<\/li>\n<li>Coloque o vedador compressivo em volta da perna mais ou menos de 2 \u00e0 3 dedos para cima do gesso ou curativo, na mesma posi\u00e7\u00e3o que vem dentro da embalagem;<\/li>\n<li>Prenda o vedador compressivo na perna, pois o mesmo j\u00e1 vem na posi\u00e7\u00e3o correta, tensione o vedador at\u00e9 sentir um leve desconforto na perna, ou quanto aguentar, n\u00e3o podendo nunca prender a circula\u00e7\u00e3o da perna;<\/li>\n<li>Ap\u00f3s os processos, dobre o restante do pl\u00e1sitco por cima do el\u00e1stico, e est\u00e1 pronto para um banho tranquilo e seguro.<\/li>\n<\/ol>\n<\/td>\n<\/tr>\n<tr>\n<th>Itens inclusos<\/th>\n<td>01 Protetor de Gesso Meia Perna Adulto Probanho\u00a0BIOFLORENCE.<\/td>\n<\/tr>\n<\/tbody>\n<\/table>","protected":false},"excerpt":{"rendered":"<p>Proteger curativos, imobilizacoes e gessos;<\/p>","protected":false},"featured_media":3266,"comment_status":"open","ping_status":"closed","template":"","meta":{"_joinchat":[]},"product_brand":[],"product_cat":[29],"product_tag":[],"class_list":{"0":"post-3265","1":"product","2":"type-product","3":"status-publish","4":"has-post-thumbnail","6":"product_cat-materiais-de-consumo","8":"first","9":"instock","10":"shipping-taxable","11":"purchasable","12":"product-type-simple"},"_links":{"self":[{"href":"https:\/\/www.medideal.com.br\/en\/wp-json\/wp\/v2\/product\/3265","targetHints":{"allow":["GET"]}}],"collection":[{"href":"https:\/\/www.medideal.com.br\/en\/wp-json\/wp\/v2\/product"}],"about":[{"href":"https:\/\/www.medideal.com.br\/en\/wp-json\/wp\/v2\/types\/product"}],"replies":[{"embeddable":true,"href":"https:\/\/www.medideal.com.br\/en\/wp-json\/wp\/v2\/comments?post=3265"}],"wp:featuredmedia":[{"embeddable":true,"href":"https:\/\/www.medideal.com.br\/en\/wp-json\/wp\/v2\/media\/3266"}],"wp:attachment":[{"href":"https:\/\/www.medideal.com.br\/en\/wp-json\/wp\/v2\/media?parent=3265"}],"wp:term":[{"taxonomy":"product_brand","embeddable":true,"href":"https:\/\/www.medideal.com.br\/en\/wp-json\/wp\/v2\/product_brand?post=3265"},{"taxonomy":"product_cat","embeddable":true,"href":"https:\/\/www.medideal.com.br\/en\/wp-json\/wp\/v2\/product_cat?post=3265"},{"taxonomy":"product_tag","embeddable":true,"href":"https:\/\/www.medideal.com.br\/en\/wp-json\/wp\/v2\/product_tag?post=3265"}],"curies":[{"name":"wp","href":"https:\/\/api.w.org\/{rel}","templated":true}]}}