{"id":3256,"date":"2023-12-14T14:56:27","date_gmt":"2023-12-14T17:56:27","guid":{"rendered":"https:\/\/www.medideal.com.br\/?post_type=product&#038;p=3256"},"modified":"2023-12-14T14:57:06","modified_gmt":"2023-12-14T17:57:06","slug":"higienizador-nasal-unicornio-nosewash","status":"publish","type":"product","link":"https:\/\/www.medideal.com.br\/en\/higienizador-nasal-unicornio-nosewash\/","title":{"rendered":"Higienizador Nasal Unic\u00f3rnio &#8211; Nosewash"},"content":{"rendered":"<p><strong>NoseWash<\/strong>\u00a0\u00e9 o primeiro dispositivo desenvolvido e fabricado no Brasil especialmente para lavagem nasal em beb\u00eas e crian\u00e7as. Com uma proposta inovadora, NoseWash cont\u00e9m personagens l\u00fadicos em miniatura no pr\u00f3prio dispositivo, al\u00e9m de adaptadores nasais que protegem o nariz. Lavar o nariz de beb\u00eas e crian\u00e7as certamente ser\u00e1 mais divertido f\u00e1cil e seguro!<\/p>\n<p><strong>Caracter\u00edsticas e benef\u00edcios<\/strong><\/p>\n<p>Lavar o nariz de beb\u00eas nem sempre \u00e9 uma tarefa f\u00e1cil. NoseWash traz uma proposta inovadora ao transformar este momento em experi\u00eancia mais positiva. Com personagens l\u00fadicos no dispositivo, NoseWash oferece um momento mais divertido para as crian\u00e7as, reduzindo o medo das crian\u00e7as ao lavar o nariz. Al\u00e9m disso, NoseWash cont\u00e9m adaptadores que protegem o nariz, j\u00e1 que durante a lavagem nasal infantil, os beb&amp;es e crian\u00e7as costumam se mexer bastante e por isso \u00e9 fundamental esse mecanismo de seguran\u00e7a.<\/p>\n<p><strong>NoseWash<\/strong>\u00a0\u00e9 produzido em pl\u00e1stico at\u00f3xico e n\u00e3o alerg\u00eanico colorido com pigmentos org\u00e2nicos, n\u00e3o esterilizado, de uso individual e 100% recicl\u00e1vel. N\u00e3o cont\u00e9m L\u00e1tex e BPA.<\/p>\n<p>&nbsp;<\/p>\n<p><strong>Passo a passo:<\/strong><\/p>\n<p>1. Selecione e encaixe o adaptador nasal de sua prefer\u00eancia no dispositivo NoseWash;<\/p>\n<p>2. Preencha o dispositivo NoseWash com o soro fisiol\u00f3gico, na quantidade indicada pelo seu m\u00e9dico ou especialista.<\/p>\n<p>3. Incline a cabe\u00e7a da crian\u00e7a levemente para frente e na dire\u00e7\u00e3o contr\u00e1ria a narina que ser\u00e1 lavada.<\/p>\n<p>4. Pressione o dispositivo NoseWash de forma suave e repita o mesmo procedimento na outra narina.<\/p>\n<p>Pronto, lavagem nasal conclu\u00edda!<\/p>","protected":false},"excerpt":{"rendered":"<p><strong>NoseWash<\/strong>\u00a0\u00e9 o primeiro dispositivo desenvolvido e fabricado no Brasil especialmente para lavagem nasal em beb\u00eas e crian\u00e7as.<\/p>","protected":false},"featured_media":3257,"comment_status":"open","ping_status":"closed","template":"","meta":{"_joinchat":[]},"product_brand":[],"product_cat":[29],"product_tag":[],"class_list":{"0":"post-3256","1":"product","2":"type-product","3":"status-publish","4":"has-post-thumbnail","6":"product_cat-materiais-de-consumo","8":"first","9":"outofstock","10":"shipping-taxable","11":"purchasable","12":"product-type-simple"},"_links":{"self":[{"href":"https:\/\/www.medideal.com.br\/en\/wp-json\/wp\/v2\/product\/3256","targetHints":{"allow":["GET"]}}],"collection":[{"href":"https:\/\/www.medideal.com.br\/en\/wp-json\/wp\/v2\/product"}],"about":[{"href":"https:\/\/www.medideal.com.br\/en\/wp-json\/wp\/v2\/types\/product"}],"replies":[{"embeddable":true,"href":"https:\/\/www.medideal.com.br\/en\/wp-json\/wp\/v2\/comments?post=3256"}],"wp:featuredmedia":[{"embeddable":true,"href":"https:\/\/www.medideal.com.br\/en\/wp-json\/wp\/v2\/media\/3257"}],"wp:attachment":[{"href":"https:\/\/www.medideal.com.br\/en\/wp-json\/wp\/v2\/media?parent=3256"}],"wp:term":[{"taxonomy":"product_brand","embeddable":true,"href":"https:\/\/www.medideal.com.br\/en\/wp-json\/wp\/v2\/product_brand?post=3256"},{"taxonomy":"product_cat","embeddable":true,"href":"https:\/\/www.medideal.com.br\/en\/wp-json\/wp\/v2\/product_cat?post=3256"},{"taxonomy":"product_tag","embeddable":true,"href":"https:\/\/www.medideal.com.br\/en\/wp-json\/wp\/v2\/product_tag?post=3256"}],"curies":[{"name":"wp","href":"https:\/\/api.w.org\/{rel}","templated":true}]}}