{"id":3235,"date":"2023-12-14T11:26:14","date_gmt":"2023-12-14T14:26:14","guid":{"rendered":"https:\/\/www.medideal.com.br\/?post_type=product&#038;p=3235"},"modified":"2024-01-19T12:46:06","modified_gmt":"2024-01-19T15:46:06","slug":"kit-academico-plus-ka120-preto-incoterm","status":"publish","type":"product","link":"https:\/\/www.medideal.com.br\/en\/kit-academico-plus-ka120-preto-incoterm\/","title":{"rendered":"Kit Acad\u00eamico Plus Ka120 Preto &#8211; Incoterm"},"content":{"rendered":"<p>Kit Acad\u00eamico Plus Ka120 Preto Incoterm.<br \/>\nKit Acad\u00eamico Plus Ka120 Preto Incoterm A qualidade que voc\u00ea j\u00e1 conhece em instrumentos de medi\u00e7\u00e3o, agora acompanham os profissionais da sa\u00fade em todas as fases de sua carreira com o KIT ACAD\u00caMICO PLUS com esfigmoman\u00f4metro, estetosc\u00f3pio, term\u00f4metro e garrote da Incoterm. Produtos INCOTERM que garantem precis\u00e3o e efici\u00eancia nos cuidados da Sa\u00fade de seus Pacientes. Esfigmoman\u00f4metro Aner\u00f3ide Incoterm EA100 Pr\u00e1tico V\u00e1lvula de defla\u00e7\u00e3o precisa Gancho para fixa\u00e7\u00e3o do man\u00f4mentro no momento da medi\u00e7\u00e3o. Estetosc\u00f3pio Rappaport Incoterm &#8211; ER100 Fone biauricular Par de olivas flex\u00edveis e emborrachadas Clips de a\u00e7o cromado com \u00e2ngulo anat\u00f4mico Ausculta\u00e7\u00e3o sens\u00edvel e precisa Possui cinco tipos diferentes de auscultadores Uso adulto e pedi\u00e1trico. Term\u00f4metro Cl\u00ednico Digital TermoMed 1.0 Incoterm Memoriza a \u00faltima medi\u00e7\u00e3o Indicador sonoro A prova d&#8217;\u00e1gua. Garrote Incoterm Indicado para a pun\u00e7\u00e3o venosa Possui processo de auto-trava Regulagem de tens\u00e3o INFORMA\u00c7\u00d5ES COMPLEMENTARES: Esfigmoman\u00f4metro Aneroide EA100 &#8211; PRETO Faixa de medi\u00e7\u00e3o:0 a 300 mmHg Resolu\u00e7\u00e3o: 2 mmHg Exatid\u00e3o: \u00b1 3 mmHg Vaz\u00e3o de ar &lt; 4 mmHg\/min Circunfer\u00eancia da bra\u00e7adeira:22 cm a 32 cm Fechamento: tiras autocolantes com argola de metal Estetosc\u00f3pio Rappaport ER100 &#8211; PRETO Receptor Duplo:Diafragma e camp\u00e2nula Dimens\u00f5es da haste:185 x 06 mm Altura do receptor:20 mm Di\u00e2metro do diafragma:25 mm (pequeno) \/ 38 mm (grande) Di\u00e2metro da camp\u00e2nula: 31 mm (pequena) \/ 45 mm (grande) Olivas:Tr\u00eas op\u00e7\u00f5es (silicone, rigida com rosca, flex\u00edveis (emborrachada) Tubo transmissor:Duplo, em PVC com grampo Hastes:A\u00e7o cromado com \u00e2ngulo anat\u00f4mico Peso:226 g Term\u00f4metro Clinico Digital TERMOMED 1.0 BRANCO Faixa de medi\u00e7\u00e3o:+32\u00b0C a +42\u00b0C Resolu\u00e7\u00e3o: 0,1\u00b0C Precis\u00e3o: \u00b1 0,2\u00b0C Dimens\u00f5es:126 x 18,5 x 10 mm Peso:9,6g Alimenta\u00e7\u00e3o:1 x 1.5V LR41 Auto desligamento ap\u00f3s 10 minutos Vida \u00fatil da pilha: 250h ou at\u00e9 1.000 usos Garrote Incoterm PRETO Composi\u00e7\u00e3o:85% fibra de poli\u00e9ster 15% borracha natural (cont\u00e9m l\u00e1tex) Fecho: em PVC, com auto-trava Dimens\u00f5es:450 x 20 x 30 mm.<\/p>","protected":false},"excerpt":{"rendered":"<p>Kit Acad\u00eamico Plus Ka120 Preto Incoterm A qualidade que voc\u00ea j\u00e1 conhece em instrumentos de medi\u00e7\u00e3o, agora acompanham os profissionais da sa\u00fade em todas as fases de sua carreira com o KIT ACAD\u00caMICO PLUS com esfigmoman\u00f4metro, estetosc\u00f3pio, term\u00f4metro e garrote da Incoterm.<\/p>","protected":false},"featured_media":3236,"comment_status":"open","ping_status":"closed","template":"","meta":{"_joinchat":[]},"product_brand":[],"product_cat":[27,15],"product_tag":[],"class_list":{"0":"post-3235","1":"product","2":"type-product","3":"status-publish","4":"has-post-thumbnail","6":"product_cat-equipamentos-medicos","7":"product_cat-estetoscopio","9":"first","10":"outofstock","11":"shipping-taxable","12":"purchasable","13":"product-type-simple"},"_links":{"self":[{"href":"https:\/\/www.medideal.com.br\/en\/wp-json\/wp\/v2\/product\/3235","targetHints":{"allow":["GET"]}}],"collection":[{"href":"https:\/\/www.medideal.com.br\/en\/wp-json\/wp\/v2\/product"}],"about":[{"href":"https:\/\/www.medideal.com.br\/en\/wp-json\/wp\/v2\/types\/product"}],"replies":[{"embeddable":true,"href":"https:\/\/www.medideal.com.br\/en\/wp-json\/wp\/v2\/comments?post=3235"}],"wp:featuredmedia":[{"embeddable":true,"href":"https:\/\/www.medideal.com.br\/en\/wp-json\/wp\/v2\/media\/3236"}],"wp:attachment":[{"href":"https:\/\/www.medideal.com.br\/en\/wp-json\/wp\/v2\/media?parent=3235"}],"wp:term":[{"taxonomy":"product_brand","embeddable":true,"href":"https:\/\/www.medideal.com.br\/en\/wp-json\/wp\/v2\/product_brand?post=3235"},{"taxonomy":"product_cat","embeddable":true,"href":"https:\/\/www.medideal.com.br\/en\/wp-json\/wp\/v2\/product_cat?post=3235"},{"taxonomy":"product_tag","embeddable":true,"href":"https:\/\/www.medideal.com.br\/en\/wp-json\/wp\/v2\/product_tag?post=3235"}],"curies":[{"name":"wp","href":"https:\/\/api.w.org\/{rel}","templated":true}]}}