{"id":3233,"date":"2023-12-14T10:55:03","date_gmt":"2023-12-14T13:55:03","guid":{"rendered":"https:\/\/www.medideal.com.br\/?post_type=product&#038;p=3233"},"modified":"2024-01-19T12:45:20","modified_gmt":"2024-01-19T15:45:20","slug":"agua-oxigenada-10-volumes-1000ml-rioquimica","status":"publish","type":"product","link":"https:\/\/www.medideal.com.br\/en\/agua-oxigenada-10-volumes-1000ml-rioquimica\/","title":{"rendered":"\u00c1gua Oxigenada 10 Volumes 1000ml &#8211; Rioqu\u00edmica"},"content":{"rendered":"<table class=\"table table-striped\">\n<tbody>\n<tr class=\"row\">\n<th class=\"col-xs-4 col-sm-3\">Indica\u00e7\u00f5es<\/th>\n<td class=\"col-xs-6 col-sm-7\">\u00c1gua Oxigenada 10 vol. \u00e9 um medicamento antiss\u00e9ptico t\u00f3pico, utilizado para assepsia de ferimentos e em gargarejos ou bochechos.<\/td>\n<\/tr>\n<tr class=\"row\">\n<th class=\"col-xs-4 col-sm-3\">Composi\u00e7\u00e3o<\/th>\n<td class=\"col-xs-6 col-sm-7\">Cada 10 ml cont\u00e9m:<\/p>\n<p>&#8211; Per\u00f3xido de Hidrog\u00eanio = 3,0g;<\/p>\n<p>&#8211; Ve\u00edculo qsp = 100,0ml.<\/td>\n<\/tr>\n<tr class=\"row\">\n<th class=\"col-xs-4 col-sm-3\">Diferenciais e benef\u00edcios<\/th>\n<td class=\"col-xs-6 col-sm-7\">&#8211; Qualidade;<\/p>\n<p>&#8211; Durabilidade;<\/p>\n<p>&#8211; Alto rendimento.<\/td>\n<\/tr>\n<tr class=\"row\">\n<th class=\"col-xs-4 col-sm-3\">Modo de Usar<\/th>\n<td class=\"col-xs-6 col-sm-7\">Aplicar sobre o local, previamente limpo para assepsia de ferimentos;<\/p>\n<p>Gargarejos ou bochechos: diluir 1 colher de sopa do produto em 1\/2 copo de \u00e1gua filtrada ou fervida.<\/td>\n<\/tr>\n<tr class=\"row\">\n<th class=\"col-xs-4 col-sm-3\">Itens inclusos<\/th>\n<td class=\"col-xs-6 col-sm-7\">01 \u00c1gua Oxigenada 10 vol. \u00e9 um medicamento antiss\u00e9ptico t\u00f3pico, utilizado para assepsia de ferimentos e em gargarejos ou bochechos.<\/td>\n<\/tr>\n<\/tbody>\n<\/table>","protected":false},"excerpt":{"rendered":"<p>\u00c1gua Oxigenada 10 vol. \u00e9 um medicamento antiss\u00e9ptico t\u00f3pico, utilizado para assepsia de ferimentos e em gargarejos ou bochechos.<\/p>","protected":false},"featured_media":3234,"comment_status":"open","ping_status":"closed","template":"","meta":{"_joinchat":[]},"product_brand":[],"product_cat":[29],"product_tag":[],"class_list":{"0":"post-3233","1":"product","2":"type-product","3":"status-publish","4":"has-post-thumbnail","6":"product_cat-materiais-de-consumo","8":"first","9":"outofstock","10":"shipping-taxable","11":"purchasable","12":"product-type-simple"},"_links":{"self":[{"href":"https:\/\/www.medideal.com.br\/en\/wp-json\/wp\/v2\/product\/3233","targetHints":{"allow":["GET"]}}],"collection":[{"href":"https:\/\/www.medideal.com.br\/en\/wp-json\/wp\/v2\/product"}],"about":[{"href":"https:\/\/www.medideal.com.br\/en\/wp-json\/wp\/v2\/types\/product"}],"replies":[{"embeddable":true,"href":"https:\/\/www.medideal.com.br\/en\/wp-json\/wp\/v2\/comments?post=3233"}],"wp:featuredmedia":[{"embeddable":true,"href":"https:\/\/www.medideal.com.br\/en\/wp-json\/wp\/v2\/media\/3234"}],"wp:attachment":[{"href":"https:\/\/www.medideal.com.br\/en\/wp-json\/wp\/v2\/media?parent=3233"}],"wp:term":[{"taxonomy":"product_brand","embeddable":true,"href":"https:\/\/www.medideal.com.br\/en\/wp-json\/wp\/v2\/product_brand?post=3233"},{"taxonomy":"product_cat","embeddable":true,"href":"https:\/\/www.medideal.com.br\/en\/wp-json\/wp\/v2\/product_cat?post=3233"},{"taxonomy":"product_tag","embeddable":true,"href":"https:\/\/www.medideal.com.br\/en\/wp-json\/wp\/v2\/product_tag?post=3233"}],"curies":[{"name":"wp","href":"https:\/\/api.w.org\/{rel}","templated":true}]}}