{"id":3229,"date":"2023-12-14T09:54:12","date_gmt":"2023-12-14T12:54:12","guid":{"rendered":"https:\/\/www.medideal.com.br\/?post_type=product&#038;p=3229"},"modified":"2024-01-25T10:15:15","modified_gmt":"2024-01-25T13:15:15","slug":"roda-aro-6-com-pneu-macico-unidade-cds","status":"publish","type":"product","link":"https:\/\/www.medideal.com.br\/en\/roda-aro-6-com-pneu-macico-unidade-cds\/","title":{"rendered":"Roda Aro 6 com Pneu Maci\u00e7o Unidade &#8211; CDS"},"content":{"rendered":"<p>Roda Aro 6, com Pneu Maci\u00e7o Preto (Unit\u00e1rio).<\/p>\n<p>Pneu Maci\u00e7o Aro 6 para Cadeira de Rodas CDS.<\/p>\n<p>Pr\u00f3pria para cadeiras\u00a0CDS modelos simples, pneu preto, para uso sem rolamento.<\/p>\n<p><strong>Aten\u00e7\u00e3o! Este item \u00e9 vendido por unidade.<\/strong><\/p>\n<p>As cores apresentadas no site s\u00e3o meramente ilustrativas e podem ou n\u00e3o corresponder com exatid\u00e3o \u00e0 tonalidade aplicada.<\/p>\n<p>Para mais informa\u00e7\u00f5es sobre manuseio e cuidados quanto ao uso do produto, consulte o Manual do Usu\u00e1rio.<\/p>\n<p>Imagem meramente ilustrativa e a descri\u00e7\u00e3o do produto \u00e9 de responsabilidade do fabricante.<\/p>","protected":false},"excerpt":{"rendered":"<p>Roda Aro 6, com Pneu Maci\u00e7o Preto (Unit\u00e1rio).<\/p>","protected":false},"featured_media":3230,"comment_status":"open","ping_status":"closed","template":"","meta":{"_joinchat":[]},"product_brand":[],"product_cat":[31],"product_tag":[],"class_list":{"0":"post-3229","1":"product","2":"type-product","3":"status-publish","4":"has-post-thumbnail","6":"product_cat-cadeira-de-rodas","8":"first","9":"instock","10":"shipping-taxable","11":"purchasable","12":"product-type-simple"},"_links":{"self":[{"href":"https:\/\/www.medideal.com.br\/en\/wp-json\/wp\/v2\/product\/3229","targetHints":{"allow":["GET"]}}],"collection":[{"href":"https:\/\/www.medideal.com.br\/en\/wp-json\/wp\/v2\/product"}],"about":[{"href":"https:\/\/www.medideal.com.br\/en\/wp-json\/wp\/v2\/types\/product"}],"replies":[{"embeddable":true,"href":"https:\/\/www.medideal.com.br\/en\/wp-json\/wp\/v2\/comments?post=3229"}],"wp:featuredmedia":[{"embeddable":true,"href":"https:\/\/www.medideal.com.br\/en\/wp-json\/wp\/v2\/media\/3230"}],"wp:attachment":[{"href":"https:\/\/www.medideal.com.br\/en\/wp-json\/wp\/v2\/media?parent=3229"}],"wp:term":[{"taxonomy":"product_brand","embeddable":true,"href":"https:\/\/www.medideal.com.br\/en\/wp-json\/wp\/v2\/product_brand?post=3229"},{"taxonomy":"product_cat","embeddable":true,"href":"https:\/\/www.medideal.com.br\/en\/wp-json\/wp\/v2\/product_cat?post=3229"},{"taxonomy":"product_tag","embeddable":true,"href":"https:\/\/www.medideal.com.br\/en\/wp-json\/wp\/v2\/product_tag?post=3229"}],"curies":[{"name":"wp","href":"https:\/\/api.w.org\/{rel}","templated":true}]}}