{"id":3226,"date":"2023-12-13T15:38:25","date_gmt":"2023-12-13T18:38:25","guid":{"rendered":"https:\/\/www.medideal.com.br\/?post_type=product&#038;p=3226"},"modified":"2024-01-19T12:43:40","modified_gmt":"2024-01-19T15:43:40","slug":"cortador-de-comprimidos-supermedy","status":"publish","type":"product","link":"https:\/\/www.medideal.com.br\/en\/cortador-de-comprimidos-supermedy\/","title":{"rendered":"Cortador de Comprimidos &#8211; Supermedy"},"content":{"rendered":"<div class=\"content-page-area\">\n<div id=\"descricao-produto\" class=\"content-page-tab descricao-produto\">\n<div class=\"content\">\n<p>Cortador de comprimido pr\u00e1tico e vers\u00e1til, facilitando o manuseio de medica\u00e7\u00f5es que necessitam corte. Desenvolvido pensado nas pessoas que consomem medicamentos ou vitaminas regularmente e optam pela praticidade e conveni\u00eancia.<\/p>\n<\/div>\n<\/div>\n<\/div>\n<div class=\"produtos-relacionados\">\n<div class=\"title-ctn\"><\/div>\n<\/div>","protected":false},"excerpt":{"rendered":"<p>Cortador de comprimido pr\u00e1tico e vers\u00e1til, facilitando o manuseio de medica\u00e7\u00f5es que necessitam corte. Desenvolvido pensado nas pessoas que consomem medicamentos ou vitaminas regularmente e optam pela praticidade e conveni\u00eancia.<\/p>","protected":false},"featured_media":3227,"comment_status":"open","ping_status":"closed","template":"","meta":{"_joinchat":[]},"product_brand":[],"product_cat":[29],"product_tag":[],"class_list":{"0":"post-3226","1":"product","2":"type-product","3":"status-publish","4":"has-post-thumbnail","6":"product_cat-materiais-de-consumo","8":"first","9":"instock","10":"shipping-taxable","11":"purchasable","12":"product-type-simple"},"_links":{"self":[{"href":"https:\/\/www.medideal.com.br\/en\/wp-json\/wp\/v2\/product\/3226","targetHints":{"allow":["GET"]}}],"collection":[{"href":"https:\/\/www.medideal.com.br\/en\/wp-json\/wp\/v2\/product"}],"about":[{"href":"https:\/\/www.medideal.com.br\/en\/wp-json\/wp\/v2\/types\/product"}],"replies":[{"embeddable":true,"href":"https:\/\/www.medideal.com.br\/en\/wp-json\/wp\/v2\/comments?post=3226"}],"wp:featuredmedia":[{"embeddable":true,"href":"https:\/\/www.medideal.com.br\/en\/wp-json\/wp\/v2\/media\/3227"}],"wp:attachment":[{"href":"https:\/\/www.medideal.com.br\/en\/wp-json\/wp\/v2\/media?parent=3226"}],"wp:term":[{"taxonomy":"product_brand","embeddable":true,"href":"https:\/\/www.medideal.com.br\/en\/wp-json\/wp\/v2\/product_brand?post=3226"},{"taxonomy":"product_cat","embeddable":true,"href":"https:\/\/www.medideal.com.br\/en\/wp-json\/wp\/v2\/product_cat?post=3226"},{"taxonomy":"product_tag","embeddable":true,"href":"https:\/\/www.medideal.com.br\/en\/wp-json\/wp\/v2\/product_tag?post=3226"}],"curies":[{"name":"wp","href":"https:\/\/api.w.org\/{rel}","templated":true}]}}