{"id":3219,"date":"2023-12-13T15:24:58","date_gmt":"2023-12-13T18:24:58","guid":{"rendered":"https:\/\/www.medideal.com.br\/?post_type=product&#038;p=3219"},"modified":"2024-01-19T12:42:44","modified_gmt":"2024-01-19T15:42:44","slug":"colchao-pneumatico-hospitalar-110v-supermedy","status":"publish","type":"product","link":"https:\/\/www.medideal.com.br\/en\/colchao-pneumatico-hospitalar-110v-supermedy\/","title":{"rendered":"Colchao Pneum\u00e1tico Hospitalar 110V &#8211; Supermedy"},"content":{"rendered":"<p>Colchao Pneum\u00e1tico Hospitalar 110V Supermedy \u00e9 Sistema de press\u00e3o alternada para preven\u00e7\u00e3o de escaras para uso Hospitalar ou Domiciliar. Seu\u00a0sistema de ar, o Air Plus, massageia e estimula os tecidos inativos promovendo circula\u00e7\u00e3o vital.<\/p>\n<p>O Colch\u00e3o Pneum\u00e1tico age por uma a\u00e7\u00e3o suave de massagem que ajuda a promover a circula\u00e7\u00e3o, eliminando os problemas de press\u00e3o cont\u00ednua em um paciente im\u00f3vel ou com mobilidade reduzida.<\/p>\n<p>Colchao Pneum\u00e1tico Hospitalar funciona por meio de um\u00a0ciclo que dura 6 minutos para inflar e desinflar, alternando a press\u00e3o de ar de cada c\u00e9lula, proporcionando al\u00edvio de press\u00e3o \u00e0s partes do corpo que repousam sobre as c\u00e9lulas deflacionadas, esse resultado estimula os movimentos normais do corpo e a circula\u00e7\u00e3o do sangue, reduzindo tamb\u00e9m os riscos de danos ao tecido da pele causado por press\u00e3o constante.<\/p>\n<p>O Colchao Pneum\u00e1tico Hospitalar 110V Supermedy\u00a0 foi desenvolvido para proporcionar al\u00edvio ao corpo de pacientes que permanecem por muitas horas deitados ou na mesma posi\u00e7\u00e3o, que por conta disso, corre o risco de desenvolver escaras devido \u00e0 sua condi\u00e7\u00e3o.<\/p>\n<p>O sistema do colch\u00e3o \u00e9 composto por canais cheios de ar com o objetivo de alternar essas vias entre enchimento com ar e descompress\u00e3o, melhorando a circula\u00e7\u00e3o do corpo e evitando \u00falceras e o desenvolvimento das escaras. Essa difus\u00e3o de press\u00e3o \u00e9 realizada a cada 6 minutos por meio de movimentos alternados de inflar e desinflar c\u00e9lulas, estimulando a circula\u00e7\u00e3o do sangue na pele do paciente.<\/p>\n<p><strong>Diferencias do Colch\u00e3o Pneum\u00e1tico:<\/strong><\/p>\n<ul>\n<li>Composto por 130 c\u00e9lulas;<\/li>\n<li>Efici\u00eancia de mais de 90% mesmo quando inclinado at\u00e9 60\u00b0;<\/li>\n<li>Confeccionado em vinil resistente, leve, flex\u00edvel e imperme\u00e1vel;<\/li>\n<li>Tempo inicial para inflar: 10 min;<\/li>\n<li>Tempo de Ciclo: 6 Minutos<\/li>\n<li>Material PVC Resistente;<\/li>\n<li>Dimens\u00f5es : 200x90x7cm (CxLxA INFLADO);<\/li>\n<li>Peso: 2,3Kg<\/li>\n<li>Indicado para pacientes de at\u00e9 135 kg.<\/li>\n<li>Consumo energ\u00e9tico: 7 W.<\/li>\n<\/ul>\n<p><strong>Caracter\u00edsticas e diferencias da Unidade de Controle:<\/strong><\/p>\n<ul>\n<li>Dur\u00e1vel e compacta;<\/li>\n<li>Opera com um n\u00edvel de vibra\u00e7\u00e3o extremamente baixo;<\/li>\n<li>Silenciosa: possibilita um ambiente favor\u00e1vel ao sono tranquilo;<\/li>\n<li>Luz indicadora de funcionamento;<\/li>\n<li>Baixo consumo de energia el\u00e9trica;<\/li>\n<li>Press\u00e3o de Sa\u00edda: 2,0 psi (libra for\u00e7a por polegada ao quadrado) ou 103,42 mmHg(mil\u00edmetros de merc\u00fario);<\/li>\n<li>Tempo de ciclo: 2,5 minutos (110V);<\/li>\n<li>Volume de Ar: 4,5 lpm (litros por minuto) (110V).<\/li>\n<\/ul>\n<p><strong>Cuidados com o Produto:<\/strong><\/p>\n<ul>\n<li>\u00d3leos, pomadas, e res\u00edduos humanos (urina e fezes), ressecam o PVC e interfere na vida \u00fatil do produto.<\/li>\n<li>Cuidado com AGULHA NUNCA coloque seu colch\u00e3o em contato com objetos perfurocortantes.<\/li>\n<li>Use \u00e1gua e sab\u00e3o ou \u00e1lcool 70\u00ba para higienizar o seu colch\u00e3o<\/li>\n<\/ul>\n<p><strong>Especifica\u00e7\u00f5es:<\/strong><\/p>\n<ul>\n<li>Peso L\u00edquido: 3,5kg;<\/li>\n<li>Quantiade: 01 pe\u00e7a;<\/li>\n<li>Comprimento do cabo: 3m (metros);<\/li>\n<li>Capacidade: At\u00e9 130kg;<\/li>\n<li>Voltagem: 110V.<\/li>\n<\/ul>\n<p><strong>Conte\u00fado da Embalagem:<\/strong><\/p>\n<ul>\n<li>01 Compressor de press\u00e3o alternada;<\/li>\n<li>01 Colch\u00e3o pneum\u00e1tico infl\u00e1vel;<\/li>\n<li>01 Mangueira de conex\u00e3o;<\/li>\n<li>01 Manual de instru\u00e7\u00f5es;<\/li>\n<\/ul>","protected":false},"excerpt":{"rendered":"<p>Colchao Pneum\u00e1tico Hospitalar 110V Supermedy \u00e9 Sistema de press\u00e3o alternada para preven\u00e7\u00e3o de escaras para uso Hospitalar ou Domiciliar. Seu\u00a0sistema de ar, o Air Plus, massageia e estimula os tecidos inativos promovendo circula\u00e7\u00e3o vital.<\/p>","protected":false},"featured_media":3220,"comment_status":"open","ping_status":"closed","template":"","meta":{"_joinchat":[]},"product_brand":[],"product_cat":[116],"product_tag":[],"class_list":{"0":"post-3219","1":"product","2":"type-product","3":"status-publish","4":"has-post-thumbnail","6":"product_cat-colchoes-lencois-e-protetores","8":"first","9":"instock","10":"shipping-taxable","11":"purchasable","12":"product-type-simple"},"_links":{"self":[{"href":"https:\/\/www.medideal.com.br\/en\/wp-json\/wp\/v2\/product\/3219","targetHints":{"allow":["GET"]}}],"collection":[{"href":"https:\/\/www.medideal.com.br\/en\/wp-json\/wp\/v2\/product"}],"about":[{"href":"https:\/\/www.medideal.com.br\/en\/wp-json\/wp\/v2\/types\/product"}],"replies":[{"embeddable":true,"href":"https:\/\/www.medideal.com.br\/en\/wp-json\/wp\/v2\/comments?post=3219"}],"wp:featuredmedia":[{"embeddable":true,"href":"https:\/\/www.medideal.com.br\/en\/wp-json\/wp\/v2\/media\/3220"}],"wp:attachment":[{"href":"https:\/\/www.medideal.com.br\/en\/wp-json\/wp\/v2\/media?parent=3219"}],"wp:term":[{"taxonomy":"product_brand","embeddable":true,"href":"https:\/\/www.medideal.com.br\/en\/wp-json\/wp\/v2\/product_brand?post=3219"},{"taxonomy":"product_cat","embeddable":true,"href":"https:\/\/www.medideal.com.br\/en\/wp-json\/wp\/v2\/product_cat?post=3219"},{"taxonomy":"product_tag","embeddable":true,"href":"https:\/\/www.medideal.com.br\/en\/wp-json\/wp\/v2\/product_tag?post=3219"}],"curies":[{"name":"wp","href":"https:\/\/api.w.org\/{rel}","templated":true}]}}