{"id":3210,"date":"2023-12-13T14:44:25","date_gmt":"2023-12-13T17:44:25","guid":{"rendered":"https:\/\/www.medideal.com.br\/?post_type=product&#038;p=3210"},"modified":"2024-01-19T12:34:51","modified_gmt":"2024-01-19T15:34:51","slug":"massageador-de-cabeca-supermedy","status":"publish","type":"product","link":"https:\/\/www.medideal.com.br\/en\/massageador-de-cabeca-supermedy\/","title":{"rendered":"Massageador de Cabe\u00e7a &#8211; Supermedy"},"content":{"rendered":"<p>O\u00a0massageador de cabe\u00e7a manual Sol Supermedy com cabo em madeira\u00a0proporciona uma t\u00e9cnica de massagem antiga e simples, que alivia as dores e desconfortos do corpo, al\u00e9m de acalmar e relaxar profundamente a musculatura.<\/p>\n<p>Apesar de ser uma pr\u00e1tica antiga, ela ainda \u00e9 uma das melhores formas de prevenir e combater o estresse.<\/p>\n<p>Por ser port\u00e1til, \u00e9 super f\u00e1cil de manusear e carregar.<\/p>\n<p>Al\u00e9m disso, pode ser usado com ou sem o aux\u00edlio de outra pessoa.<\/p>","protected":false},"excerpt":{"rendered":"<p>O\u00a0massageador de cabe\u00e7a manual Sol Supermedy com cabo em madeira\u00a0proporciona uma t\u00e9cnica de massagem antiga e simples, que alivia as dores e desconfortos do corpo, al\u00e9m de acalmar e relaxar profundamente a musculatura.<\/p>","protected":false},"featured_media":3211,"comment_status":"open","ping_status":"closed","template":"","meta":{"_joinchat":[]},"product_brand":[],"product_cat":[114],"product_tag":[],"class_list":{"0":"post-3210","1":"product","2":"type-product","3":"status-publish","4":"has-post-thumbnail","6":"product_cat-fisioterapia-fitness","8":"first","9":"instock","10":"shipping-taxable","11":"purchasable","12":"product-type-simple"},"_links":{"self":[{"href":"https:\/\/www.medideal.com.br\/en\/wp-json\/wp\/v2\/product\/3210","targetHints":{"allow":["GET"]}}],"collection":[{"href":"https:\/\/www.medideal.com.br\/en\/wp-json\/wp\/v2\/product"}],"about":[{"href":"https:\/\/www.medideal.com.br\/en\/wp-json\/wp\/v2\/types\/product"}],"replies":[{"embeddable":true,"href":"https:\/\/www.medideal.com.br\/en\/wp-json\/wp\/v2\/comments?post=3210"}],"wp:featuredmedia":[{"embeddable":true,"href":"https:\/\/www.medideal.com.br\/en\/wp-json\/wp\/v2\/media\/3211"}],"wp:attachment":[{"href":"https:\/\/www.medideal.com.br\/en\/wp-json\/wp\/v2\/media?parent=3210"}],"wp:term":[{"taxonomy":"product_brand","embeddable":true,"href":"https:\/\/www.medideal.com.br\/en\/wp-json\/wp\/v2\/product_brand?post=3210"},{"taxonomy":"product_cat","embeddable":true,"href":"https:\/\/www.medideal.com.br\/en\/wp-json\/wp\/v2\/product_cat?post=3210"},{"taxonomy":"product_tag","embeddable":true,"href":"https:\/\/www.medideal.com.br\/en\/wp-json\/wp\/v2\/product_tag?post=3210"}],"curies":[{"name":"wp","href":"https:\/\/api.w.org\/{rel}","templated":true}]}}