{"id":3208,"date":"2023-12-13T13:05:19","date_gmt":"2023-12-13T16:05:19","guid":{"rendered":"https:\/\/www.medideal.com.br\/?post_type=product&#038;p=3208"},"modified":"2024-01-19T12:34:27","modified_gmt":"2024-01-19T15:34:27","slug":"esfoliador-e-massageador-de-pes-supermedy","status":"publish","type":"product","link":"https:\/\/www.medideal.com.br\/en\/esfoliador-e-massageador-de-pes-supermedy\/","title":{"rendered":"Esfoliador e Massageador de P\u00e9s &#8211; SUPERMEDY"},"content":{"rendered":"<table class=\"table table-striped\">\n<tbody>\n<tr class=\"row\">\n<th class=\"col-xs-4 col-sm-3\">Indica\u00e7\u00f5es<\/th>\n<td class=\"col-xs-6 col-sm-7\">Esfoliar e massagear os p\u00e9s \u00e9 um excelente produto para quem busca conforto e pele suave para os p\u00e9s.<\/p>\n<p>Funciona por meio de part\u00edculas cicro abrasivas e com a ajuda dela \u00e9 possivel remover peles \u00e1speras dos p\u00e9s, proporcionando bem estar.<\/td>\n<\/tr>\n<tr class=\"row\">\n<th class=\"col-xs-4 col-sm-3\">Diferenciais e benef\u00edcios<\/th>\n<td class=\"col-xs-6 col-sm-7\">&#8211; Dipositivo inovador que deixa suave a pele dos p\u00e9s;<\/p>\n<p>&#8211; Possui lixas rotativas que fazem uma remo\u00e7\u00e3o da pele \u00e1speras dos p\u00e9s, porpocionando tamb\u00e9m uma massagem;<\/p>\n<p>&#8211; Mais seguro e mais eficaz que os raspadores de p\u00e9s comuns;<\/p>\n<p>&#8211; Retira peles secas e calosidades b\u00e1sicas;<\/p>\n<p>&#8211; Design ergon\u00f4mico;<\/p>\n<p>&#8211; Possui um rolo com design exclusivo, que promove esfolia\u00e7\u00e3o completa junto a uma \u00f3tima massagem;<\/p>\n<p>&#8211; \u00c9 um produto port\u00e1til, pr\u00e1tico de usar e que funciona com 4 pilhas AA (n\u00e3o inclusas).<\/td>\n<\/tr>\n<tr class=\"row\">\n<th class=\"col-xs-4 col-sm-3\">Modo de Usar<\/th>\n<td class=\"col-xs-6 col-sm-7\">\n<ol>\n<li>Basta colocar uma das lixas e se certificar que ela est\u00e1 bem encaixada;<\/li>\n<li>Depois \u00e9 s\u00f3 inserir as pilhas (N\u00c3O INCLUSA) e girar a parte prateada em sentido hor\u00e1rio para ligar;<\/li>\n<li>\u00c9 importante usar o aparelho apenas se os p\u00e9s estiverem secos.<\/li>\n<\/ol>\n<\/td>\n<\/tr>\n<tr class=\"row\">\n<th class=\"col-xs-4 col-sm-3\">Itens inclusos<\/th>\n<td class=\"col-xs-6 col-sm-7\">01 Esfoliador e massageador de p\u00e9s\u00a0SUPERMEDY;<\/p>\n<p>01 Refil.<\/td>\n<\/tr>\n<\/tbody>\n<\/table>","protected":false},"excerpt":{"rendered":"<p>Esfoliar e massagear os p\u00e9s \u00e9 um excelente produto para quem busca conforto e pele suave para os p\u00e9s.<\/p>","protected":false},"featured_media":3209,"comment_status":"open","ping_status":"closed","template":"","meta":{"_joinchat":[]},"product_brand":[],"product_cat":[114],"product_tag":[],"class_list":{"0":"post-3208","1":"product","2":"type-product","3":"status-publish","4":"has-post-thumbnail","6":"product_cat-fisioterapia-fitness","8":"first","9":"instock","10":"shipping-taxable","11":"purchasable","12":"product-type-simple"},"_links":{"self":[{"href":"https:\/\/www.medideal.com.br\/en\/wp-json\/wp\/v2\/product\/3208","targetHints":{"allow":["GET"]}}],"collection":[{"href":"https:\/\/www.medideal.com.br\/en\/wp-json\/wp\/v2\/product"}],"about":[{"href":"https:\/\/www.medideal.com.br\/en\/wp-json\/wp\/v2\/types\/product"}],"replies":[{"embeddable":true,"href":"https:\/\/www.medideal.com.br\/en\/wp-json\/wp\/v2\/comments?post=3208"}],"wp:featuredmedia":[{"embeddable":true,"href":"https:\/\/www.medideal.com.br\/en\/wp-json\/wp\/v2\/media\/3209"}],"wp:attachment":[{"href":"https:\/\/www.medideal.com.br\/en\/wp-json\/wp\/v2\/media?parent=3208"}],"wp:term":[{"taxonomy":"product_brand","embeddable":true,"href":"https:\/\/www.medideal.com.br\/en\/wp-json\/wp\/v2\/product_brand?post=3208"},{"taxonomy":"product_cat","embeddable":true,"href":"https:\/\/www.medideal.com.br\/en\/wp-json\/wp\/v2\/product_cat?post=3208"},{"taxonomy":"product_tag","embeddable":true,"href":"https:\/\/www.medideal.com.br\/en\/wp-json\/wp\/v2\/product_tag?post=3208"}],"curies":[{"name":"wp","href":"https:\/\/api.w.org\/{rel}","templated":true}]}}