{"id":3206,"date":"2023-12-13T13:00:50","date_gmt":"2023-12-13T16:00:50","guid":{"rendered":"https:\/\/www.medideal.com.br\/?post_type=product&#038;p=3206"},"modified":"2023-12-13T13:00:51","modified_gmt":"2023-12-13T16:00:51","slug":"exercitador-de-dedos-supermedy","status":"publish","type":"product","link":"https:\/\/www.medideal.com.br\/en\/exercitador-de-dedos-supermedy\/","title":{"rendered":"Exercitador de Dedos &#8211; Supermedy"},"content":{"rendered":"<p><span class=\"sc-kpDqfm qhIEo\" data-testid=\"product-detail-title\">Exercitador de dedos supermedy<\/span><\/p>\n<div class=\"sc-fqkvVR heuZyN sc-jClOwR csggir\" data-testid=\"product-detail-description\">\n<div class=\"sc-fqkvVR hlqElk sc-fqbHDX hytkOm\" data-testid=\"rich-content-container\">Descri\u00e7\u00e3o<br \/>\nExercitador para dedos HAND &amp; PIANO GRIP<\/p>\n<p>\u00c9 um exercitador para m\u00e3os e dedos que auxilia na reabilita\u00e7\u00e3o de pacientes que sofreram algum tipo de les\u00e3o nas m\u00e3os ou dedos, utilizado em les\u00f5es do trabalho como LER (Les\u00e3o por esfor\u00e7o repetitivo) ou tamb\u00e9m para quem deseja fortalecer a musculatura de dedos e m\u00e3os.<br \/>\n\u00c9 ergon\u00f4mico, promove o fortalecimento e auxilia no movimento dos dedos.<br \/>\nPossui molas independentes, o que faz com que cada dedo seja fortalecido individualmente.<br \/>\nSeu tamanho compacto \u00e9 ideal para ser utilizado no conforto do lar ou para levar em viagens. Basta apert\u00e1-lo para come\u00e7ar a sentir a musculatura enrijecendo.<\/p>\n<p>ESPECIFICA\u00c7\u00d5ES:<br \/>\nMedidas aproximadas: 9x7x1 cm.<br \/>\nPeso aproximado: 55 gramas.<\/p><\/div>\n<\/div>","protected":false},"excerpt":{"rendered":"<p>\u00c9 um exercitador para m\u00e3os e dedos que auxilia na reabilita\u00e7\u00e3o de pacientes que sofreram algum tipo de les\u00e3o nas m\u00e3os ou dedos, utilizado em les\u00f5es do trabalho como LER (Les\u00e3o por esfor\u00e7o repetitivo) ou tamb\u00e9m para quem deseja fortalecer a musculatura de dedos e m\u00e3os.<\/p>","protected":false},"featured_media":3207,"comment_status":"open","ping_status":"closed","template":"","meta":{"_joinchat":[]},"product_brand":[],"product_cat":[114],"product_tag":[],"class_list":{"0":"post-3206","1":"product","2":"type-product","3":"status-publish","4":"has-post-thumbnail","6":"product_cat-fisioterapia-fitness","8":"first","9":"outofstock","10":"shipping-taxable","11":"purchasable","12":"product-type-simple"},"_links":{"self":[{"href":"https:\/\/www.medideal.com.br\/en\/wp-json\/wp\/v2\/product\/3206","targetHints":{"allow":["GET"]}}],"collection":[{"href":"https:\/\/www.medideal.com.br\/en\/wp-json\/wp\/v2\/product"}],"about":[{"href":"https:\/\/www.medideal.com.br\/en\/wp-json\/wp\/v2\/types\/product"}],"replies":[{"embeddable":true,"href":"https:\/\/www.medideal.com.br\/en\/wp-json\/wp\/v2\/comments?post=3206"}],"wp:featuredmedia":[{"embeddable":true,"href":"https:\/\/www.medideal.com.br\/en\/wp-json\/wp\/v2\/media\/3207"}],"wp:attachment":[{"href":"https:\/\/www.medideal.com.br\/en\/wp-json\/wp\/v2\/media?parent=3206"}],"wp:term":[{"taxonomy":"product_brand","embeddable":true,"href":"https:\/\/www.medideal.com.br\/en\/wp-json\/wp\/v2\/product_brand?post=3206"},{"taxonomy":"product_cat","embeddable":true,"href":"https:\/\/www.medideal.com.br\/en\/wp-json\/wp\/v2\/product_cat?post=3206"},{"taxonomy":"product_tag","embeddable":true,"href":"https:\/\/www.medideal.com.br\/en\/wp-json\/wp\/v2\/product_tag?post=3206"}],"curies":[{"name":"wp","href":"https:\/\/api.w.org\/{rel}","templated":true}]}}