{"id":3202,"date":"2023-12-13T11:26:41","date_gmt":"2023-12-13T14:26:41","guid":{"rendered":"https:\/\/www.medideal.com.br\/?post_type=product&#038;p=3202"},"modified":"2024-01-19T12:31:08","modified_gmt":"2024-01-19T15:31:08","slug":"massageador-facial-5-em-1-supermedy","status":"publish","type":"product","link":"https:\/\/www.medideal.com.br\/en\/massageador-facial-5-em-1-supermedy\/","title":{"rendered":"Massageador Facial 5 Em 1 &#8211; Supermedy"},"content":{"rendered":"<p>Massageador Facial 5 em 1 Supermedy<br \/>\nO massageador facial 5 em 1 com sistema rotativo oferece limpeza profunda di\u00e1ria e esfolia\u00e7\u00e3o suave, mantendo a pele sempre jovem.<br \/>\nAjuda a reduzir a oleosidade, manchas de sol e espinhas, rugas e linhas de express\u00e3o e assim promovendo uma massagem relaxante e revigorante.<br \/>\nAl\u00e9m disso ele limpa, massageia e esfolia sua pele de uma maneira r\u00e1pida e f\u00e1cil para que voc\u00ea n\u00e3o perca tempo.<\/p>\n<p>N\u00e3o limpe os acess\u00f3rios com \u00e1lcool ou detergente, use apenas \u00e1gua.<br \/>\nCaracter\u00edsticas: &#8211; 5 acess\u00f3rios de diferentes fun\u00e7\u00f5es. &#8211; Funciona com 2 pilhas AA (n\u00e3o inclusas). &#8211; Sistema rotativo.<\/p>","protected":false},"excerpt":{"rendered":"<p>O massageador facial 5 em 1 com sistema rotativo oferece limpeza profunda di\u00e1ria e esfolia\u00e7\u00e3o suave, mantendo a pele sempre jovem.<\/p>","protected":false},"featured_media":3203,"comment_status":"open","ping_status":"closed","template":"","meta":{"_joinchat":[]},"product_brand":[],"product_cat":[114],"product_tag":[],"class_list":{"0":"post-3202","1":"product","2":"type-product","3":"status-publish","4":"has-post-thumbnail","6":"product_cat-fisioterapia-fitness","8":"first","9":"instock","10":"shipping-taxable","11":"purchasable","12":"product-type-simple"},"_links":{"self":[{"href":"https:\/\/www.medideal.com.br\/en\/wp-json\/wp\/v2\/product\/3202","targetHints":{"allow":["GET"]}}],"collection":[{"href":"https:\/\/www.medideal.com.br\/en\/wp-json\/wp\/v2\/product"}],"about":[{"href":"https:\/\/www.medideal.com.br\/en\/wp-json\/wp\/v2\/types\/product"}],"replies":[{"embeddable":true,"href":"https:\/\/www.medideal.com.br\/en\/wp-json\/wp\/v2\/comments?post=3202"}],"wp:featuredmedia":[{"embeddable":true,"href":"https:\/\/www.medideal.com.br\/en\/wp-json\/wp\/v2\/media\/3203"}],"wp:attachment":[{"href":"https:\/\/www.medideal.com.br\/en\/wp-json\/wp\/v2\/media?parent=3202"}],"wp:term":[{"taxonomy":"product_brand","embeddable":true,"href":"https:\/\/www.medideal.com.br\/en\/wp-json\/wp\/v2\/product_brand?post=3202"},{"taxonomy":"product_cat","embeddable":true,"href":"https:\/\/www.medideal.com.br\/en\/wp-json\/wp\/v2\/product_cat?post=3202"},{"taxonomy":"product_tag","embeddable":true,"href":"https:\/\/www.medideal.com.br\/en\/wp-json\/wp\/v2\/product_tag?post=3202"}],"curies":[{"name":"wp","href":"https:\/\/api.w.org\/{rel}","templated":true}]}}