{"id":3198,"date":"2023-12-13T11:21:43","date_gmt":"2023-12-13T14:21:43","guid":{"rendered":"https:\/\/www.medideal.com.br\/?post_type=product&#038;p=3198"},"modified":"2024-01-19T12:30:34","modified_gmt":"2024-01-19T15:30:34","slug":"massageador-manual-3d-supermedy","status":"publish","type":"product","link":"https:\/\/www.medideal.com.br\/en\/massageador-manual-3d-supermedy\/","title":{"rendered":"Massageador Manual 3D &#8211; Supermedy"},"content":{"rendered":"<p><strong>Massageador Manual 3D Supermedy &#8211; Facial e Corporal<\/strong><\/p>\n<p>O Massageador Manual 3D Supermedy facial e corporal, \u00e9 pr\u00e1tico e vers\u00e1til. Possui design moderno com tecnologia girat\u00f3ria de 360\u00b0, cabo ergon\u00f4mico sendo f\u00e1cil de segurar. Ele se ajusta a v\u00e1rias regi\u00f5es do corpo, proporcionando uma massagem relaxante e revigorante.<\/p>\n<p><strong>A\u00e7\u00f5es e Benef\u00edcios<\/strong><\/p>\n<ul>\n<li>Proporciona massagem relaxante<\/li>\n<li>Pode ser utilizado em massagens corporais e faciais<\/li>\n<li>Pr\u00e1tico e vers\u00e1til<\/li>\n<li>Tecnologia girat\u00f3ria de 360\u00b0<\/li>\n<li>Cabo ergon\u00f4mico<\/li>\n<li>F\u00e1cil de segurar<\/li>\n<li>Se ajusta a v\u00e1rias regi\u00f5es do corpo<\/li>\n<\/ul>\n<p><strong>Indica\u00e7\u00f5es<\/strong><\/p>\n<ul>\n<li>Aumento da circula\u00e7\u00e3o sangu\u00ednea<\/li>\n<li>Massagem relaxante<\/li>\n<li>Al\u00edvio da tens\u00e3o<\/li>\n<li>Dores musculares<\/li>\n<\/ul>\n<p><strong>Dados T\u00e9cnicos<\/strong><\/p>\n<ul>\n<li>Marca: Supermedy<\/li>\n<li>Modelo: Manual 3D<\/li>\n<li>Dimens\u00f5es: 5,3 x 9 x 15,5cm (C x L x A)<\/li>\n<li>Peso: 0,17Kg<\/li>\n<\/ul>","protected":false},"excerpt":{"rendered":"<p>O Massageador Manual 3D Supermedy facial e corporal, \u00e9 pr\u00e1tico e vers\u00e1til. Possui design moderno com tecnologia girat\u00f3ria de 360\u00b0, cabo ergon\u00f4mico sendo f\u00e1cil de segurar.<\/p>","protected":false},"featured_media":3199,"comment_status":"open","ping_status":"closed","template":"","meta":{"_joinchat":[]},"product_brand":[],"product_cat":[114],"product_tag":[],"class_list":{"0":"post-3198","1":"product","2":"type-product","3":"status-publish","4":"has-post-thumbnail","6":"product_cat-fisioterapia-fitness","8":"first","9":"instock","10":"shipping-taxable","11":"purchasable","12":"product-type-simple"},"_links":{"self":[{"href":"https:\/\/www.medideal.com.br\/en\/wp-json\/wp\/v2\/product\/3198","targetHints":{"allow":["GET"]}}],"collection":[{"href":"https:\/\/www.medideal.com.br\/en\/wp-json\/wp\/v2\/product"}],"about":[{"href":"https:\/\/www.medideal.com.br\/en\/wp-json\/wp\/v2\/types\/product"}],"replies":[{"embeddable":true,"href":"https:\/\/www.medideal.com.br\/en\/wp-json\/wp\/v2\/comments?post=3198"}],"wp:featuredmedia":[{"embeddable":true,"href":"https:\/\/www.medideal.com.br\/en\/wp-json\/wp\/v2\/media\/3199"}],"wp:attachment":[{"href":"https:\/\/www.medideal.com.br\/en\/wp-json\/wp\/v2\/media?parent=3198"}],"wp:term":[{"taxonomy":"product_brand","embeddable":true,"href":"https:\/\/www.medideal.com.br\/en\/wp-json\/wp\/v2\/product_brand?post=3198"},{"taxonomy":"product_cat","embeddable":true,"href":"https:\/\/www.medideal.com.br\/en\/wp-json\/wp\/v2\/product_cat?post=3198"},{"taxonomy":"product_tag","embeddable":true,"href":"https:\/\/www.medideal.com.br\/en\/wp-json\/wp\/v2\/product_tag?post=3198"}],"curies":[{"name":"wp","href":"https:\/\/api.w.org\/{rel}","templated":true}]}}