{"id":3196,"date":"2023-12-13T11:17:21","date_gmt":"2023-12-13T14:17:21","guid":{"rendered":"https:\/\/www.medideal.com.br\/?post_type=product&#038;p=3196"},"modified":"2024-01-19T12:27:13","modified_gmt":"2024-01-19T15:27:13","slug":"fita-kinesio-bandagem-adesiva-bege-supermedy","status":"publish","type":"product","link":"https:\/\/www.medideal.com.br\/en\/fita-kinesio-bandagem-adesiva-bege-supermedy\/","title":{"rendered":"Fita Kinesio Bandagem Adesiva Bege &#8211; Supermedy"},"content":{"rendered":"<p>O kin\u00e9sio trata-se de uma t\u00e9cnica que consiste em bandagens adesivas altamente el\u00e1sticas, hipoal\u00e9rgicas que s\u00e3o peculiares por n\u00e3o limitar os movimentos e ainda permitem que a pele respire sem obstru\u00e7\u00e3o. A Bandagem El\u00e1stica Adesiva tem como fun\u00e7\u00e3o auxiliar no tratamento e preven\u00e7\u00e3o de les\u00f5es musculares sem uso de medicamentos ou subst\u00e2ncias qu\u00edmicas, podendo ser utilizada tamb\u00e9m em conjunto aos tratamentos tradicionais, dessa forma seu uso pode reduzir o tempo de reabilita\u00e7\u00e3o.<\/p>\n<p>Este m\u00e9todo possui a\u00e7\u00e3o neuro muscular e tem como principais fun\u00e7\u00f5es dar suporte muscular, ajudando na drenagem vascular e linf\u00e1tica, ativa o sistema analg\u00e9sico end\u00f3geno aliviando a dor e desconforto, auxilia na circula\u00e7\u00e3o do sangue por todo corpo e promove a regenera\u00e7\u00e3o tecidual. Aplicada em preven\u00e7\u00e3o de recidivas, les\u00f5es esportivas ou traum\u00e1ticas, p\u00f3s-operat\u00f3rio, instabilidade, les\u00f5es musculares e articulares, tend\u00f5es, inflama\u00e7\u00f5es, c\u00e3ibras, fascite plantar, edemas, cepas isquiotibiais, artrite, artrose, perna, coxa, joelho, punho, lombar, pesco\u00e7o, costas, ombro entre outros.<\/p>\n<p><strong>Caracter\u00edsticas:<\/strong><\/p>\n<p>\u2013 Diminui a dor e a sensa\u00e7\u00e3o de desconforto<\/p>\n<p>\u2013 Promove suporte durante a contra\u00e7\u00e3o muscular<\/p>\n<p>\u2013 Diminui a congest\u00e3o do fluxo linf\u00e1tico<\/p>\n<p>\u2013 Diminui o extravasamento sangu\u00edneo para o subcut\u00e2neo<\/p>\n<p>\u2013 Ajuda na corre\u00e7\u00e3o de desvios articulares<\/p>\n<p>\u2013 Promove aux\u00edlio na contra\u00e7\u00e3o muscular<\/p>\n<p>\u2013 Cor bege<\/p>\n<p>\u2013 Tamanho 5 cm x 5 m<\/p>\n<p><strong>A\u00e7\u00f5es e Benefic\u00edos:<\/strong><\/p>\n<p>\u2013 F\u00e1cil aplica\u00e7\u00e3o<\/p>\n<p>\u2013 Resistente \u00e0 \u00e1gua, pode ser usada durante o banho e em qualquer atividade aqu\u00e1tica<\/p>\n<p>\u2013 Dura entre 3 a 4 dias se aplicada corretamente<\/p>\n<p>\u2013 Ondas para a circula\u00e7\u00e3o do ar<\/p>\n<p>\u2013 Espessura leve como a da pele<\/p>\n<p><strong>Contra Indica\u00e7\u00f5es:<\/strong><\/p>\n<p>\u2013 N\u00e3o aplicar sobre tecidos fr\u00e1geis ou em fase de cicatriza\u00e7\u00e3o<\/p>\n<p>\u2013 N\u00e3o aplicar sobre regi\u00f5es com atividade maligna (CA)<\/p>\n<p>\u2013 N\u00e3o aplicar sobre infec\u00e7\u00f5es ativas<\/p>\n<p>\u2013 N\u00e3o aplicar em caso de alergia a pol\u00edmeros derivados do petr\u00f3leo<\/p>\n<p>Registro Anvisa\u00a080499940021<\/p>","protected":false},"excerpt":{"rendered":"<p>O kin\u00e9sio trata-se de uma t\u00e9cnica que consiste em bandagens adesivas altamente el\u00e1sticas, hipoal\u00e9rgicas que s\u00e3o peculiares por n\u00e3o limitar os movimentos e ainda permitem que a pele respire sem obstru\u00e7\u00e3o.<\/p>","protected":false},"featured_media":3197,"comment_status":"open","ping_status":"closed","template":"","meta":{"_joinchat":[]},"product_brand":[],"product_cat":[114],"product_tag":[],"class_list":{"0":"post-3196","1":"product","2":"type-product","3":"status-publish","4":"has-post-thumbnail","6":"product_cat-fisioterapia-fitness","8":"first","9":"instock","10":"shipping-taxable","11":"purchasable","12":"product-type-simple"},"_links":{"self":[{"href":"https:\/\/www.medideal.com.br\/en\/wp-json\/wp\/v2\/product\/3196","targetHints":{"allow":["GET"]}}],"collection":[{"href":"https:\/\/www.medideal.com.br\/en\/wp-json\/wp\/v2\/product"}],"about":[{"href":"https:\/\/www.medideal.com.br\/en\/wp-json\/wp\/v2\/types\/product"}],"replies":[{"embeddable":true,"href":"https:\/\/www.medideal.com.br\/en\/wp-json\/wp\/v2\/comments?post=3196"}],"wp:featuredmedia":[{"embeddable":true,"href":"https:\/\/www.medideal.com.br\/en\/wp-json\/wp\/v2\/media\/3197"}],"wp:attachment":[{"href":"https:\/\/www.medideal.com.br\/en\/wp-json\/wp\/v2\/media?parent=3196"}],"wp:term":[{"taxonomy":"product_brand","embeddable":true,"href":"https:\/\/www.medideal.com.br\/en\/wp-json\/wp\/v2\/product_brand?post=3196"},{"taxonomy":"product_cat","embeddable":true,"href":"https:\/\/www.medideal.com.br\/en\/wp-json\/wp\/v2\/product_cat?post=3196"},{"taxonomy":"product_tag","embeddable":true,"href":"https:\/\/www.medideal.com.br\/en\/wp-json\/wp\/v2\/product_tag?post=3196"}],"curies":[{"name":"wp","href":"https:\/\/api.w.org\/{rel}","templated":true}]}}