{"id":3194,"date":"2023-12-13T11:05:21","date_gmt":"2023-12-13T14:05:21","guid":{"rendered":"https:\/\/www.medideal.com.br\/?post_type=product&#038;p=3194"},"modified":"2024-01-19T12:26:08","modified_gmt":"2024-01-19T15:26:08","slug":"encosto-lombar-sente-bem-supermedy","status":"publish","type":"product","link":"https:\/\/www.medideal.com.br\/en\/encosto-lombar-sente-bem-supermedy\/","title":{"rendered":"Encosto Lombar Sente Bem &#8211; Supermedy"},"content":{"rendered":"<div>O Encosto Lombar &#8220;Sente Bem&#8221; da Supermedy, mant\u00e9m sua postura correta nas atividades do dia-a-dia evitando desconfortos na coluna.<\/div>\n<div><\/div>\n<div>Ao sentar-se com a ajuda do &#8220;Sente Bem&#8221; a regi\u00e3o lombar fica apoiada corretamente evitando assim que outras partes da sua coluna sejam sobrecarregadas. Al\u00e9m disto, possui uma manta central com esferas massageadoras e \u00e9 confeccionado em material leve e arejado, proporcionando total bem estar.<\/div>\n<div><\/div>\n<div>Encaixa-se perfeitamente em cadeiras e no banco do carro podendo ser usado a qualquer momento do dia.<\/div>\n<div><\/div>\n<div>Dados t\u00e9cnicos:<\/div>\n<div><\/div>\n<div>Confeccionado em material leve e arejado (Fios de ferro, nylon e Polipropileno);<\/div>\n<div><\/div>\n<div>Manta central com esferas massageadoras;<\/div>\n<div><\/div>\n<div>El\u00e1stico ajustador para encaixe em cadeiras e banco do carro.<\/div>","protected":false},"excerpt":{"rendered":"<p>O Encosto Lombar &#8220;Sente Bem&#8221; da Supermedy, mant\u00e9m sua postura correta nas atividades do dia-a-dia evitando desconfortos na coluna.<\/p>","protected":false},"featured_media":3195,"comment_status":"open","ping_status":"closed","template":"","meta":{"_joinchat":[]},"product_brand":[],"product_cat":[114],"product_tag":[],"class_list":{"0":"post-3194","1":"product","2":"type-product","3":"status-publish","4":"has-post-thumbnail","6":"product_cat-fisioterapia-fitness","8":"first","9":"instock","10":"shipping-taxable","11":"purchasable","12":"product-type-simple"},"_links":{"self":[{"href":"https:\/\/www.medideal.com.br\/en\/wp-json\/wp\/v2\/product\/3194","targetHints":{"allow":["GET"]}}],"collection":[{"href":"https:\/\/www.medideal.com.br\/en\/wp-json\/wp\/v2\/product"}],"about":[{"href":"https:\/\/www.medideal.com.br\/en\/wp-json\/wp\/v2\/types\/product"}],"replies":[{"embeddable":true,"href":"https:\/\/www.medideal.com.br\/en\/wp-json\/wp\/v2\/comments?post=3194"}],"wp:featuredmedia":[{"embeddable":true,"href":"https:\/\/www.medideal.com.br\/en\/wp-json\/wp\/v2\/media\/3195"}],"wp:attachment":[{"href":"https:\/\/www.medideal.com.br\/en\/wp-json\/wp\/v2\/media?parent=3194"}],"wp:term":[{"taxonomy":"product_brand","embeddable":true,"href":"https:\/\/www.medideal.com.br\/en\/wp-json\/wp\/v2\/product_brand?post=3194"},{"taxonomy":"product_cat","embeddable":true,"href":"https:\/\/www.medideal.com.br\/en\/wp-json\/wp\/v2\/product_cat?post=3194"},{"taxonomy":"product_tag","embeddable":true,"href":"https:\/\/www.medideal.com.br\/en\/wp-json\/wp\/v2\/product_tag?post=3194"}],"curies":[{"name":"wp","href":"https:\/\/api.w.org\/{rel}","templated":true}]}}