{"id":3178,"date":"2023-12-12T17:04:24","date_gmt":"2023-12-12T20:04:24","guid":{"rendered":"https:\/\/www.medideal.com.br\/?post_type=product&#038;p=3178"},"modified":"2024-01-19T12:15:55","modified_gmt":"2024-01-19T15:15:55","slug":"massageador-de-pes-em-madeira-supermedy","status":"publish","type":"product","link":"https:\/\/www.medideal.com.br\/en\/massageador-de-pes-em-madeira-supermedy\/","title":{"rendered":"Massageador de P\u00e9s em Madeira &#8211; Supermedy"},"content":{"rendered":"<p>O Massageador de P\u00e9s de Madeira Supermedy, proporciona uma tradicional e simples t\u00e9cnica de massagem. Ideal para massagens localizadas, ativando a circula\u00e7\u00e3o dos p\u00e9s.<\/p>\n<p>Alivia a dor e a tens\u00e3o ocasionadas por stress e cansa\u00e7o, ajudando a estimular a circula\u00e7\u00e3o sangu\u00ednea e relaxando a musculatura.<\/p>\n<p>\u2013 Acalma e relaxe profundamente a musculatura;<\/p>\n<p>\u2013 Alivia a dor e tens\u00e3o;<\/p>","protected":false},"excerpt":{"rendered":"<p>O Massageador de P\u00e9s de Madeira Supermedy, proporciona uma tradicional e simples t\u00e9cnica de massagem. Ideal para massagens localizadas, ativando a circula\u00e7\u00e3o dos p\u00e9s.<\/p>","protected":false},"featured_media":3179,"comment_status":"open","ping_status":"closed","template":"","meta":{"_joinchat":[]},"product_brand":[],"product_cat":[114],"product_tag":[],"class_list":{"0":"post-3178","1":"product","2":"type-product","3":"status-publish","4":"has-post-thumbnail","6":"product_cat-fisioterapia-fitness","8":"first","9":"outofstock","10":"shipping-taxable","11":"purchasable","12":"product-type-simple"},"_links":{"self":[{"href":"https:\/\/www.medideal.com.br\/en\/wp-json\/wp\/v2\/product\/3178","targetHints":{"allow":["GET"]}}],"collection":[{"href":"https:\/\/www.medideal.com.br\/en\/wp-json\/wp\/v2\/product"}],"about":[{"href":"https:\/\/www.medideal.com.br\/en\/wp-json\/wp\/v2\/types\/product"}],"replies":[{"embeddable":true,"href":"https:\/\/www.medideal.com.br\/en\/wp-json\/wp\/v2\/comments?post=3178"}],"wp:featuredmedia":[{"embeddable":true,"href":"https:\/\/www.medideal.com.br\/en\/wp-json\/wp\/v2\/media\/3179"}],"wp:attachment":[{"href":"https:\/\/www.medideal.com.br\/en\/wp-json\/wp\/v2\/media?parent=3178"}],"wp:term":[{"taxonomy":"product_brand","embeddable":true,"href":"https:\/\/www.medideal.com.br\/en\/wp-json\/wp\/v2\/product_brand?post=3178"},{"taxonomy":"product_cat","embeddable":true,"href":"https:\/\/www.medideal.com.br\/en\/wp-json\/wp\/v2\/product_cat?post=3178"},{"taxonomy":"product_tag","embeddable":true,"href":"https:\/\/www.medideal.com.br\/en\/wp-json\/wp\/v2\/product_tag?post=3178"}],"curies":[{"name":"wp","href":"https:\/\/api.w.org\/{rel}","templated":true}]}}