{"id":3174,"date":"2023-12-12T16:46:07","date_gmt":"2023-12-12T19:46:07","guid":{"rendered":"https:\/\/www.medideal.com.br\/?post_type=product&#038;p=3174"},"modified":"2024-01-19T12:14:41","modified_gmt":"2024-01-19T15:14:41","slug":"massageador-body-supermedy","status":"publish","type":"product","link":"https:\/\/www.medideal.com.br\/en\/massageador-body-supermedy\/","title":{"rendered":"Massageador Body &#8211; Supermedy"},"content":{"rendered":"<p>O body massage orbital da Supermedy \u00e9 um aparelho de massagem que possui a forma de uma pistola e realiza movimentos circulares e vibrantes, promovendo uma massagem localizada e potente em diferentes partes do corpo.<\/p>\n<p>Ele pode ajudar a tonificar os m\u00fasculos, combater dores, celulites, flacidez e redu\u00e7\u00e3o de medidas, melhorar a circula\u00e7\u00e3o sangu\u00ednea e aliviar tens\u00f5es e estresse. O body massage orbital da Supermedy possui um motor el\u00e9trico de alta rota\u00e7\u00e3o, que pode girar at\u00e9 2.200 vezes por minuto, e um sistema orbital que gira 360\u00ba, aumentando o poder da massagem. Ele tamb\u00e9m possui um ajuste gradual de velocidade, uma tela lav\u00e1vel de seguran\u00e7a e diferentes acess\u00f3rios para adaptar a massagem \u00e0s suas necessidades<\/p>\n<p>&nbsp;<\/p>\n<p>BENEFICIOS<br \/>\n&#8211; Alivia as dores dos m\u00fasculos duros, causadas pela fadiga, pelo reumatismo ou pela m\u00e1 circula\u00e7\u00e3o do sangue<br \/>\n&#8211; Relaxa o m\u00fasculo tenso e elimina as dores causadas pelo esporte<br \/>\n&#8211; Reduz a gordura, especialmente nas coxas, bumbum e culotes<br \/>\n&#8211; Promove massagens localizadas com um poderoso motor el\u00e9trico de alta rota\u00e7\u00e3o e um sistema orbital que gira 360\u00ba<br \/>\n&#8211; Possui intensidade da massagem regul\u00e1vel e diferentes discos para simular o movimento shiatsu ou obter drenagem linf\u00e1tica<br \/>\n&#8211; \u00c9 pr\u00e1tico, eficaz, port\u00e1til e f\u00e1cil de usar<br \/>\n&#8211; O massageador possui tr\u00eas discos diferentes que podem ser trocados para obter diferentes tipos de massagem: ondulado, liso e de roletes<br \/>\n&#8211; O massageador possui intensidade da massagem regul\u00e1vel e pode ser usado com ou sem \u00f3leos ou cremes de massagem<\/p>\n<p>&nbsp;<\/p>\n<p>INDICA\u00c7\u00c3O<br \/>\n&#8211; Pode ser usado em diferentes partes do corpo, como pernas, pesco\u00e7o, ombros, costas, abd\u00f4men, bumbum e bra\u00e7os<br \/>\n&#8211; Deve ser usado com cuidado e modera\u00e7\u00e3o, seguindo as instru\u00e7\u00f5es do fabricante e evitando \u00e1reas sens\u00edveis ou lesionadas<\/p>\n<p>&nbsp;<\/p>\n<p>INFORMA\u00c7\u00d5ES SOBRE OS DISCOS<br \/>\n&#8211;\u00a0<strong>Disco ondulado:<\/strong>\u00a0\u00e9 usado para simular o movimento shiatsu e obter massagens mais vigorosas, perfeitas para massagear coxas, bumbum e culotes<br \/>\n&#8211;\u00a0<strong>Disco liso:<\/strong>\u00a0\u00e9 usado para desfrutar de massagens delicadas e relaxantes na nuca, ombros e pesco\u00e7o, e aliviar as tens\u00f5es e a sensa\u00e7\u00e3o de cansa\u00e7o e estresse<br \/>\n&#8211;\u00a0<strong>Disco de roletes:\u00a0<\/strong>\u00e9 usado para obter poderosas massagens localizadas (drenagem linf\u00e1tica), ideais para a barriga, costas, ombros e bra\u00e7os<\/p>\n<p>&nbsp;<\/p>\n<p>ITENS INCLUSOS<br \/>\n1 Massageador Orbital Supermedy com capa protetora<br \/>\n3 Discos de massagens: Ondulado, liso e roletes<\/p>","protected":false},"excerpt":{"rendered":"<p>O body massage orbital da Supermedy \u00e9 um aparelho de massagem que possui a forma de uma pistola e realiza movimentos circulares e vibrantes, promovendo uma massagem localizada e potente em diferentes partes do corpo.<\/p>","protected":false},"featured_media":3175,"comment_status":"open","ping_status":"closed","template":"","meta":{"_joinchat":[]},"product_brand":[],"product_cat":[114],"product_tag":[],"class_list":{"0":"post-3174","1":"product","2":"type-product","3":"status-publish","4":"has-post-thumbnail","6":"product_cat-fisioterapia-fitness","8":"first","9":"instock","10":"shipping-taxable","11":"purchasable","12":"product-type-simple"},"_links":{"self":[{"href":"https:\/\/www.medideal.com.br\/en\/wp-json\/wp\/v2\/product\/3174","targetHints":{"allow":["GET"]}}],"collection":[{"href":"https:\/\/www.medideal.com.br\/en\/wp-json\/wp\/v2\/product"}],"about":[{"href":"https:\/\/www.medideal.com.br\/en\/wp-json\/wp\/v2\/types\/product"}],"replies":[{"embeddable":true,"href":"https:\/\/www.medideal.com.br\/en\/wp-json\/wp\/v2\/comments?post=3174"}],"wp:featuredmedia":[{"embeddable":true,"href":"https:\/\/www.medideal.com.br\/en\/wp-json\/wp\/v2\/media\/3175"}],"wp:attachment":[{"href":"https:\/\/www.medideal.com.br\/en\/wp-json\/wp\/v2\/media?parent=3174"}],"wp:term":[{"taxonomy":"product_brand","embeddable":true,"href":"https:\/\/www.medideal.com.br\/en\/wp-json\/wp\/v2\/product_brand?post=3174"},{"taxonomy":"product_cat","embeddable":true,"href":"https:\/\/www.medideal.com.br\/en\/wp-json\/wp\/v2\/product_cat?post=3174"},{"taxonomy":"product_tag","embeddable":true,"href":"https:\/\/www.medideal.com.br\/en\/wp-json\/wp\/v2\/product_tag?post=3174"}],"curies":[{"name":"wp","href":"https:\/\/api.w.org\/{rel}","templated":true}]}}