{"id":3166,"date":"2023-12-12T16:38:10","date_gmt":"2023-12-12T19:38:10","guid":{"rendered":"https:\/\/www.medideal.com.br\/?post_type=product&#038;p=3166"},"modified":"2024-01-19T12:10:14","modified_gmt":"2024-01-19T15:10:14","slug":"massageador-corporal-g-relax-c-infravermelho-bivolt-supermedy","status":"publish","type":"product","link":"https:\/\/www.medideal.com.br\/en\/massageador-corporal-g-relax-c-infravermelho-bivolt-supermedy\/","title":{"rendered":"Massageador Corporal G-relax C\/ Infravermelho &#8211; Bivolt &#8211; Supermedy"},"content":{"rendered":"<p>Trocar noites mal dormidas e momentos de estresse por algo muito mais relaxante \u00e9 muito f\u00e1cil, basta escolher o produto correto para a sua necessidade. Como o Massageador com Infravermelho Flex-6 de Bra\u00e7o Dobr\u00e1vel e 6 ponteiras da Supermedy. Marca que est\u00e1 sempre pensando na sa\u00fade e bem estar do indiv\u00edduo, ela \u00e9 a respons\u00e1vel pelo massageador Flex-6, um aparelho completo e ideal para deixar sua pr\u00f3pria massagem muito mais eficaz e relaxante. Pr\u00e1tico e simples de utilizar, esse produto para sa\u00fade vai com um cabo articulado que dobra em at\u00e9 90o, al\u00e9m de uma cabe\u00e7a de massagem que possui uma rota\u00e7\u00e3o de 360o, garantindo um maior conforto e alcance at\u00e9 em \u00e1reas mais dif\u00edceis. Inclusive, para que seu bra\u00e7o n\u00e3o canse, ele ainda \u00e9 leve e muito f\u00e1cil de manusear. Aproveite tamb\u00e9m que o Massageador infravermelho possui seis ponteiras diferentes e troque-as para obter diferentes resultados nas mais diferentes partes do corpo. Al\u00e9m disso, \u00e9 poss\u00edvel tamb\u00e9m optar pelas fun\u00e7\u00f5es de massagem com calor infravermelho, que ativa a circula\u00e7\u00e3o do sangue, apenas massagem ou apenas calor.<\/p>\n<p>O massageador corporal el\u00e9trico com infravermelho ergon\u00f4mico port\u00e1til G-Relax Supermedy \u00e9 uma solu\u00e7\u00e3o eficiente para as suas massagens di\u00e1rias, de forma pr\u00e1tica e segura!<\/p>\n<p>Difere-se dos outros modelos do mercado por reduzir a for\u00e7a excessiva da massagem e relaxar os m\u00fasculos, proporcionando uma massagem intensa e relaxante.<\/p>\n<p>Os raios infravermelhos s\u00e3o ondas de energia que penetram profundamente as camadas da pele e dos m\u00fasculos. A energia dessas ondas eleva, suavemente, a energia da superf\u00edcie do corpo, provocando relaxamento. Melhora a circula\u00e7\u00e3o, alivia a dor e rigidez articular com sua a\u00e7\u00e3o analg\u00e9sica, melhora ansiedade e fortalece o sistema imunol\u00f3gico.<\/p>\n<p>CARACTERISTICAS:<\/p>\n<p>\u2022 Grande \u00e1rea de infravermelho;<\/p>\n<p>\u2022 Ajuste vertical de 90\u00b0;<\/p>\n<p>\u2022 270\u00b0 de giro a direita e esquerda;<\/p>\n<p>\u2022 2 n\u00edveis de intensidade;<\/p>\n<p>\u2022 12 luzes de LED integradas;<\/p>\n<p>\u2022 Inclui 6 acess\u00f3rios intercambi\u00e1veis que proporcionam diferentes tipos de massagem para todo o corpo;<\/p>\n<p>\u2022 Controle de fun\u00e7\u00f5es: massagem com calor infravermelho, apenas massagem ou apenas calor infravermelho;<\/p>\n<p>\u2022 Bivolt autom\u00e1tico;<\/p>\n<p>\u2022 Auto massageador.<\/p>","protected":false},"excerpt":{"rendered":"<p>O massageador corporal el\u00e9trico com infravermelho ergon\u00f4mico port\u00e1til G-Relax Supermedy \u00e9 uma solu\u00e7\u00e3o eficiente para as suas massagens di\u00e1rias, de forma pr\u00e1tica e segura!<\/p>","protected":false},"featured_media":3167,"comment_status":"open","ping_status":"closed","template":"","meta":{"_joinchat":[]},"product_brand":[],"product_cat":[114],"product_tag":[],"class_list":{"0":"post-3166","1":"product","2":"type-product","3":"status-publish","4":"has-post-thumbnail","6":"product_cat-fisioterapia-fitness","8":"first","9":"instock","10":"shipping-taxable","11":"purchasable","12":"product-type-simple"},"_links":{"self":[{"href":"https:\/\/www.medideal.com.br\/en\/wp-json\/wp\/v2\/product\/3166","targetHints":{"allow":["GET"]}}],"collection":[{"href":"https:\/\/www.medideal.com.br\/en\/wp-json\/wp\/v2\/product"}],"about":[{"href":"https:\/\/www.medideal.com.br\/en\/wp-json\/wp\/v2\/types\/product"}],"replies":[{"embeddable":true,"href":"https:\/\/www.medideal.com.br\/en\/wp-json\/wp\/v2\/comments?post=3166"}],"wp:featuredmedia":[{"embeddable":true,"href":"https:\/\/www.medideal.com.br\/en\/wp-json\/wp\/v2\/media\/3167"}],"wp:attachment":[{"href":"https:\/\/www.medideal.com.br\/en\/wp-json\/wp\/v2\/media?parent=3166"}],"wp:term":[{"taxonomy":"product_brand","embeddable":true,"href":"https:\/\/www.medideal.com.br\/en\/wp-json\/wp\/v2\/product_brand?post=3166"},{"taxonomy":"product_cat","embeddable":true,"href":"https:\/\/www.medideal.com.br\/en\/wp-json\/wp\/v2\/product_cat?post=3166"},{"taxonomy":"product_tag","embeddable":true,"href":"https:\/\/www.medideal.com.br\/en\/wp-json\/wp\/v2\/product_tag?post=3166"}],"curies":[{"name":"wp","href":"https:\/\/api.w.org\/{rel}","templated":true}]}}