{"id":3164,"date":"2023-12-12T16:31:41","date_gmt":"2023-12-12T19:31:41","guid":{"rendered":"https:\/\/www.medideal.com.br\/?post_type=product&#038;p=3164"},"modified":"2024-01-25T13:46:04","modified_gmt":"2024-01-25T16:46:04","slug":"balanca-digital-supermedy","status":"publish","type":"product","link":"https:\/\/www.medideal.com.br\/en\/balanca-digital-supermedy\/","title":{"rendered":"Balan\u00e7a Digital Supermedy"},"content":{"rendered":"<p>A Balan\u00e7a Digital de Supermedy possui um design moderno e incr\u00edvel capacidade para pesagem de at\u00e9 180Kg. Possui plataforma de 6mm de vidro temperado e seu visor de LCD, al\u00e9m das fun\u00e7\u00f5es de auto desligamento e confirma\u00e7\u00e3o de pesagem autom\u00e1tica, possui indicador de bateria fraca. O modelo funciona com 1 bateria de 3v CR 2032 que acompanha o produto. \u00c9 apropriada para o uso dom\u00e9stico, pois ocupa pouqu\u00edssimo espa\u00e7o<\/p>","protected":false},"excerpt":{"rendered":"<p>A Balan\u00e7a Digital de Supermedy possui um design moderno e incr\u00edvel capacidade para pesagem de at\u00e9 180Kg.<\/p>","protected":false},"featured_media":3534,"comment_status":"open","ping_status":"closed","template":"","meta":{"_joinchat":[]},"product_brand":[],"product_cat":[114],"product_tag":[],"class_list":{"0":"post-3164","1":"product","2":"type-product","3":"status-publish","4":"has-post-thumbnail","6":"product_cat-fisioterapia-fitness","8":"first","9":"instock","10":"shipping-taxable","11":"purchasable","12":"product-type-simple"},"_links":{"self":[{"href":"https:\/\/www.medideal.com.br\/en\/wp-json\/wp\/v2\/product\/3164","targetHints":{"allow":["GET"]}}],"collection":[{"href":"https:\/\/www.medideal.com.br\/en\/wp-json\/wp\/v2\/product"}],"about":[{"href":"https:\/\/www.medideal.com.br\/en\/wp-json\/wp\/v2\/types\/product"}],"replies":[{"embeddable":true,"href":"https:\/\/www.medideal.com.br\/en\/wp-json\/wp\/v2\/comments?post=3164"}],"wp:featuredmedia":[{"embeddable":true,"href":"https:\/\/www.medideal.com.br\/en\/wp-json\/wp\/v2\/media\/3534"}],"wp:attachment":[{"href":"https:\/\/www.medideal.com.br\/en\/wp-json\/wp\/v2\/media?parent=3164"}],"wp:term":[{"taxonomy":"product_brand","embeddable":true,"href":"https:\/\/www.medideal.com.br\/en\/wp-json\/wp\/v2\/product_brand?post=3164"},{"taxonomy":"product_cat","embeddable":true,"href":"https:\/\/www.medideal.com.br\/en\/wp-json\/wp\/v2\/product_cat?post=3164"},{"taxonomy":"product_tag","embeddable":true,"href":"https:\/\/www.medideal.com.br\/en\/wp-json\/wp\/v2\/product_tag?post=3164"}],"curies":[{"name":"wp","href":"https:\/\/api.w.org\/{rel}","templated":true}]}}