{"id":3162,"date":"2023-12-12T16:12:58","date_gmt":"2023-12-12T19:12:58","guid":{"rendered":"https:\/\/www.medideal.com.br\/?post_type=product&#038;p=3162"},"modified":"2023-12-12T16:12:58","modified_gmt":"2023-12-12T19:12:58","slug":"dieta-diamax-ig-1000ml","status":"publish","type":"product","link":"https:\/\/www.medideal.com.br\/en\/dieta-diamax-ig-1000ml\/","title":{"rendered":"Dieta Diamax IG &#8211; 1000ml"},"content":{"rendered":"<p>O Diamax IG \u00e9 uma dieta enteral polim\u00e9rica, normocal\u00f3rica e normoproteica, nutricionalmente completa, desenvolvida especialmente para o controle glic\u00eamico em casos de diabetes. Com uma composi\u00e7\u00e3o isenta de sacarose, o Diamax IG proporciona bem-estar e melhor qualidade de vida.<\/p>\n<p>AL\u00c9RGICOS: CONT\u00c9M DERIVADOS DO LEITE E SOJA. ISENTO DE LACTOSE E GL\u00daTEN<\/p>\n<h2>Indica\u00e7\u00e3o<\/h2>\n<p>Controle glic\u00eamico e preven\u00e7\u00e3o das complica\u00e7\u00f5es do diabetes.<\/p>","protected":false},"excerpt":{"rendered":"<p>O Diamax IG \u00e9 uma dieta enteral polim\u00e9rica, normocal\u00f3rica e normoproteica, nutricionalmente completa, desenvolvida especialmente para o controle glic\u00eamico em casos de diabetes.<\/p>","protected":false},"featured_media":3163,"comment_status":"open","ping_status":"closed","template":"","meta":{"_joinchat":[]},"product_brand":[],"product_cat":[115],"product_tag":[],"class_list":{"0":"post-3162","1":"product","2":"type-product","3":"status-publish","4":"has-post-thumbnail","6":"product_cat-nutricao","8":"first","9":"outofstock","10":"shipping-taxable","11":"purchasable","12":"product-type-simple"},"_links":{"self":[{"href":"https:\/\/www.medideal.com.br\/en\/wp-json\/wp\/v2\/product\/3162","targetHints":{"allow":["GET"]}}],"collection":[{"href":"https:\/\/www.medideal.com.br\/en\/wp-json\/wp\/v2\/product"}],"about":[{"href":"https:\/\/www.medideal.com.br\/en\/wp-json\/wp\/v2\/types\/product"}],"replies":[{"embeddable":true,"href":"https:\/\/www.medideal.com.br\/en\/wp-json\/wp\/v2\/comments?post=3162"}],"wp:featuredmedia":[{"embeddable":true,"href":"https:\/\/www.medideal.com.br\/en\/wp-json\/wp\/v2\/media\/3163"}],"wp:attachment":[{"href":"https:\/\/www.medideal.com.br\/en\/wp-json\/wp\/v2\/media?parent=3162"}],"wp:term":[{"taxonomy":"product_brand","embeddable":true,"href":"https:\/\/www.medideal.com.br\/en\/wp-json\/wp\/v2\/product_brand?post=3162"},{"taxonomy":"product_cat","embeddable":true,"href":"https:\/\/www.medideal.com.br\/en\/wp-json\/wp\/v2\/product_cat?post=3162"},{"taxonomy":"product_tag","embeddable":true,"href":"https:\/\/www.medideal.com.br\/en\/wp-json\/wp\/v2\/product_tag?post=3162"}],"curies":[{"name":"wp","href":"https:\/\/api.w.org\/{rel}","templated":true}]}}