{"id":3159,"date":"2023-12-12T16:10:26","date_gmt":"2023-12-12T19:10:26","guid":{"rendered":"https:\/\/www.medideal.com.br\/?post_type=product&#038;p=3159"},"modified":"2023-12-12T16:10:26","modified_gmt":"2023-12-12T19:10:26","slug":"dieta-trophic-soya-1-5-1000ml","status":"publish","type":"product","link":"https:\/\/www.medideal.com.br\/en\/dieta-trophic-soya-1-5-1000ml\/","title":{"rendered":"Dieta Trophic Soya 1.5 &#8211; 1000ml"},"content":{"rendered":"<p>O Trophic Soya 1.5 \u00e9 um alimento enteral hipercal\u00f3rico e normoprot\u00e9ico. Sua f\u00f3rmula \u00e9 composta com 100% prote\u00edna isolada de soja e baixo teor de gorduras saturadas.<\/p>\n<h2>O Trophic Soya 1.5: para que serve?<\/h2>\n<p>Por ser um alimento com alta concentra\u00e7\u00e3o de calorias, Trophic Soya 1.5 contribui para a recupera\u00e7\u00e3o ou manuten\u00e7\u00e3o do estado nutricional de pacientes que necessitam de maior aporte cal\u00f3rico. E tamb\u00e9m indicados para pessoas que consomem prote\u00edna somente de origem vegetal.<\/p>\n<h2>Para quem \u00e9 indicado o Trophic Soya 1.5?<\/h2>\n<p>Indicados para pessoas que consomem prote\u00edna somente de origem vegetal, pessoas em situa\u00e7\u00e3o de risco nutricional ou situa\u00e7\u00f5es de nutri\u00e7\u00e3o enteral prolongada.<\/p>\n<h2>Benef\u00edcios do Trophic Soya 1.5<\/h2>\n<ul class=\"list-check\">\n<li>Por ser uma dieta hipercal\u00f3rica, completa e balanceada, Trophic Soya 1.5 ajuda a suprir as necessidades nutricionais de pacientes que precisam de um consumo elevado de calorias.<\/li>\n<li>100% Prote\u00edna isolada da soja.<\/li>\n<li>Baixo teor de gorduras saturadas.<\/li>\n<li>Pode ser consumido via oral e enteral.<\/li>\n<\/ul>\n<h2>Como usar o Trophic Soya 1.5?<\/h2>\n<ul class=\"list-check\">\n<li>&nbsp;<br \/>\n<h3>Alimenta\u00e7\u00e3o via sonda<\/h3>\n<p>&nbsp;<\/li>\n<\/ul>\n<p>Nesse caso, a dieta deve ser administrada em temperatura ambiente. Caso esteja sob refrigera\u00e7\u00e3o, a quantidade que ser\u00e1 utilizada dever\u00e1 ser deixada 30 minutos fora da geladeira para que ela adquira a temperatura do ambiente. Lembre-se de que esse alimento n\u00e3o deve ser aquecido de forma alguma.<\/p>\n<ul class=\"list-check\">\n<li>&nbsp;<br \/>\n<h3>Alimenta\u00e7\u00e3o via oral<\/h3>\n<p>&nbsp;<\/li>\n<\/ul>\n<p>No caso da ingest\u00e3o do alimento via oral, o Trophic Soya 1.5 pode ser consumido gelado ou em temperatura ambiente.<\/p>\n<h2>Como conservar?<\/h2>\n<p>Enquanto fechado, o Trophic Soya 1.5 deve ser armazenado \u00e0 temperatura ambiente, em um local fresco e seco, e n\u00e3o deve ser exposto a calor excessivo. Ap\u00f3s abrir a embalagem, manter o produto sob refrigera\u00e7\u00e3o por, no m\u00e1ximo, 24 horas. Passado esse per\u00edodo, o conte\u00fado dever\u00e1 ser desprezado.<\/p>\n<h2>Para quem n\u00e3o \u00e9 indicado:<\/h2>\n<p>O Trophic Soya 1.5 \u00e9 contra indicado para al\u00e9rgicos \u00e0 prote\u00edna da soja.<\/p>\n<h2>Ingredientes<\/h2>\n<p>\u00c1gua, Maltodextrina, Prote\u00edna Isolada de Soja, \u00d3leo Vegetal (Canola e Milho\/Soja), minerais (citrato de pot\u00e1ssio, cloreto de pot\u00e1ssio, fosfato de c\u00e1lcio dib\u00e1sico, carbonato de c\u00e1lcio, fosfato de pot\u00e1ssio monob\u00e1sico, carbonato de magn\u00e9sio, citrato s\u00f3dio, gluconato de zinco, gluconato ferroso, sulfato de mangan\u00eas, sulfato de cobre, selenato de s\u00f3dio, iodeto de pot\u00e1ssio, cloreto de cromo, molibdato de s\u00f3dio), vitaminas (citrato de colina, L-ascorbato de s\u00f3dio, acetato de DL-alfa-tocoferol, betacaroteno, nicotinamida, palmitato de retinila, colecalciferol, D-pantotenato de c\u00e1lcio, cloridrato de piridoxina, tiamina mononitrato, fitomenadiona, riboflavina, D-biotina, \u00e1cido N-pteroil-L-glut\u00e2mico, cianocobalamina), aromatizante, emulsificantes mono e diglicer\u00eddeos de \u00e1cidos graxos e lecitina de soja, estabilizante carragena.<\/p>\n<p>N\u00c3O CONT\u00c9M GL\u00daTEN. AL\u00c9RGICOS; CONT\u00c9M DERIVADOS DE SOJA.<\/p>","protected":false},"excerpt":{"rendered":"<p>O Trophic Soya 1.5 \u00e9 um alimento enteral hipercal\u00f3rico e normoprot\u00e9ico. Sua f\u00f3rmula \u00e9 composta com 100% prote\u00edna isolada de soja e baixo teor de gorduras saturadas.<\/p>","protected":false},"featured_media":3160,"comment_status":"open","ping_status":"closed","template":"","meta":{"_joinchat":[]},"product_brand":[],"product_cat":[115],"product_tag":[],"class_list":{"0":"post-3159","1":"product","2":"type-product","3":"status-publish","4":"has-post-thumbnail","6":"product_cat-nutricao","8":"first","9":"outofstock","10":"shipping-taxable","11":"purchasable","12":"product-type-simple"},"_links":{"self":[{"href":"https:\/\/www.medideal.com.br\/en\/wp-json\/wp\/v2\/product\/3159","targetHints":{"allow":["GET"]}}],"collection":[{"href":"https:\/\/www.medideal.com.br\/en\/wp-json\/wp\/v2\/product"}],"about":[{"href":"https:\/\/www.medideal.com.br\/en\/wp-json\/wp\/v2\/types\/product"}],"replies":[{"embeddable":true,"href":"https:\/\/www.medideal.com.br\/en\/wp-json\/wp\/v2\/comments?post=3159"}],"wp:featuredmedia":[{"embeddable":true,"href":"https:\/\/www.medideal.com.br\/en\/wp-json\/wp\/v2\/media\/3160"}],"wp:attachment":[{"href":"https:\/\/www.medideal.com.br\/en\/wp-json\/wp\/v2\/media?parent=3159"}],"wp:term":[{"taxonomy":"product_brand","embeddable":true,"href":"https:\/\/www.medideal.com.br\/en\/wp-json\/wp\/v2\/product_brand?post=3159"},{"taxonomy":"product_cat","embeddable":true,"href":"https:\/\/www.medideal.com.br\/en\/wp-json\/wp\/v2\/product_cat?post=3159"},{"taxonomy":"product_tag","embeddable":true,"href":"https:\/\/www.medideal.com.br\/en\/wp-json\/wp\/v2\/product_tag?post=3159"}],"curies":[{"name":"wp","href":"https:\/\/api.w.org\/{rel}","templated":true}]}}