{"id":3157,"date":"2023-12-12T16:05:18","date_gmt":"2023-12-12T19:05:18","guid":{"rendered":"https:\/\/www.medideal.com.br\/?post_type=product&#038;p=3157"},"modified":"2023-12-12T16:05:18","modified_gmt":"2023-12-12T19:05:18","slug":"dieta-trophic-soya-1-2-1000ml","status":"publish","type":"product","link":"https:\/\/www.medideal.com.br\/en\/dieta-trophic-soya-1-2-1000ml\/","title":{"rendered":"Dieta Trophic Soya 1.2 &#8211; 1000ml"},"content":{"rendered":"<p>O Trophic Soya \u00e9 uma dieta enteral polim\u00e9rica, nutricionalmente completa, normocal\u00f3rica e normoprot\u00e9ica, com 100% prote\u00edna de soja e baixo teor de gordura saturada. Dieta normocal\u00f3rica, normoproteica com 1.2 Kcal\/ml.<\/p>\n<h2>Para que serve Trophic Soya?<\/h2>\n<p>Trophic Soya \u00e9 utilizado na recupera\u00e7\u00e3o ou manuten\u00e7\u00e3o do estado nutricional de pacientes.<\/p>\n<p>Al\u00e9m disso, de acordo com Gabriela Souza Vargas, nutricionista da Nova Nutrii, \u201cTrophic Soya proporciona o fortalecimento da massa magra, em fun\u00e7\u00e3o das prote\u00ednas provenientes da soja que traz em sua composi\u00e7\u00e3o\u201d. As prote\u00ednas s\u00e3o fundamentais para a cria\u00e7\u00e3o de massa muscular, da\u00ed sua import\u00e2ncia na dieta de pacientes debilitados. Outra vantagem importante \u00e9 que por conter prote\u00ednas provenientes exclusivamente da soja, o Trophic Soya pode ser utilizado por pacientes que possuem intoler\u00e2ncia \u00e0 lactose.<\/p>\n<h2>Para quem o Trophic Soya \u00e9 indicado?<\/h2>\n<p>Al\u00e9m das indica\u00e7\u00f5es j\u00e1 mencionadas, o Trophic Soya \u00e9 principalmente recomendado para pacientes que apresentam risco nutricional ou situa\u00e7\u00f5es de nutri\u00e7\u00e3o enteral prolongada. Por estarem muito tempo acamados, a massa muscular tende a diminuir, dessa forma o alimento ir\u00e1 proporcionar os nutrientes necess\u00e1rios para sua manuten\u00e7\u00e3o. Ele pode ser indicado para crian\u00e7as acima de 10 anos, adultos e idosos, atendendo assim uma grande faixa et\u00e1ria de pacientes.<\/p>\n<h2>Benef\u00edcios:<\/h2>\n<ul class=\"list-check\">\n<li>Proporciona um bom estado nutricional, por sua f\u00f3rmula conter 100% de prote\u00edna isolada de soja e com baixo teor de gorduras saturadas;<\/li>\n<li>Ideal para pacientes em situa\u00e7\u00e3o de nutri\u00e7\u00e3o enteral prolongada, pois sua composi\u00e7\u00e3o \u00e9 nutricionalmente completa;<\/li>\n<li>\u00c9 uma dieta isenta de sacarose, lactose e gl\u00faten, proporcionando uma alimenta\u00e7\u00e3o saud\u00e1vel ao paciente que possua intoler\u00e2ncia ou alergia a algum desses componentes.<\/li>\n<\/ul>\n<h2>Como tomar o Trophic Soya?<\/h2>\n<ul class=\"list-check\">\n<li>&nbsp;<br \/>\n<h3>Alimenta\u00e7\u00e3o via oral<\/h3>\n<p>&nbsp;<\/p>\n<p>A dieta pode ser ingerida por via oral tanto gelada quanto em temperatura ambiente. Recomenda-se que a quantidade a ser ingerida seja separada em um copo de uso destinado somente a esse fim, para evitar contamina\u00e7\u00f5es.<\/li>\n<li>&nbsp;<br \/>\n<h3>Alimenta\u00e7\u00e3o via sonda<\/h3>\n<p>&nbsp;<\/p>\n<p>A dieta deve ser ingerida em temperatura ambiente. Caso ela esteja refrigerada, ser\u00e1 preciso separar previamente a quantidade que ser\u00e1 utilizada, deixando-a fora da geladeira durante 20 a 30 minutos para que a sua temperatura se iguale naturalmente a do ambiente.<\/li>\n<\/ul>\n<h2>Recomenda\u00e7\u00f5es de uso:<\/h2>\n<p>Nossa nutricionista, Gabriela Souza Vargas, lembra que a quantidade a ser ingerida para cada paciente deve ser indicada por um m\u00e9dico ou nutricionista. A dosagem n\u00e3o deve ser alterada sem a autoriza\u00e7\u00e3o pr\u00e9via de um profissional da sa\u00fade.<\/p>\n<p>\u00c9 bom lembrar que ele n\u00e3o deve ser aquecido, pois isso pode alterar a sua f\u00f3rmula, al\u00e9m de causar perdas nutricionais.<\/p>\n<p>O alimento deve ser conservado em um local fresco e seco. Ap\u00f3s aberto, deve ser mantido fechado sob refrigera\u00e7\u00e3o e deve ser consumido em at\u00e9 24 horas. Ap\u00f3s esse per\u00edodo, o conte\u00fado remanescente dever\u00e1 ser descartado.<\/p>\n<h2>O Trophic Soya possui fibras?<\/h2>\n<p>O Trophic Soya n\u00e3o possui fibras na sua composi\u00e7\u00e3o.<\/p>\n<h2>Principais diferen\u00e7as entre o Trophic Soya e o Trophic Basic:<\/h2>\n<p>O Trophic Soya \u00e9 uma dieta enteral industrializada sem lactose, nutricionalmente completa, normocal\u00f3rica e normoproteica, composta de 100% de prote\u00edna proveniente da soja.<\/p>\n<p><a href=\"https:\/\/www.nutrii.com.br\/trophic-basic-po-800g\">Trophic Basic<\/a>\u00a0tamb\u00e9m \u00e9 uma f\u00f3rmula nutricionalmente completa, normocal\u00f3rica e normoproteica, por\u00e9m sua fonte proteica \u00e9 mista, sendo composta por soja, caseinato de c\u00e1lcio e soro do leite. Esta, por sua vez, \u00e9 uma dieta indicada no caso de pacientes que necessitam consumir uma dieta enteral ou oral, mas que n\u00e3o precisam ingerir um litro dela em um per\u00edodo de 24 horas.<\/p>","protected":false},"excerpt":{"rendered":"<p>O Trophic Soya \u00e9 uma dieta enteral polim\u00e9rica, nutricionalmente completa, normocal\u00f3rica e normoprot\u00e9ica, com 100% prote\u00edna de soja e baixo teor de gordura saturada. Dieta normocal\u00f3rica, normoproteica com 1.2 Kcal\/ml.<\/p>","protected":false},"featured_media":3158,"comment_status":"open","ping_status":"closed","template":"","meta":{"_joinchat":[]},"product_brand":[],"product_cat":[115],"product_tag":[],"class_list":{"0":"post-3157","1":"product","2":"type-product","3":"status-publish","4":"has-post-thumbnail","6":"product_cat-nutricao","8":"first","9":"outofstock","10":"shipping-taxable","11":"purchasable","12":"product-type-simple"},"_links":{"self":[{"href":"https:\/\/www.medideal.com.br\/en\/wp-json\/wp\/v2\/product\/3157","targetHints":{"allow":["GET"]}}],"collection":[{"href":"https:\/\/www.medideal.com.br\/en\/wp-json\/wp\/v2\/product"}],"about":[{"href":"https:\/\/www.medideal.com.br\/en\/wp-json\/wp\/v2\/types\/product"}],"replies":[{"embeddable":true,"href":"https:\/\/www.medideal.com.br\/en\/wp-json\/wp\/v2\/comments?post=3157"}],"wp:featuredmedia":[{"embeddable":true,"href":"https:\/\/www.medideal.com.br\/en\/wp-json\/wp\/v2\/media\/3158"}],"wp:attachment":[{"href":"https:\/\/www.medideal.com.br\/en\/wp-json\/wp\/v2\/media?parent=3157"}],"wp:term":[{"taxonomy":"product_brand","embeddable":true,"href":"https:\/\/www.medideal.com.br\/en\/wp-json\/wp\/v2\/product_brand?post=3157"},{"taxonomy":"product_cat","embeddable":true,"href":"https:\/\/www.medideal.com.br\/en\/wp-json\/wp\/v2\/product_cat?post=3157"},{"taxonomy":"product_tag","embeddable":true,"href":"https:\/\/www.medideal.com.br\/en\/wp-json\/wp\/v2\/product_tag?post=3157"}],"curies":[{"name":"wp","href":"https:\/\/api.w.org\/{rel}","templated":true}]}}