{"id":3153,"date":"2023-12-12T15:49:32","date_gmt":"2023-12-12T18:49:32","guid":{"rendered":"https:\/\/www.medideal.com.br\/?post_type=product&#038;p=3153"},"modified":"2023-12-12T16:08:26","modified_gmt":"2023-12-12T19:08:26","slug":"dieta-trophic-basic-1-2-1000ml","status":"publish","type":"product","link":"https:\/\/www.medideal.com.br\/en\/dieta-trophic-basic-1-2-1000ml\/","title":{"rendered":"Dieta Trophic Basic 1.2 &#8211; 1000ml"},"content":{"rendered":"<p>O Trophic Basic \u00e9 uma dieta enteral polim\u00e9rica para a recupera\u00e7\u00e3o ou manuten\u00e7\u00e3o do estado nutricional de pacientes com dist\u00farbios alimentares, desnutri\u00e7\u00e3o, doen\u00e7as neurol\u00f3gicas ou em recupera\u00e7\u00e3o de enfermidades e cirurgias. Com um mix exclusivo de prote\u00ednas e baixo teor de gordura saturada, a sua f\u00f3rmula cont\u00e9m 1.200 calorias por litro e pode ser consumida por longos per\u00edodos.<\/p>\n<p>AL\u00c9RGICOS: CONT\u00c9M DERIVADOS DO LEITE E SOJA. N\u00c3O CONT\u00c9M GL\u00daTEN E LACTOSE.<\/p>\n<h2>Para que o Trophic Basic serve?<\/h2>\n<p>O Trophic basic \u00e9 uma dieta enteral destinada \u00e0 recupera\u00e7\u00e3o ou manuten\u00e7\u00e3o do estado nutricional de pacientes e pode ser administrado via oral ou via sonda, de acordo com as necessidades que ele possui.<\/p>\n<h2>Linha Trophic Basic:: essencial para uma nutri\u00e7\u00e3o saud\u00e1vel e completa<\/h2>\n<p>Resultado do excelente trabalho desenvolvido pela empresa, a linha Trophic Basic apresenta-se em vers\u00f5es l\u00edquida e em p\u00f3, a linha tem um baixo teor de gordura saturada e um mix exclusivo de prote\u00ednas que ajudam a promover uma nutri\u00e7\u00e3o balanceada.<\/p>\n<p>A sua vers\u00e3o l\u00edquida cont\u00e9m 1.200 calorias por litro e pode ser consumida por longos per\u00edodos. J\u00e1 a f\u00f3rmula em p\u00f3 apresenta a versatilidade de permitir diferentes dilui\u00e7\u00f5es de 1,0 a 1,5 kcal\/ ml.<\/p>\n<p>Ambas s\u00e3o ideais para pacientes com dist\u00farbios alimentares, doen\u00e7as neurol\u00f3gicas ou em recupera\u00e7\u00e3o de enfermidades e cirurgias, que precisam restabelecer o estado nutricional.<\/p>\n<h2>Para quem o Trophic Basic \u00e9 indicado?<\/h2>\n<p>A ingest\u00e3o de Trophic Basic \u00e9 indicada para a melhoria ou manuten\u00e7\u00e3o do estado nutricional de pacientes com dist\u00farbios alimentares, desnutri\u00e7\u00e3o, doen\u00e7as neurol\u00f3gicas ou em recupera\u00e7\u00e3o de enfermidades e cirurgias. Pode ser indicado para crian\u00e7as acima de 10 anos, adultos e idosos, atendendo assim uma grande faixa et\u00e1ria de pacientes.<\/p>\n<h2>O Trophic Basic pode ser consumido por Diab\u00e9ticos?<\/h2>\n<p>Por n\u00e3o apresentar sacarose e nem adi\u00e7\u00e3o de a\u00e7\u00facar na composi\u00e7\u00e3o, o Trophic Basic pode ser utilizado por pacientes diab\u00e9ticos desde que prescrito pelo m\u00e9dico ou nutricionista.<\/p>","protected":false},"excerpt":{"rendered":"<p>O Trophic Basic \u00e9 uma dieta enteral polim\u00e9rica para a recupera\u00e7\u00e3o ou manuten\u00e7\u00e3o do estado nutricional de pacientes com dist\u00farbios alimentares, desnutri\u00e7\u00e3o, doen\u00e7as neurol\u00f3gicas ou em recupera\u00e7\u00e3o de enfermidades e cirurgias.<\/p>","protected":false},"featured_media":3154,"comment_status":"open","ping_status":"closed","template":"","meta":{"_joinchat":[]},"product_brand":[],"product_cat":[115],"product_tag":[],"class_list":{"0":"post-3153","1":"product","2":"type-product","3":"status-publish","4":"has-post-thumbnail","6":"product_cat-nutricao","8":"first","9":"outofstock","10":"shipping-taxable","11":"purchasable","12":"product-type-simple"},"_links":{"self":[{"href":"https:\/\/www.medideal.com.br\/en\/wp-json\/wp\/v2\/product\/3153","targetHints":{"allow":["GET"]}}],"collection":[{"href":"https:\/\/www.medideal.com.br\/en\/wp-json\/wp\/v2\/product"}],"about":[{"href":"https:\/\/www.medideal.com.br\/en\/wp-json\/wp\/v2\/types\/product"}],"replies":[{"embeddable":true,"href":"https:\/\/www.medideal.com.br\/en\/wp-json\/wp\/v2\/comments?post=3153"}],"wp:featuredmedia":[{"embeddable":true,"href":"https:\/\/www.medideal.com.br\/en\/wp-json\/wp\/v2\/media\/3154"}],"wp:attachment":[{"href":"https:\/\/www.medideal.com.br\/en\/wp-json\/wp\/v2\/media?parent=3153"}],"wp:term":[{"taxonomy":"product_brand","embeddable":true,"href":"https:\/\/www.medideal.com.br\/en\/wp-json\/wp\/v2\/product_brand?post=3153"},{"taxonomy":"product_cat","embeddable":true,"href":"https:\/\/www.medideal.com.br\/en\/wp-json\/wp\/v2\/product_cat?post=3153"},{"taxonomy":"product_tag","embeddable":true,"href":"https:\/\/www.medideal.com.br\/en\/wp-json\/wp\/v2\/product_tag?post=3153"}],"curies":[{"name":"wp","href":"https:\/\/api.w.org\/{rel}","templated":true}]}}