{"id":3141,"date":"2023-12-12T15:19:32","date_gmt":"2023-12-12T18:19:32","guid":{"rendered":"https:\/\/www.medideal.com.br\/?post_type=product&#038;p=3141"},"modified":"2024-01-19T11:35:52","modified_gmt":"2024-01-19T14:35:52","slug":"protetor-auricular-silicone-tima","status":"publish","type":"product","link":"https:\/\/www.medideal.com.br\/en\/protetor-auricular-silicone-tima\/","title":{"rendered":"Protetor Auricular Silicone &#8211; Tima"},"content":{"rendered":"<p><span class=\"sc-kpDqfm qhIEo\" data-testid=\"product-detail-title\">Protetor Tamp\u00e3o Auricular Silicone Ouvidos Abafador 06 Unid.<\/span><\/p>\n<div class=\"sc-fqkvVR heuZyN sc-jClOwR csggir\" data-testid=\"product-detail-description\">\n<div class=\"sc-fqkvVR hlqElk sc-fqbHDX hytkOm\" data-testid=\"rich-content-container\">\n<p>Protetor de Ouvido de Silicone &#8211; Tima Ortop\u00e9dicos<\/p>\n<p>Protetor Auricular Silent Silicone Mold\u00e1vel 6 Pares<\/p>\n<p>Os protetores auriculares da marca Tima s\u00e3o produzidos com as melhores mat\u00e9rias primas, e projetados para o seu m\u00e1ximo conforto!<\/p>\n<p>O Protetor Auricular Silicone Tima tem por objetivo isolar seu canal auditivo tanto de \u00e1gua quanto de barulhos altos que possam incomodar.<\/p>\n<p>Indicados para quem faz nata\u00e7\u00e3o, esportes aqu\u00e1ticos e at\u00e9 mesmo para quem busca se divertir na \u00e1gua (tanto no mar quanto em uma piscina), para quem precisa de sil\u00eancio para dormir, trabalhar ou estudar de forma mais concentrada.<\/p>\n<p>A marca Tima \u00e9 uma das pioneiras do ramo dentro do Brasil, em plena expans\u00e3o e no mercado a mais de 1 ano, cada dia cativando mais clientes pela qualidade do produto.<\/p>\n<p>F\u00e1cil e pr\u00e1tico de usar, o Protetor de Ouvido de Silicone Tima evita a entrada de \u00e1gua no canal auditivo durante a pr\u00e1tica de esportes aqu\u00e1ticos e ruidos desagrad\u00e1veis.<\/p>\n<p>Cont\u00e9m 6 protetores de ouvido (3 pares).<\/p>\n<p>COMPOSI\u00c7\u00c3O:<\/p>\n<p>Silicone<\/p>\n<\/div>\n<\/div>","protected":false},"excerpt":{"rendered":"<p><span class=\"sc-kpDqfm qhIEo\" data-testid=\"product-detail-title\">Protetor Tamp\u00e3o Auricular Silicone Ouvidos Abafador 06 Unid.<\/span><\/p>","protected":false},"featured_media":3142,"comment_status":"open","ping_status":"closed","template":"","meta":{"_joinchat":[]},"product_brand":[],"product_cat":[29],"product_tag":[],"class_list":{"0":"post-3141","1":"product","2":"type-product","3":"status-publish","4":"has-post-thumbnail","6":"product_cat-materiais-de-consumo","8":"first","9":"outofstock","10":"shipping-taxable","11":"purchasable","12":"product-type-simple"},"_links":{"self":[{"href":"https:\/\/www.medideal.com.br\/en\/wp-json\/wp\/v2\/product\/3141","targetHints":{"allow":["GET"]}}],"collection":[{"href":"https:\/\/www.medideal.com.br\/en\/wp-json\/wp\/v2\/product"}],"about":[{"href":"https:\/\/www.medideal.com.br\/en\/wp-json\/wp\/v2\/types\/product"}],"replies":[{"embeddable":true,"href":"https:\/\/www.medideal.com.br\/en\/wp-json\/wp\/v2\/comments?post=3141"}],"wp:featuredmedia":[{"embeddable":true,"href":"https:\/\/www.medideal.com.br\/en\/wp-json\/wp\/v2\/media\/3142"}],"wp:attachment":[{"href":"https:\/\/www.medideal.com.br\/en\/wp-json\/wp\/v2\/media?parent=3141"}],"wp:term":[{"taxonomy":"product_brand","embeddable":true,"href":"https:\/\/www.medideal.com.br\/en\/wp-json\/wp\/v2\/product_brand?post=3141"},{"taxonomy":"product_cat","embeddable":true,"href":"https:\/\/www.medideal.com.br\/en\/wp-json\/wp\/v2\/product_cat?post=3141"},{"taxonomy":"product_tag","embeddable":true,"href":"https:\/\/www.medideal.com.br\/en\/wp-json\/wp\/v2\/product_tag?post=3141"}],"curies":[{"name":"wp","href":"https:\/\/api.w.org\/{rel}","templated":true}]}}