{"id":3138,"date":"2023-12-12T15:12:47","date_gmt":"2023-12-12T18:12:47","guid":{"rendered":"https:\/\/www.medideal.com.br\/?post_type=product&#038;p=3138"},"modified":"2025-01-03T16:10:41","modified_gmt":"2025-01-03T19:10:41","slug":"bengala-dobravel-preta-praxis","status":"publish","type":"product","link":"https:\/\/www.medideal.com.br\/en\/bengala-dobravel-preta-praxis\/","title":{"rendered":"Bengala Dobr\u00e1vel Preta &#8211; Praxis"},"content":{"rendered":"<div class=\"descricao-titulo padrao-desc\"><strong>Descri\u00e7\u00e3o<\/strong><\/div>\n<div class=\"box-descricao\">\n<div class=\"span12\">\n<div id=\"smarthint-product-position1\"><\/div>\n<div id=\"blank-product-position1\"><\/div>\n<div class=\"abas-custom\">\n<div class=\"tab-content\">\n<div id=\"descricao\" class=\"tab-pane active\">\n<p>Bengala Ajust\u00e1vel e Dobr\u00e1vel Comfort Praxis<\/p>\n<p>A\u00a0<b>Bengala Ajust\u00e1vel e Dobr\u00e1vel Comfort Praxis<\/b>\u00a0\u00e9 pr\u00e1tica e pode ser facilmente guardada quando n\u00e3o est\u00e1 em uso. Possui acabamento em\u00a0<strong>aluminio e altura regul\u00e1vel.\u00a0<\/strong><\/p>\n<p>Para andar com a bengala corretamente deve-se posicion\u00e1-la no lado oposto da perna machucada, porque ao colocar a bengala no mesmo lado da perna machucada o indiv\u00edduo ir\u00e1 colocar o peso do corpo em cima da bengala, o que est\u00e1 incorreto.<\/p>\n<div>\n<p>A\u00a0<b>Bengala Ajust\u00e1vel e Dobr\u00e1vel Comfort Praxi<\/b>s \u00e9 um\u00a0<strong>apoio extra<\/strong>, que melhora o\u00a0<strong>equil\u00edbrio evitando a queda,<\/strong>\u00a0mas \u00e9 importante que seja usada corretamente para que n\u00e3o cause dor no punho ou no ombro. O uso da bengala \u00e9\u00a0<strong>recomendado para todos os que precisam de mais equil\u00edbrio para se levantar ou andar.<\/strong><\/p>\n<\/div>\n<div>\n<p>Um bom teste para saber se o indiv\u00edduo precisa usar bengala \u00e9 verificar em quanto tempo ele consegue andar 10 metros. O ideal \u00e9 andar 10 metros em 10 segundos ou menos. Se o paciente precisar de mais tempo, \u00e9 recomendado o uso da bengala para proporcionar mais equil\u00edbrio.<\/p>\n<p>Caracter\u00edsticas da Bengala Ajust\u00e1vel e Dobr\u00e1vel Comfort Praxis<\/p>\n<\/div>\n<p>&#8211; Indicado para usu\u00e1rios com altura entre 1,68 m a 1,96 m.<\/p>\n<p>&#8211; Parte met\u00e1lica: alum\u00ednio<\/p>\n<p>&#8211; Apoio de m\u00e3o: polipropileno<\/p>\n<p>&#8211; Ponteira: borracha.<\/p>\n<p>&#8211; Tubo e empunhadura marrons.<\/p>\n<p>&#8211; Acabamento com ponteira de borracha.<\/p>\n<p>&#8211; Empunhadura ergon\u00f4mica.<\/p>\n<p>&#8211; Altura regul\u00e1vel.<\/p>\n<\/div>\n<\/div>\n<\/div>\n<\/div>\n<\/div>","protected":false},"excerpt":{"rendered":"<p>A\u00a0<b>Bengala Ajust\u00e1vel e Dobr\u00e1vel Comfort Praxis<\/b>\u00a0\u00e9 pr\u00e1tica e pode ser facilmente guardada quando n\u00e3o est\u00e1 em uso. Possui acabamento em\u00a0<strong>aluminio e altura regul\u00e1vel.\u00a0<\/strong><\/p>","protected":false},"featured_media":3139,"comment_status":"open","ping_status":"closed","template":"","meta":{"_joinchat":[]},"product_brand":[],"product_cat":[112],"product_tag":[],"class_list":{"0":"post-3138","1":"product","2":"type-product","3":"status-publish","4":"has-post-thumbnail","6":"product_cat-muletas-e-bengalas","8":"first","9":"outofstock","10":"shipping-taxable","11":"purchasable","12":"product-type-simple"},"_links":{"self":[{"href":"https:\/\/www.medideal.com.br\/en\/wp-json\/wp\/v2\/product\/3138","targetHints":{"allow":["GET"]}}],"collection":[{"href":"https:\/\/www.medideal.com.br\/en\/wp-json\/wp\/v2\/product"}],"about":[{"href":"https:\/\/www.medideal.com.br\/en\/wp-json\/wp\/v2\/types\/product"}],"replies":[{"embeddable":true,"href":"https:\/\/www.medideal.com.br\/en\/wp-json\/wp\/v2\/comments?post=3138"}],"wp:featuredmedia":[{"embeddable":true,"href":"https:\/\/www.medideal.com.br\/en\/wp-json\/wp\/v2\/media\/3139"}],"wp:attachment":[{"href":"https:\/\/www.medideal.com.br\/en\/wp-json\/wp\/v2\/media?parent=3138"}],"wp:term":[{"taxonomy":"product_brand","embeddable":true,"href":"https:\/\/www.medideal.com.br\/en\/wp-json\/wp\/v2\/product_brand?post=3138"},{"taxonomy":"product_cat","embeddable":true,"href":"https:\/\/www.medideal.com.br\/en\/wp-json\/wp\/v2\/product_cat?post=3138"},{"taxonomy":"product_tag","embeddable":true,"href":"https:\/\/www.medideal.com.br\/en\/wp-json\/wp\/v2\/product_tag?post=3138"}],"curies":[{"name":"wp","href":"https:\/\/api.w.org\/{rel}","templated":true}]}}