{"id":3132,"date":"2023-12-12T14:57:13","date_gmt":"2023-12-12T17:57:13","guid":{"rendered":"https:\/\/www.medideal.com.br\/?post_type=product&#038;p=3132"},"modified":"2024-01-18T17:11:51","modified_gmt":"2024-01-18T20:11:51","slug":"almofada-distal-para-coto-tima","status":"publish","type":"product","link":"https:\/\/www.medideal.com.br\/en\/almofada-distal-para-coto-tima\/","title":{"rendered":"Almofada Distal para Coto &#8211; TIMA"},"content":{"rendered":"<p>Promove maior comodidade possibilitando melhor adapta\u00e7\u00e3o do usu\u00e1rio \u00e0 utiliza\u00e7\u00e3o da pr\u00f3tese.<\/p>\n<div id=\"tab-label-product.info.aplicacao\" class=\"data item title\"><strong>Aplica\u00e7\u00e3o<\/strong><\/div>\n<div id=\"product.info.aplicacao\" class=\"data item content\" aria-labelledby=\"tab-label-product.info.aplicacao-title\">\n<div class=\"product attribute aplicacao\">\n<p>Almofada que protege e elimina a press\u00e3o e o atrito exercida sobre os cotos em amputados pr\u00f3teses transtibiais e transfemurais.<\/p>\n<ul>\n<li class=\"xmsonormal\">TAMANHO 1 : DIAMETRO 7 CM &#8211; CONCHA RASA &#8211; ALTURA TOTAL DA CONCHA\u00a0 \u00a02 cm<\/li>\n<li class=\"xmsonormal\">TAMANHO 2 : DIAMETRO 8 CM &#8211; CONCHA RASA\u00a0 &#8211;\u00a0 ALTURA DA CONCHA 3 CM<\/li>\n<li class=\"xmsonormal\">TAMANHO 3 : DIAMETRO 9 CM &#8211; CONCHA RASA &#8211; ALTURA DA CONCHA 2 CM<\/li>\n<li class=\"xmsonormal\">TAMANHO 4 : DIAMETRO 10 CM &#8211; CONCHA FUNDA &#8211; ALTURA DA CONCHA 3 CM<\/li>\n<\/ul>\n<\/div>\n<\/div>","protected":false},"excerpt":{"rendered":"<p>Promove maior comodidade possibilitando melhor adapta\u00e7\u00e3o do usu\u00e1rio \u00e0 utiliza\u00e7\u00e3o da pr\u00f3tese.<\/p>","protected":false},"featured_media":3133,"comment_status":"open","ping_status":"closed","template":"","meta":{"_joinchat":[]},"product_brand":[],"product_cat":[25],"product_tag":[],"class_list":{"0":"post-3132","1":"product","2":"type-product","3":"status-publish","4":"has-post-thumbnail","6":"product_cat-ortopedia","8":"first","9":"instock","10":"shipping-taxable","11":"purchasable","12":"product-type-variable"},"_links":{"self":[{"href":"https:\/\/www.medideal.com.br\/en\/wp-json\/wp\/v2\/product\/3132","targetHints":{"allow":["GET"]}}],"collection":[{"href":"https:\/\/www.medideal.com.br\/en\/wp-json\/wp\/v2\/product"}],"about":[{"href":"https:\/\/www.medideal.com.br\/en\/wp-json\/wp\/v2\/types\/product"}],"replies":[{"embeddable":true,"href":"https:\/\/www.medideal.com.br\/en\/wp-json\/wp\/v2\/comments?post=3132"}],"wp:featuredmedia":[{"embeddable":true,"href":"https:\/\/www.medideal.com.br\/en\/wp-json\/wp\/v2\/media\/3133"}],"wp:attachment":[{"href":"https:\/\/www.medideal.com.br\/en\/wp-json\/wp\/v2\/media?parent=3132"}],"wp:term":[{"taxonomy":"product_brand","embeddable":true,"href":"https:\/\/www.medideal.com.br\/en\/wp-json\/wp\/v2\/product_brand?post=3132"},{"taxonomy":"product_cat","embeddable":true,"href":"https:\/\/www.medideal.com.br\/en\/wp-json\/wp\/v2\/product_cat?post=3132"},{"taxonomy":"product_tag","embeddable":true,"href":"https:\/\/www.medideal.com.br\/en\/wp-json\/wp\/v2\/product_tag?post=3132"}],"curies":[{"name":"wp","href":"https:\/\/api.w.org\/{rel}","templated":true}]}}